{"id":139,"date":"2020-01-14T10:59:51","date_gmt":"2020-01-14T10:59:51","guid":{"rendered":"https:\/\/smartal.ee\/?page_id=139"},"modified":"2025-08-06T23:10:47","modified_gmt":"2025-08-06T20:10:47","slug":"hinnaparing","status":"publish","type":"page","link":"https:\/\/smartal.ee\/ru\/sample-page\/epood\/hinnaparing\/","title":{"rendered":"HINNAP\u00c4RING"},"content":{"rendered":"<h2 class=\"wp-block-heading\">K\u00fcsi lisainfot v\u00f5i hinnapakkumist<\/h2>\n\n\n\n<p>Vastame p\u00e4ringutele kiirelt. Kui te soovite teada oma soovile v\u00f5i projektile hinda, siis palun j\u00e4tke oma kontakt ja kirjutage paari s\u00f5naga oma soovist. Edasi saame teile pakkuda juba konkreetse hinna ja lahenduse.<\/p>\n\n\n\n<p class=\"has-black-color has-white-background-color has-text-color has-background\">Palun saatke oma p\u00e4ring aadressile:   <a href=\"mailto:aplehhanov@gmail.com\">info@smartal.ee<\/a>  <\/p>\n\n\n\n<p class=\"has-white-color has-vivid-cyan-blue-background-color has-text-color has-background\">V\u00f5i helistage:  Tel. 55692270 <\/p>\n\n\n<div class=\"wp-block-image\">\n<figure class=\"aligncenter\"><img fetchpriority=\"high\" decoding=\"async\" width=\"500\" height=\"500\" src=\"https:\/\/smartal.ee\/wp-content\/uploads\/2020\/01\/1-2.png\" alt=\"\" class=\"wp-image-183\" srcset=\"https:\/\/smartal.ee\/wp-content\/uploads\/2020\/01\/1-2.png 500w, https:\/\/smartal.ee\/wp-content\/uploads\/2020\/01\/1-2-200x200.png 200w, https:\/\/smartal.ee\/wp-content\/uploads\/2020\/01\/1-2-100x100.png 100w, https:\/\/smartal.ee\/wp-content\/uploads\/2020\/01\/1-2-300x300.png 300w, https:\/\/smartal.ee\/wp-content\/uploads\/2020\/01\/1-2-150x150.png 150w\" sizes=\"(max-width: 500px) 100vw, 500px\" \/><\/figure>\n<\/div>","protected":false},"excerpt":{"rendered":"<p>K\u00fcsi lisainfot v\u00f5i hinnapakkumist Vastame p\u00e4ringutele kiirelt. Kui te soovite teada oma soovile v\u00f5i projektile hinda, siis palun j\u00e4tke oma kontakt ja kirjutage paari s\u00f5naga oma soovist. Edasi saame teile pakkuda juba konkreetse hinna ja lahenduse. Palun saatke oma p\u00e4ring aadressile: info@smartal.ee V\u00f5i helistage: Tel. 55692270<\/p>","protected":false},"author":1,"featured_media":0,"parent":357,"menu_order":4,"comment_status":"closed","ping_status":"closed","template":"page-template\/ibtana-page-template.php","meta":{"_regular_price":[],"currency_symbol":[],"ub_ctt_via":"","footnotes":""},"class_list":["post-139","page","type-page","status-publish","hentry"],"post_slider_layout_featured_media_urls":{"thumbnail":"","post_slider_layout_landscape_large":"","post_slider_layout_portrait_large":"","post_slider_layout_square_large":"","post_slider_layout_landscape":"","post_slider_layout_portrait":"","post_slider_layout_square":"","full":""},"featured_image_src":null,"_links":{"self":[{"href":"https:\/\/smartal.ee\/ru\/wp-json\/wp\/v2\/pages\/139","targetHints":{"allow":["GET"]}}],"collection":[{"href":"https:\/\/smartal.ee\/ru\/wp-json\/wp\/v2\/pages"}],"about":[{"href":"https:\/\/smartal.ee\/ru\/wp-json\/wp\/v2\/types\/page"}],"author":[{"embeddable":true,"href":"https:\/\/smartal.ee\/ru\/wp-json\/wp\/v2\/users\/1"}],"replies":[{"embeddable":true,"href":"https:\/\/smartal.ee\/ru\/wp-json\/wp\/v2\/comments?post=139"}],"version-history":[{"count":11,"href":"https:\/\/smartal.ee\/ru\/wp-json\/wp\/v2\/pages\/139\/revisions"}],"predecessor-version":[{"id":7679,"href":"https:\/\/smartal.ee\/ru\/wp-json\/wp\/v2\/pages\/139\/revisions\/7679"}],"up":[{"embeddable":true,"href":"https:\/\/smartal.ee\/ru\/wp-json\/wp\/v2\/pages\/357"}],"wp:attachment":[{"href":"https:\/\/smartal.ee\/ru\/wp-json\/wp\/v2\/media?parent=139"}],"curies":[{"name":"wp","href":"https:\/\/api.w.org\/{rel}","templated":true}]}}