{"id":187,"date":"2020-01-15T13:51:57","date_gmt":"2020-01-15T13:51:57","guid":{"rendered":"https:\/\/smartal.ee\/?page_id=187"},"modified":"2025-08-06T23:47:30","modified_gmt":"2025-08-06T20:47:30","slug":"aspiratsioon","status":"publish","type":"page","link":"https:\/\/smartal.ee\/ru\/sample-page\/aspiratsioon\/","title":{"rendered":"ASPIRATSIOON"},"content":{"rendered":"<p class=\"has-white-color has-luminous-vivid-orange-background-color has-text-color has-background has-large-font-size\">T\u00d6\u00d6STUSLIKUD TOLMUIMEJAD  <\/p>\n\n\n\n<ul class=\"wp-block-list\">\n<li class=\"has-medium-font-size\">Sile torustik<\/li>\n\n\n\n<li class=\"has-medium-font-size\">T\u00f6\u00f6stuslikud antistaatilised tolmuimejad ja trummi kassetid, suru\u00f5huvoolikud, ka liitmikud<\/li>\n\n\n\n<li class=\"has-medium-font-size\">ATEX seadmed: Valgustid, El. mootorid, Reduktorid<\/li>\n\n\n\n<li class=\"has-medium-font-size\">T\u00f6\u00f6koja ja t\u00f6\u00f6stuse koht\u00e4rat\u00f5mme<\/li>\n\n\n\n<li class=\"has-medium-font-size\">Elektri- ja \u00f5hu ajamid, siibrid<\/li>\n\n\n\n<li class=\"has-medium-font-size\">\u00d5huionisaatorid<\/li>\n\n\n\n<li class=\"has-medium-font-size\">Sagedusmuundurid IP67 kaitseklassiga<\/li>\n<\/ul>\n\n\n\n<p><\/p>\n\n\n\n<figure class=\"wp-block-image size-full is-style-rounded\"><img fetchpriority=\"high\" decoding=\"async\" width=\"745\" height=\"120\" src=\"https:\/\/smartal.ee\/wp-content\/uploads\/2021\/02\/mainimg-6.jpg\" alt=\"\" class=\"wp-image-781\" srcset=\"https:\/\/smartal.ee\/wp-content\/uploads\/2021\/02\/mainimg-6.jpg 745w, https:\/\/smartal.ee\/wp-content\/uploads\/2021\/02\/mainimg-6-200x32.jpg 200w, https:\/\/smartal.ee\/wp-content\/uploads\/2021\/02\/mainimg-6-300x48.jpg 300w\" sizes=\"(max-width: 745px) 100vw, 745px\" \/><\/figure>\n\n\n\n<p><\/p>","protected":false},"excerpt":{"rendered":"<p>T\u00d6\u00d6STUSLIKUD TOLMUIMEJAD<\/p>","protected":false},"author":1,"featured_media":0,"parent":2,"menu_order":8,"comment_status":"closed","ping_status":"closed","template":"page-template\/ibtana-page-template.php","meta":{"_regular_price":[],"currency_symbol":[],"ub_ctt_via":"","footnotes":""},"class_list":["post-187","page","type-page","status-publish","hentry"],"post_slider_layout_featured_media_urls":{"thumbnail":"","post_slider_layout_landscape_large":"","post_slider_layout_portrait_large":"","post_slider_layout_square_large":"","post_slider_layout_landscape":"","post_slider_layout_portrait":"","post_slider_layout_square":"","full":""},"featured_image_src":null,"_links":{"self":[{"href":"https:\/\/smartal.ee\/ru\/wp-json\/wp\/v2\/pages\/187","targetHints":{"allow":["GET"]}}],"collection":[{"href":"https:\/\/smartal.ee\/ru\/wp-json\/wp\/v2\/pages"}],"about":[{"href":"https:\/\/smartal.ee\/ru\/wp-json\/wp\/v2\/types\/page"}],"author":[{"embeddable":true,"href":"https:\/\/smartal.ee\/ru\/wp-json\/wp\/v2\/users\/1"}],"replies":[{"embeddable":true,"href":"https:\/\/smartal.ee\/ru\/wp-json\/wp\/v2\/comments?post=187"}],"version-history":[{"count":12,"href":"https:\/\/smartal.ee\/ru\/wp-json\/wp\/v2\/pages\/187\/revisions"}],"predecessor-version":[{"id":7705,"href":"https:\/\/smartal.ee\/ru\/wp-json\/wp\/v2\/pages\/187\/revisions\/7705"}],"up":[{"embeddable":true,"href":"https:\/\/smartal.ee\/ru\/wp-json\/wp\/v2\/pages\/2"}],"wp:attachment":[{"href":"https:\/\/smartal.ee\/ru\/wp-json\/wp\/v2\/media?parent=187"}],"curies":[{"name":"wp","href":"https:\/\/api.w.org\/{rel}","templated":true}]}}