{"id":4123,"date":"2023-08-03T09:16:13","date_gmt":"2023-08-03T09:16:13","guid":{"rendered":"https:\/\/smartal.ee\/?page_id=4123"},"modified":"2025-08-07T00:12:35","modified_gmt":"2025-08-06T21:12:35","slug":"andmekaitsetingimused","status":"publish","type":"page","link":"https:\/\/smartal.ee\/ru\/ettevottest\/andmekaitsetingimused\/","title":{"rendered":"K\u00dcPSISTE KASUTAMISE"},"content":{"rendered":"<p class=\"has-white-color has-luminous-vivid-orange-background-color has-text-color has-background has-link-color has-medium-font-size wp-elements-3a1723993100fe430f8d7cd08fa47bdd\">K\u00dcPSISTE KASUTAMISE<\/p>\n\n\n\n<p>K\u00dcPSISTE KASUTAMISE P\u00d5HIM\u00d5TTED<\/p>\n\n\n\n<p>K\u00e4esolevad k\u00fcpsiste kasutamise p\u00f5him\u00f5tted on koostatud EUROOPA PARLAMENDI JA N\u00d5UKOGU M\u00c4\u00c4RUSEST (EL) 2016\/679 l\u00e4htuvalt ning reguleerivad Smartal Engineeringi poolt k\u00fcpsiste kasutamist.<br><\/p>\n\n\n\n<p>M\u00d5ISTED<\/p>\n\n\n\n<p>K\u00fcpsis on tekstifail, mille salvestame sinu seadme (nt arvuti, mobiiltelefoni, tahvelarvuti) veebilehitsejasse ainult siis, kui k\u00fclastad Smartal Engineeringi veebilehte. Kasutame k\u00fcpsiseid \u00fcksnes selleks, et Smartal Engineeringi veebileht toimiks paremini ja t\u00f5husamalt.<br><\/p>\n\n\n\n<p>K\u00dcPSISTE KASUTAMISE EESM\u00c4RGID<br>K\u00fcpsised aitavad:<\/p>\n\n\n\n<ol class=\"wp-block-list\">\n<li>parandada Smartal Engineeringi veebilehe kiirust ja turvalisust<\/li>\n\n\n\n<li>Smartal Engineeringi veebilehe sisu sotsiaalmeedias h\u00f5lpsamini jagada (Facebook\/Instagram)<\/li>\n\n\n\n<li>plaanida veebilehe parandusi ja arendusi<\/li>\n\n\n\n<li>muuta Smartal Engineeringi pakkumisi ja turundusteateid sinu vajadustele sobivamaks<\/li>\n<\/ol>\n\n\n\n<p><\/p>\n\n\n\n<p>MILLISEID K\u00dcPSISEID JA MILLISTEL EESM\u00c4RKIDEL KASUTAME<\/p>\n\n\n\n<p>Kasutame mitut liiki k\u00fcpsiseid, mis erinevad omavahel kasutuseesm\u00e4rgi ja talletamisaja poolest. Teenuste t\u00e4iustamiseks v\u00f5ime k\u00fcpsiste kasutamist muuta.<\/p>\n\n\n\n<p>Allpool olevas tabelis on loetletud meie poolt kogutavad \u201ek\u00fcpsised\u201c ning millist teavet need salvestavad.<\/p>\n\n\n\n<figure class=\"wp-block-image size-full\"><img fetchpriority=\"high\" decoding=\"async\" width=\"1004\" height=\"704\" src=\"https:\/\/smartal.ee\/wp-content\/uploads\/2023\/08\/Untitled.jpg\" alt=\"\" class=\"wp-image-4138\" srcset=\"https:\/\/smartal.ee\/wp-content\/uploads\/2023\/08\/Untitled.jpg 1004w, https:\/\/smartal.ee\/wp-content\/uploads\/2023\/08\/Untitled-200x140.jpg 200w, https:\/\/smartal.ee\/wp-content\/uploads\/2023\/08\/Untitled-300x210.jpg 300w, https:\/\/smartal.ee\/wp-content\/uploads\/2023\/08\/Untitled-768x539.jpg 768w\" sizes=\"(max-width: 1004px) 100vw, 1004px\" \/><\/figure>\n\n\n\n<p>Kolmandate poolte funktsioonid<br>K\u00fcpsiseid kasutatakse meie veebilehtedel, et pakkuda paremat kasutajakogemust. Meie k\u00fcpsised v\u00f5ivad olla loodud erinevate teenusepakkujate poolt, kes aitavad meil oma veebiteenuseid edendada. Sellised pakkujad on n\u00e4iteks Google, Facebook.<\/p>\n\n\n\n<p>Meie veebilehtede kasutajad loetakse k\u00fcpsistega n\u00f5ustunuks, kui nende veebilehitseja seadistustes on k\u00fcpsised lubatud. Sa saad alati ise otsustada, kas k\u00fcpsised oma veebilehitsejas lubada v\u00f5i mitte. Kui sa k\u00fcpsiseid ei soovi, v\u00f5id seadistada oma veebilehitseja nii, et see keelab automaatselt k\u00fcpsised \u00e4ra v\u00f5i teatab sulle iga kord, kui veebileht palub luba k\u00fcpsise lisamiseks. Vajalike seadistuste tegemiseks palun vaata oma veebilehitseja abi funktsiooni.<\/p>\n\n\n\n<p>Facebooki k\u00fcpsiste tingimustega saad tutvuda siin: <a href=\"https:\/\/www.facebook.com\/policies\/cookies\/\">https:\/\/www.facebook.com\/policies\/cookies\/<\/a><\/p>\n\n\n\n<p>Google\u2019i k\u00fcpsiste tingimustega saad tutvuda siin: <a href=\"https:\/\/www.google.com\/policies\/technologies\/cookies\/\">https:\/\/www.google.com\/policies\/technologies\/cookies\/<\/a><\/p>\n\n\n\n<p>K\u00dcPSISTE HALDAMINE JA KUSTUTAMINE<\/p>\n\n\n\n<p>K\u00fcpsised, mis on rangelt vajalikud, k\u00e4ivad alati kaasas meie veebilehe kasutamisega. Kasutaja keeldumisel ei ole v\u00f5imalik ennustada, kuidas veebileht edasi t\u00f6\u00f6tab.<\/p>\n\n\n\n<p>Palun vaata funktsionaalsusk\u00fcpsiste ja sihip\u00e4raste k\u00fcpsiste kasutamist oma veebilehitseja seadetest: <a href=\"http:\/\/et.wondershare.com\/recover-data\/delete-cookies-from-web-browser.html.\">http:\/\/et.wondershare.com\/recover-data\/delete-cookies-from-web-browser.html.<\/a><\/p>\n\n\n\n<p>K\u00fcpsiste kustutamisel v\u00f5i keelamisel v\u00f5id kaotada juurdep\u00e4\u00e4su m\u00f5nele Smartal Engineeringi veebilehe funktsioonile ja alalehele. K\u00fcpsiste seadete muutmine m\u00f5jutab k\u00f5iki veebilehti, mida k\u00fclastad.<\/p>\n\n\n\n<p>Oluline on, et kui k\u00fcpsise blokeerimiseks kasutada kolmanda isiku loobumislinki, ei pruugi see k\u00fcpsist sinu lehitsejast kustutada, vaid lihtsalt blokeerib selle edasise kasutamise. Kui soovid kindlat k\u00fcpsist kustutada, tuleb seda oma lehitsejas ise teha.<\/p>\n\n\n\n<p><\/p>","protected":false},"excerpt":{"rendered":"<p>K\u00dcPSISTE KASUTAMISE K\u00dcPSISTE KASUTAMISE P\u00d5HIM\u00d5TTED K\u00e4esolevad k\u00fcpsiste kasutamise p\u00f5him\u00f5tted on koostatud EUROOPA PARLAMENDI JA N\u00d5UKOGU M\u00c4\u00c4RUSEST (EL) 2016\/679 l\u00e4htuvalt ning reguleerivad Smartal Engineeringi poolt k\u00fcpsiste kasutamist. M\u00d5ISTED K\u00fcpsis on tekstifail, mille salvestame sinu seadme (nt arvuti, mobiiltelefoni, tahvelarvuti) veebilehitsejasse ainult siis, kui k\u00fclastad Smartal Engineeringi veebilehte. Kasutame k\u00fcpsiseid \u00fcksnes selleks, et Smartal Engineeringi veebileht toimiks [&hellip;]<\/p>","protected":false},"author":1,"featured_media":0,"parent":7031,"menu_order":0,"comment_status":"closed","ping_status":"closed","template":"page-template\/ibtana-page-template.php","meta":{"_regular_price":[],"currency_symbol":[],"ub_ctt_via":"","footnotes":""},"class_list":["post-4123","page","type-page","status-publish","hentry"],"post_slider_layout_featured_media_urls":{"thumbnail":"","post_slider_layout_landscape_large":"","post_slider_layout_portrait_large":"","post_slider_layout_square_large":"","post_slider_layout_landscape":"","post_slider_layout_portrait":"","post_slider_layout_square":"","full":""},"featured_image_src":null,"_links":{"self":[{"href":"https:\/\/smartal.ee\/ru\/wp-json\/wp\/v2\/pages\/4123","targetHints":{"allow":["GET"]}}],"collection":[{"href":"https:\/\/smartal.ee\/ru\/wp-json\/wp\/v2\/pages"}],"about":[{"href":"https:\/\/smartal.ee\/ru\/wp-json\/wp\/v2\/types\/page"}],"author":[{"embeddable":true,"href":"https:\/\/smartal.ee\/ru\/wp-json\/wp\/v2\/users\/1"}],"replies":[{"embeddable":true,"href":"https:\/\/smartal.ee\/ru\/wp-json\/wp\/v2\/comments?post=4123"}],"version-history":[{"count":7,"href":"https:\/\/smartal.ee\/ru\/wp-json\/wp\/v2\/pages\/4123\/revisions"}],"predecessor-version":[{"id":7727,"href":"https:\/\/smartal.ee\/ru\/wp-json\/wp\/v2\/pages\/4123\/revisions\/7727"}],"up":[{"embeddable":true,"href":"https:\/\/smartal.ee\/ru\/wp-json\/wp\/v2\/pages\/7031"}],"wp:attachment":[{"href":"https:\/\/smartal.ee\/ru\/wp-json\/wp\/v2\/media?parent=4123"}],"curies":[{"name":"wp","href":"https:\/\/api.w.org\/{rel}","templated":true}]}}