{"id":52,"date":"2020-01-14T08:04:47","date_gmt":"2020-01-14T08:04:47","guid":{"rendered":"https:\/\/smartal.ee\/?page_id=52"},"modified":"2025-08-06T23:58:53","modified_gmt":"2025-08-06T20:58:53","slug":"termopildistamine","status":"publish","type":"page","link":"https:\/\/smartal.ee\/ru\/sample-page\/termopildistamine\/","title":{"rendered":"V\u00d5RGUANALISAATORIGA JA TERMOKAAMERAGA M\u00d5\u00d5TMISED"},"content":{"rendered":"<p class=\"has-white-color has-luminous-vivid-orange-background-color has-text-color has-background has-link-color has-large-font-size wp-elements-81bd57dbf4c4ed9955cb87facc2600b0\">V\u00d5RGUANALISAATORIGA JA TERMOKAAMERAGA M\u00d5\u00d5TMISED<\/p>\n\n\n\n<ul class=\"wp-block-list\">\n<li>V\u00f5rguanal\u00fc\u00fcs: annab \u00fclevaade elektritarbimist pinge ja voolu h\u00fcppe.  Faaside koormus ja tarbimine enne ja p\u00e4rast.<\/li>\n\n\n\n<li>Mootorite kontroll: isolatsiooni ja m\u00e4hise kontroll<\/li>\n\n\n\n<li>Termopildistamine: n\u00e4itab, kas kaabel ja kaitse vastab koormusele<\/li>\n<\/ul>\n\n\n\n<div class=\"wp-block-group\"><div class=\"wp-block-group__inner-container is-layout-flow wp-block-group-is-layout-flow\"><\/div><\/div>\n\n\n\n<figure class=\"wp-block-gallery has-nested-images columns-default wp-block-gallery-1 is-layout-flex wp-block-gallery-is-layout-flex\">\n<figure class=\"wp-block-image size-large\"><img fetchpriority=\"high\" decoding=\"async\" width=\"320\" height=\"240\" data-id=\"486\" src=\"https:\/\/smartal.ee\/wp-content\/uploads\/2020\/11\/IR_00208.jpg\" alt=\"\" class=\"wp-image-486\" srcset=\"https:\/\/smartal.ee\/wp-content\/uploads\/2020\/11\/IR_00208.jpg 320w, https:\/\/smartal.ee\/wp-content\/uploads\/2020\/11\/IR_00208-200x150.jpg 200w, https:\/\/smartal.ee\/wp-content\/uploads\/2020\/11\/IR_00208-300x225.jpg 300w\" sizes=\"(max-width: 320px) 100vw, 320px\" \/><\/figure>\n\n\n\n<figure class=\"wp-block-image size-large\"><img decoding=\"async\" width=\"320\" height=\"240\" data-id=\"488\" src=\"https:\/\/smartal.ee\/wp-content\/uploads\/2020\/11\/IR_00210-1.jpg\" alt=\"\" class=\"wp-image-488\" srcset=\"https:\/\/smartal.ee\/wp-content\/uploads\/2020\/11\/IR_00210-1.jpg 320w, https:\/\/smartal.ee\/wp-content\/uploads\/2020\/11\/IR_00210-1-200x150.jpg 200w, https:\/\/smartal.ee\/wp-content\/uploads\/2020\/11\/IR_00210-1-300x225.jpg 300w\" sizes=\"(max-width: 320px) 100vw, 320px\" \/><\/figure>\n\n\n\n<figure class=\"wp-block-image size-large\"><img decoding=\"async\" width=\"320\" height=\"240\" data-id=\"489\" src=\"https:\/\/smartal.ee\/wp-content\/uploads\/2020\/11\/IR_00211.jpg\" alt=\"\" class=\"wp-image-489\" srcset=\"https:\/\/smartal.ee\/wp-content\/uploads\/2020\/11\/IR_00211.jpg 320w, https:\/\/smartal.ee\/wp-content\/uploads\/2020\/11\/IR_00211-200x150.jpg 200w, https:\/\/smartal.ee\/wp-content\/uploads\/2020\/11\/IR_00211-300x225.jpg 300w\" sizes=\"(max-width: 320px) 100vw, 320px\" \/><\/figure>\n<\/figure>\n\n\n\n<figure class=\"wp-block-gallery has-nested-images columns-default wp-block-gallery-2 is-layout-flex wp-block-gallery-is-layout-flex\"><\/figure>","protected":false},"excerpt":{"rendered":"<p>V\u00d5RGUANALISAATORIGA JA TERMOKAAMERAGA M\u00d5\u00d5TMISED<\/p>","protected":false},"author":1,"featured_media":0,"parent":2,"menu_order":4,"comment_status":"closed","ping_status":"closed","template":"page-template\/ibtana-page-template.php","meta":{"_regular_price":[],"currency_symbol":[],"ub_ctt_via":"","footnotes":""},"class_list":["post-52","page","type-page","status-publish","hentry"],"post_slider_layout_featured_media_urls":{"thumbnail":"","post_slider_layout_landscape_large":"","post_slider_layout_portrait_large":"","post_slider_layout_square_large":"","post_slider_layout_landscape":"","post_slider_layout_portrait":"","post_slider_layout_square":"","full":""},"featured_image_src":null,"_links":{"self":[{"href":"https:\/\/smartal.ee\/ru\/wp-json\/wp\/v2\/pages\/52","targetHints":{"allow":["GET"]}}],"collection":[{"href":"https:\/\/smartal.ee\/ru\/wp-json\/wp\/v2\/pages"}],"about":[{"href":"https:\/\/smartal.ee\/ru\/wp-json\/wp\/v2\/types\/page"}],"author":[{"embeddable":true,"href":"https:\/\/smartal.ee\/ru\/wp-json\/wp\/v2\/users\/1"}],"replies":[{"embeddable":true,"href":"https:\/\/smartal.ee\/ru\/wp-json\/wp\/v2\/comments?post=52"}],"version-history":[{"count":15,"href":"https:\/\/smartal.ee\/ru\/wp-json\/wp\/v2\/pages\/52\/revisions"}],"predecessor-version":[{"id":7714,"href":"https:\/\/smartal.ee\/ru\/wp-json\/wp\/v2\/pages\/52\/revisions\/7714"}],"up":[{"embeddable":true,"href":"https:\/\/smartal.ee\/ru\/wp-json\/wp\/v2\/pages\/2"}],"wp:attachment":[{"href":"https:\/\/smartal.ee\/ru\/wp-json\/wp\/v2\/media?parent=52"}],"curies":[{"name":"wp","href":"https:\/\/api.w.org\/{rel}","templated":true}]}}