{"id":7003,"date":"2024-11-11T23:23:28","date_gmt":"2024-11-11T20:23:28","guid":{"rendered":"https:\/\/smartal.ee\/?page_id=7003"},"modified":"2025-08-06T23:06:55","modified_gmt":"2025-08-06T20:06:55","slug":"juhtpohimotted","status":"publish","type":"page","link":"https:\/\/smartal.ee\/ru\/ettevottest\/juhtpohimotted\/","title":{"rendered":"JUHTP\u00d5HIM\u00d5TTED"},"content":{"rendered":"<p><\/p>\n\n\n\n<h2 class=\"wp-block-heading has-white-color has-luminous-vivid-orange-background-color has-text-color has-background has-link-color wp-elements-60de73f62a0801e9b19976c7edda16a4\"><strong>Smartal Engineering O\u00dc on ISO 9001:2015 kvaliteedi- ja ISO 14001:2015 keskkonnajuhtimiss\u00fcsteemi sertifitseeritud ettev\u00f5te.<\/strong> <\/h2>\n\n\n\n<h2 class=\"wp-block-heading\"><strong>Kliendid&nbsp;<\/strong><\/h2>\n\n\n\n<p>Meie eesm\u00e4rk on pakkuda kliendile kvaliteetseid tooteid ja teenuseid, uusi teadmisi ja kasulikke n\u00f5uandeid tehniliste probleemide lahendamiseks. Me panustame pikaajalistele kliendisuhetele.<\/p>\n\n\n\n<p>Suhtleme arusaadavalt ja viivitamata, t\u00e4idame alati ja t\u00e4pselt k\u00f5ik kokkulepped. See teeb meiega t\u00f6\u00f6tamise lihtsaks ja meeldivaks.&nbsp;<\/p>\n\n\n\n<p>Vastutame kogu protsessi eest \u2013 see on kliendile arusaadav, kiire ja lihtne. Meie tooted ja teenused vastavad alati kohalduvate standardite ja seadusandluse n\u00f5uetele. Oleme selleks juurutanud kvaliteedijuhtimiss\u00fcsteemi ja hankinud aastate jooksul hulgaliselt kogemusi ja teadmisi.&nbsp;<\/p>\n\n\n\n<h2 class=\"wp-block-heading\"><strong>Koost\u00f6\u00f6partnerid<\/strong><\/h2>\n\n\n\n<p>Teeme koost\u00f6\u00f6d vaid oma ala parimatega \u2013 meie ootused neile on sama k\u00f5rged kui standardid, mille j\u00e4rgi ise tegutseme.<\/p>\n\n\n\n<p>Pikaajaline ja usalduslik koost\u00f6\u00f6 on k\u00f5ikidele osapooltele kasulik.<\/p>\n\n\n\n<h2 class=\"wp-block-heading\"><strong>Meeskond<\/strong><\/h2>\n\n\n\n<p>Oleme oma ala eksperdid, kui ei oska, siis \u00f5pime juurde.&nbsp;<\/p>\n\n\n\n<p>Aus konkurents ja usaldusv\u00e4\u00e4rsus on meie meeskonnale olulised.<\/p>\n\n\n\n<p>Oleme meeskonnana \u00fcks tervik meie klientide soovide t\u00e4itmisel!<\/p>\n\n\n\n<h2 class=\"wp-block-heading\"><strong>Keskkond<\/strong><\/h2>\n\n\n\n<p>T\u00f6\u00f6tame selle nimel, et meie tegevused vastaksid seaduslikele n\u00f5uetele, oleksid t\u00f5husad ja kasutaksid k\u00f5iki ressursse v\u00f5imalikult optimaalselt. Nii saame kaitsta keskkonda, v\u00e4ltida saastamist ja olla keskkonnaalaselt j\u00e4rjest tulemuslikumad.<\/p>","protected":false},"excerpt":{"rendered":"<p>Smartal Engineering O\u00dc on ISO 9001:2015 kvaliteedi- ja ISO 14001:2015 keskkonnajuhtimiss\u00fcsteemi sertifitseeritud ettev\u00f5te. Kliendid&nbsp; Meie eesm\u00e4rk on pakkuda kliendile kvaliteetseid tooteid ja teenuseid, uusi teadmisi ja kasulikke n\u00f5uandeid tehniliste probleemide lahendamiseks. Me panustame pikaajalistele kliendisuhetele. Suhtleme arusaadavalt ja viivitamata, t\u00e4idame alati ja t\u00e4pselt k\u00f5ik kokkulepped. See teeb meiega t\u00f6\u00f6tamise lihtsaks ja meeldivaks.&nbsp; Vastutame kogu protsessi [&hellip;]<\/p>","protected":false},"author":1,"featured_media":0,"parent":7031,"menu_order":0,"comment_status":"closed","ping_status":"closed","template":"page-template\/ibtana-page-template.php","meta":{"_regular_price":[],"currency_symbol":[],"ub_ctt_via":"","footnotes":""},"class_list":["post-7003","page","type-page","status-publish","hentry"],"post_slider_layout_featured_media_urls":{"thumbnail":"","post_slider_layout_landscape_large":"","post_slider_layout_portrait_large":"","post_slider_layout_square_large":"","post_slider_layout_landscape":"","post_slider_layout_portrait":"","post_slider_layout_square":"","full":""},"featured_image_src":null,"_links":{"self":[{"href":"https:\/\/smartal.ee\/ru\/wp-json\/wp\/v2\/pages\/7003","targetHints":{"allow":["GET"]}}],"collection":[{"href":"https:\/\/smartal.ee\/ru\/wp-json\/wp\/v2\/pages"}],"about":[{"href":"https:\/\/smartal.ee\/ru\/wp-json\/wp\/v2\/types\/page"}],"author":[{"embeddable":true,"href":"https:\/\/smartal.ee\/ru\/wp-json\/wp\/v2\/users\/1"}],"replies":[{"embeddable":true,"href":"https:\/\/smartal.ee\/ru\/wp-json\/wp\/v2\/comments?post=7003"}],"version-history":[{"count":7,"href":"https:\/\/smartal.ee\/ru\/wp-json\/wp\/v2\/pages\/7003\/revisions"}],"predecessor-version":[{"id":7449,"href":"https:\/\/smartal.ee\/ru\/wp-json\/wp\/v2\/pages\/7003\/revisions\/7449"}],"up":[{"embeddable":true,"href":"https:\/\/smartal.ee\/ru\/wp-json\/wp\/v2\/pages\/7031"}],"wp:attachment":[{"href":"https:\/\/smartal.ee\/ru\/wp-json\/wp\/v2\/media?parent=7003"}],"curies":[{"name":"wp","href":"https:\/\/api.w.org\/{rel}","templated":true}]}}