{"id":7031,"date":"2024-11-21T13:53:56","date_gmt":"2024-11-21T10:53:56","guid":{"rendered":"https:\/\/smartal.ee\/?page_id=7031"},"modified":"2026-03-19T16:57:30","modified_gmt":"2026-03-19T13:57:30","slug":"ettevottest","status":"publish","type":"page","link":"https:\/\/smartal.ee\/ru\/ettevottest\/","title":{"rendered":"ETTEV\u00d5TTEST"},"content":{"rendered":"<p class=\"has-white-color has-luminous-vivid-orange-background-color has-text-color has-background has-link-color has-medium-font-size wp-elements-0e4ee56a546784d24d23406dbc38faec\">ETTEV\u00d5TTEST<\/p>\n\n\n\n<p class=\"has-medium-font-size\">Smartal Engineering O\u00dc pakub klientidele kvaliteetseid teenuseid ja terviklikke lahendusi. Meie p\u00e4dev meeskond koosneb k\u00f5rgharidusega spetsialistidest, kellel on \u00fcle 15 aasta insenerikogemust. Oleme valmis ellu viima erinevaid projekte nii elektri- ja automaatikavaldkonnas kui ka mehaanika valdkonnas.<\/p>\n\n\n\n<p class=\"has-vivid-cyan-blue-color has-text-color has-link-color has-medium-font-size wp-elements-547de776b8bbeccb55762ba3831c5822\"><em><strong>SMARTAL ENGINEERING O\u00dc<\/strong> <strong>REKVISIIDID<\/strong><\/em><\/p>\n\n\n\n<ul class=\"wp-block-list\">\n<li>Registrikood: 14662762<\/li>\n\n\n\n<li>KMKR nr: EE102136348&nbsp; &nbsp; &nbsp;<\/li>\n\n\n\n<li>Aadress: \u00d5ism\u00e4e tee 80-68, Tallinn 13513&nbsp;&nbsp;&nbsp;&nbsp;&nbsp;&nbsp;&nbsp;&nbsp;&nbsp;&nbsp;&nbsp;&nbsp;&nbsp;&nbsp;&nbsp;&nbsp;&nbsp;&nbsp;&nbsp;&nbsp;&nbsp;&nbsp;&nbsp;&nbsp;&nbsp;&nbsp;&nbsp;&nbsp;&nbsp;&nbsp;&nbsp;&nbsp;&nbsp;&nbsp;&nbsp;&nbsp;&nbsp;&nbsp;&nbsp;&nbsp;&nbsp;&nbsp;&nbsp;&nbsp;&nbsp;&nbsp;&nbsp;&nbsp;&nbsp;&nbsp;&nbsp;&nbsp;&nbsp;&nbsp;&nbsp;&nbsp;&nbsp;<\/li>\n\n\n\n<li>SEB: IBAN EE851010220277566228<\/li>\n\n\n\n<li>Tel: 55692270<\/li>\n\n\n\n<li><a href=\"https:\/\/mail.google.com\/mail\/?view=cm&amp;fs=1&amp;tf=1&amp;to=aplehhanov@gmail.com\" target=\"_blank\" rel=\"noreferrer noopener\">info@smartal.ee<\/a><\/li>\n<\/ul>\n\n\n\n<p class=\"has-medium-font-size\"><br>\u00dcldinfo, tellimused ja hinnak\u00fcsimised:&nbsp;<a href=\"mailto:info@smartal.ee\">info@smartal.ee<\/a><br>Kauba, teenuste arvete e-post:&nbsp;<a href=\"mailto:invoice@smartal.ee\">invoice@smartal.ee<\/a><br>Tehniline tugi e-post:&nbsp;<a href=\"mailto:aleksandr.plehhanov@smartal.ee\">aleksandr.plehhanov@smartal.ee<\/a><\/p>\n\n\n\n<p class=\"has-vivid-cyan-blue-color has-text-color has-link-color has-medium-font-size wp-elements-3690f93cd144112d85cd4ac9e8524280\"><em><strong>Ladu ja t\u00f6\u00f6koda: <\/strong><\/em>Kaubale saab j\u00e4rele tulla kokkuleppel kas Tallinna kontorisse (\u00d5ism\u00e4e tee 80) v\u00f5i otse lattu. Saue, Tule 39 &#8211; Ladu10. Saadame kauba ka postiteel.<\/p>\n\n\n\n<figure class=\"wp-block-image size-large is-resized is-style-default\"><img fetchpriority=\"high\" decoding=\"async\" width=\"1024\" height=\"430\" src=\"https:\/\/smartal.ee\/wp-content\/uploads\/2023\/08\/Ladu-1-1024x430.png\" alt=\"\" class=\"wp-image-4121\" style=\"width:493px;height:206px\" srcset=\"https:\/\/smartal.ee\/wp-content\/uploads\/2023\/08\/Ladu-1-1024x430.png 1024w, https:\/\/smartal.ee\/wp-content\/uploads\/2023\/08\/Ladu-1-200x84.png 200w, https:\/\/smartal.ee\/wp-content\/uploads\/2023\/08\/Ladu-1-300x126.png 300w, https:\/\/smartal.ee\/wp-content\/uploads\/2023\/08\/Ladu-1-768x323.png 768w, https:\/\/smartal.ee\/wp-content\/uploads\/2023\/08\/Ladu-1.png 1035w\" sizes=\"(max-width: 1024px) 100vw, 1024px\" \/><\/figure>\n\n\n\n<p><\/p>","protected":false},"excerpt":{"rendered":"<p>ETTEV\u00d5TTEST Smartal Engineering O\u00dc pakub klientidele kvaliteetseid teenuseid ja terviklikke lahendusi. Meie p\u00e4dev meeskond koosneb k\u00f5rgharidusega spetsialistidest, kellel on \u00fcle 15 aasta insenerikogemust. Oleme valmis ellu viima erinevaid projekte nii elektri- ja automaatikavaldkonnas kui ka mehaanika valdkonnas. SMARTAL ENGINEERING O\u00dc REKVISIIDID \u00dcldinfo, tellimused ja hinnak\u00fcsimised:&nbsp;info@smartal.eeKauba, teenuste arvete e-post:&nbsp;invoice@smartal.eeTehniline tugi e-post:&nbsp;aleksandr.plehhanov@smartal.ee Ladu ja t\u00f6\u00f6koda: Kaubale saab [&hellip;]<\/p>","protected":false},"author":1,"featured_media":0,"parent":0,"menu_order":0,"comment_status":"closed","ping_status":"closed","template":"page-template\/ibtana-page-template.php","meta":{"_regular_price":[],"currency_symbol":[],"ub_ctt_via":"","footnotes":""},"class_list":["post-7031","page","type-page","status-publish","hentry"],"post_slider_layout_featured_media_urls":{"thumbnail":"","post_slider_layout_landscape_large":"","post_slider_layout_portrait_large":"","post_slider_layout_square_large":"","post_slider_layout_landscape":"","post_slider_layout_portrait":"","post_slider_layout_square":"","full":""},"featured_image_src":null,"_links":{"self":[{"href":"https:\/\/smartal.ee\/ru\/wp-json\/wp\/v2\/pages\/7031","targetHints":{"allow":["GET"]}}],"collection":[{"href":"https:\/\/smartal.ee\/ru\/wp-json\/wp\/v2\/pages"}],"about":[{"href":"https:\/\/smartal.ee\/ru\/wp-json\/wp\/v2\/types\/page"}],"author":[{"embeddable":true,"href":"https:\/\/smartal.ee\/ru\/wp-json\/wp\/v2\/users\/1"}],"replies":[{"embeddable":true,"href":"https:\/\/smartal.ee\/ru\/wp-json\/wp\/v2\/comments?post=7031"}],"version-history":[{"count":10,"href":"https:\/\/smartal.ee\/ru\/wp-json\/wp\/v2\/pages\/7031\/revisions"}],"predecessor-version":[{"id":8343,"href":"https:\/\/smartal.ee\/ru\/wp-json\/wp\/v2\/pages\/7031\/revisions\/8343"}],"wp:attachment":[{"href":"https:\/\/smartal.ee\/ru\/wp-json\/wp\/v2\/media?parent=7031"}],"curies":[{"name":"wp","href":"https:\/\/api.w.org\/{rel}","templated":true}]}}