{"id":7038,"date":"2024-11-21T16:05:07","date_gmt":"2024-11-21T13:05:07","guid":{"rendered":"https:\/\/smartal.ee\/?page_id=7038"},"modified":"2026-02-12T10:32:20","modified_gmt":"2026-02-12T07:32:20","slug":"muugitingimused","status":"publish","type":"page","link":"https:\/\/smartal.ee\/ru\/ettevottest\/muugitingimused\/","title":{"rendered":"M\u00dc\u00dcGITINGIMUSED"},"content":{"rendered":"<p class=\"has-white-color has-luminous-vivid-orange-background-color has-text-color has-background has-link-color has-medium-font-size wp-elements-ef5815b4e3d75cba4d3195f4981fa293\">M\u00dc\u00dcGITINGIMUSED<\/p>\n\n\n\n<p><strong>M\u00fc\u00fcgi \u00dcldtingimuste kohaldamine.<\/strong>&nbsp;K\u00e4esolevad M\u00fc\u00fcgi \u00dcldtingimused kohalduvad k\u00f5ikidele m\u00fc\u00fcgitehingutele, mis s\u00f5lmitakse Smartal Engineering O\u00dc (reg. kood 14662762) (edaspidi Smartal Engineering) kui m\u00fc\u00fcja ja tema kliendi kui ostja (Ostja) vahel.<\/p>\n\n\n\n<p><strong>Lepingu sisu.<\/strong>&nbsp;Smartal Engineering m\u00fc\u00fcb tooteid (edaspidi Tooted) Ostjale koosk\u00f5las k\u00e4esolevates M\u00fc\u00fcgi \u00dcldtingimustes kokku lepitud tingimustega ja Ostja poolt aktsepteeritud vastavate hinnapakkumistega. K\u00e4esolevaid M\u00fc\u00fcgi \u00dcldtingimusi, hinnapakkumist ja vastavat aktsepteeringut nimetatakse edaspidi \u00fchiselt Lepinguks. Ostja maksab Toodete eest Lepingus s\u00e4testatud tingimuste j\u00e4rgi.<\/p>\n\n\n\n<p><strong>Veebipoe tellimuse vormistamine.<\/strong> Kauba tellimiseks tuleb lisada soovitud tooted ostukorvi. Tellimuse vormistamiseks tuleb t\u00e4ita n\u00f5utud andmev\u00e4ljad ning valida sobiv toodete kohaletoimetamise viis. Seej\u00e4rel kuvatakse ekraanile tasu suurus, mille saab tasuda turvaliselt l\u00e4bi j\u00e4rgnevate makseviiside:<\/p>\n\n\n\n<ul class=\"wp-block-list\">\n<li>Eesti pangamaksed<\/li>\n\n\n\n<li>Soome pangamaksed<\/li>\n\n\n\n<li>L\u00e4ti pangamaksed<\/li>\n\n\n\n<li>Leedu pangamaksed<\/li>\n\n\n\n<li>Visa\/Mastercard kaardimaksed<\/li>\n\n\n\n<li>Apple Pay<\/li>\n<\/ul>\n\n\n\n<p>NB! Pangalingiga tasumisel vajutada kindlasti panga lehel nupule \u201eTagasi kaupmehe juurde\u201c.<\/p>\n\n\n\n<p>Makseid vahendab&nbsp;<a href=\"http:\/\/www.maksekeskus.ee\/\" target=\"_blank\" rel=\"noreferrer noopener\">Maksekeskus AS<\/a>. Tasumine toimub v\u00e4ljaspool Veebipoodi turvalises keskkonnas \u2013 pangalingiga tasumisel vastava panga turvalises keskkonnas ja krediitkaardiga tasumisel Maksekeskus AS turvalises keskkonnas. Smartal Engineeringul puudub ligip\u00e4\u00e4s kliendi panga ja krediitkaardi andmetele. Leping j\u00f5ustub alates tasumisele kuuluva summa laekumisest Veebipoe arvelduskontole.<\/p>\n\n\n\n<p>Smartal Engineering O\u00dc, ehk Veebipoe omanik on isikuandmete vastutav t\u00f6\u00f6tleja ning edastab maksete teostamiseks vajalikud isikuandmed volitatud t\u00f6\u00f6tleja Maksekeskus AS-le.<\/p>\n\n\n\n<p>Kui tellitud kaupa ei ole v\u00f5imalik tarnida seoses kauba l\u00f5ppemisega v\u00f5i muul p\u00f5hjusel, teavitatakse sellest ostjat esimesel v\u00f5imalusel ning tagastatakse tasutud raha (sh kauba k\u00e4ttetoimetamise kulud) viivitamata, kuid mitte hiljem kui 14 p\u00e4eva jooksul teate saatmisest.<\/p>\n\n\n\n<p><strong>Tarne.<\/strong>&nbsp;Smartal Engineering tarnib Tooted Ostjale vastavas hinnapakkumises s\u00e4testatud tarnetingimustel. Laos olevate toodetel tarne aeg on 1-3 t\u00f6\u00f6p\u00e4eva. \u00dclej\u00e4\u00e4nud toodetel tarneperiood m\u00e4\u00e4ratatakse hinnapakkumises. Smartal Engineering-l on \u00f5igus keelduda Toodete tarnimisest, kui Ostja ei ole kokkulepitud ettemakset t\u00e4ielikult tasunud. Toodete juhusliku h\u00e4vimise v\u00f5i kahjustumise risk l\u00e4heb Ostjale \u00fcle siis, kui Smartal Engineering v\u00f5i Smartal Engineering poolt m\u00e4\u00e4ratud isik on andnud Tooted: Ostja, Ostja poolt m\u00e4\u00e4ratud isiku v\u00f5i Ostja poolt nimetatud vedaja valdusesse.<\/p>\n\n\n\n<p><strong>EL ekspordi- ja impordipiirangud seoses Venemaa agressioonis\u00f5jaga Ukrainas.<\/strong><\/p>\n\n\n\n<ol class=\"wp-block-list\">\n<li>Ostja kinnitab, et kaupu, mis kuuluvad m\u00e4\u00e4ruse (EL) 833\/2014 artikli 12g reguleerimisalasse, ei m\u00fc\u00fcda, ekspordita ega taasv\u00e4ljastata otseselt ega kaudselt Venemaa F\u00f6deratsioonile ega kasutamiseks Venemaa F\u00f6deratsioonis.<\/li>\n\n\n\n<li>Ostja tagab, et l\u00f5igu (1) kohustust ei rikuks ka \u00fckski kolmas osapool kaubandusliku ahela j\u00e4rgneval tasandil, sh v\u00f5imalikud edasim\u00fc\u00fcjad.<\/li>\n\n\n\n<li>Ostja loob sobiliku j\u00e4lgimiss\u00fcsteemi, millega avastada l\u00f5igu (1) p\u00f5him\u00f5tete rikkumisi kaubandusliku ahela j\u00e4rgnevatel tasanditel, sh v\u00f5imalike edasim\u00fc\u00fcjate poolt.<\/li>\n\n\n\n<li>Eelnevates l\u00f5ikudes (1), (2) v\u00f5i (3) toodud p\u00f5him\u00f5tete rikkumine t\u00e4hendab lepingu olulist rikkumist ja annab Smartal Engineering-ile \u00f5iguse l\u00f5petada viivitamatult tarneleping ning t\u00fchistada juba vastu v\u00f5etud tellimused. Ostja h\u00fcvitab Smartal Engineering-ile k\u00f5ik kulud, kolmandate isikute n\u00f5uded ja muud kahjud (nt trahvid), mis tulenevad k\u00e4esoleva punkti l\u00f5ikudes (1), (2) ja (3) toodud kohustuse rikkumisest. See ei kehti juhul, kui Ostja ei vastuta selle kohustuse rikkumise eest. Lisaks on Smartal Engineering-il \u00f5igus n\u00f5uda leppetrahvi 5% m\u00fc\u00fcgihinnast kaupade eest, mis on m\u00fc\u00fcdud k\u00e4esoleva lepingu s\u00e4tete rikkumise tulemusena. K\u00f5ikv\u00f5imalikke teisi kahjun\u00f5udeid k\u00e4esolev punkt ei m\u00f5juta.<\/li>\n\n\n\n<li>Ostja peab viivitamatult teavitama Smartal Engineering-i mistahes probleemidest l\u00f5ikude (1), (2) v\u00f5i (3) rakendamisel, sealhulgas mistahes asjakohastest kolmandate osapoolte tegevustest, mis v\u00f5iksid takistada punktis (1) toodud kohustuste t\u00e4itmist. Ostja peab tegema Smartal Engineering-ile kahe n\u00e4dala jooksul k\u00e4ttesaadavaks kogu info, mis puudutab (1), (2) ja (3) l\u00f5ikudes toodud kohustuste t\u00e4itmist, juhul kui Smartal Engineering seda teavet on vabas vormis k\u00fcsinud.<\/li>\n<\/ol>\n\n\n\n<p><strong>Kontroll tarnel.<\/strong>&nbsp;K\u00f5ikide tarnitud Toodete kohta on saadetud arve e-postile, mis on m\u00e4\u00e4ratud tellimusel. Ostjal on kohustus kontrollida, et tarnitud Tooted ja kogused on koosk\u00f5las arvega. Tarnel peab Ostja kohe \u00fcle vaatama ja kontrollima, et tarnitud Toodetel ei ole silmaga n\u00e4htavaid kahjustusi. Ostja esitab n\u00f5uded Toodete Lepingu tingimustele mittevastavuse kohta 7 p\u00e4eva jooksul mittevastavusest teada saamisest arvates, kuid hiljemalt 14 p\u00e4eva jooksul p\u00e4rast seda, kui Tooted on Ostjale tarnitud.<\/p>\n\n\n\n<p><strong>Arvete esitamine ja tasumine.<\/strong>\u00a0Ostja kohustub maksma Smartal Engineeringule tellitud Toodete eest vastavalt Smartal Engineeringu poolt esitatud arvele ja hinnapakkumises s\u00e4testatud maksetingimustele. Smartal Engineering v\u00f5ib esitada arved juba enne tarnet ning Smartal Engineeringull on lisaks ka \u00f5igus n\u00f5uda ettemakse tasumist.\u00a0Juhul kui Ostja hilineb maksete asumisega, on Smartal Engineeringul \u00f5igus n\u00f5uda viivist 0,05% t\u00e4htajaks tasumata summalt iga maksega hilinetud p\u00e4eva eest.<\/p>\n\n\n\n<p><strong>Tagastusp\u00f5him\u00f5tted.<\/strong>&nbsp;Tooteid saab tagastada ainult Smartal Engineering eelneval kokkuleppel. Tagastamine peab toimuma 14 p\u00e4eva jooksul esialgsest tarnest arvates. Tagastatavad Tooted peavad olema originaalpakendis, puhtad, terved ja t\u00f6\u00f6korras. Tagastamisel peab Ostja esitama saatelehe v\u00f5i arve numbri ning kirjaliku kokkuleppe, milles on fikseeritud tagastamise p\u00f5hjus ja osapoolte kokkulepe.Kui tagastamine ei tulene M\u00fc\u00fcja eksimusest, arvestatakse tagastatava kauba summast maha 10% k\u00e4sitlustasu. M\u00fc\u00fcja laovalikusse mittekuuluvaid eritooteid ja kliendi projektikaupade eritellimusi ei ole v\u00f5imalik tagastada.<\/p>\n\n\n\n<p>T\u00e4iendavad tingimused<\/p>\n\n\n\n<ol class=\"wp-block-list\">\n<li>K\u00f5ik tagastused, mis ei vasta eespool toodud n\u00f5uetele, l\u00fckatakse tagasi.<\/li>\n\n\n\n<li>K\u00f5ik erandolukorrad tuleb kokku leppida kirjalikult M\u00fc\u00fcja ja Ostja vahel enne kauba tagastamist.<\/li>\n<\/ol>\n\n\n\n<p><strong>Garantii.<\/strong>&nbsp;Smartal Engineering annab m\u00fc\u00fcdavatele toodetele garantii vastavalt tootja poolt antud garantiile. Ostja peab esitama pretensiooni defektse v\u00f5i purunenud kauba kohta 7 p\u00e4eva jooksul p\u00e4rast kauba \u00fcle andmist.<\/p>\n\n\n\n<p><strong>Vaidluste lahendamine.<\/strong>&nbsp;K\u00f5ik vaidlused, erimeelsused ja n\u00f5uded, mis tulenevad Tellimusest v\u00f5i on sellega seotud, lahendatakse l\u00e4bir\u00e4\u00e4kimiste teel. Kui Pooltel ei \u00f5nnestu lahendada vaidlust l\u00e4bir\u00e4\u00e4kimiste teel, siis lahendab vaidluse l\u00f5plikult Harju maakohus (Tallinnas).<\/p>\n\n\n\n<p><strong>Utiliseerimine<\/strong>. Tooted ja toote pakendid tuleb utiliseerida vastavalt kohalikule j\u00e4\u00e4tmehoolduseeskirjale.<\/p>\n\n\n\n<p><\/p>","protected":false},"excerpt":{"rendered":"<p>M\u00dc\u00dcGITINGIMUSED M\u00fc\u00fcgi \u00dcldtingimuste kohaldamine.&nbsp;K\u00e4esolevad M\u00fc\u00fcgi \u00dcldtingimused kohalduvad k\u00f5ikidele m\u00fc\u00fcgitehingutele, mis s\u00f5lmitakse Smartal Engineering O\u00dc (reg. kood 14662762) (edaspidi Smartal Engineering) kui m\u00fc\u00fcja ja tema kliendi kui ostja (Ostja) vahel. Lepingu sisu.&nbsp;Smartal Engineering m\u00fc\u00fcb tooteid (edaspidi Tooted) Ostjale koosk\u00f5las k\u00e4esolevates M\u00fc\u00fcgi \u00dcldtingimustes kokku lepitud tingimustega ja Ostja poolt aktsepteeritud vastavate hinnapakkumistega. K\u00e4esolevaid M\u00fc\u00fcgi \u00dcldtingimusi, hinnapakkumist ja [&hellip;]<\/p>","protected":false},"author":1,"featured_media":0,"parent":7031,"menu_order":0,"comment_status":"closed","ping_status":"closed","template":"page-template\/ibtana-page-template.php","meta":{"_regular_price":[],"currency_symbol":[],"ub_ctt_via":"","footnotes":""},"class_list":["post-7038","page","type-page","status-publish","hentry"],"post_slider_layout_featured_media_urls":{"thumbnail":"","post_slider_layout_landscape_large":"","post_slider_layout_portrait_large":"","post_slider_layout_square_large":"","post_slider_layout_landscape":"","post_slider_layout_portrait":"","post_slider_layout_square":"","full":""},"featured_image_src":null,"_links":{"self":[{"href":"https:\/\/smartal.ee\/ru\/wp-json\/wp\/v2\/pages\/7038","targetHints":{"allow":["GET"]}}],"collection":[{"href":"https:\/\/smartal.ee\/ru\/wp-json\/wp\/v2\/pages"}],"about":[{"href":"https:\/\/smartal.ee\/ru\/wp-json\/wp\/v2\/types\/page"}],"author":[{"embeddable":true,"href":"https:\/\/smartal.ee\/ru\/wp-json\/wp\/v2\/users\/1"}],"replies":[{"embeddable":true,"href":"https:\/\/smartal.ee\/ru\/wp-json\/wp\/v2\/comments?post=7038"}],"version-history":[{"count":10,"href":"https:\/\/smartal.ee\/ru\/wp-json\/wp\/v2\/pages\/7038\/revisions"}],"predecessor-version":[{"id":8209,"href":"https:\/\/smartal.ee\/ru\/wp-json\/wp\/v2\/pages\/7038\/revisions\/8209"}],"up":[{"embeddable":true,"href":"https:\/\/smartal.ee\/ru\/wp-json\/wp\/v2\/pages\/7031"}],"wp:attachment":[{"href":"https:\/\/smartal.ee\/ru\/wp-json\/wp\/v2\/media?parent=7038"}],"curies":[{"name":"wp","href":"https:\/\/api.w.org\/{rel}","templated":true}]}}