{"id":715,"date":"2021-01-29T08:55:39","date_gmt":"2021-01-29T08:55:39","guid":{"rendered":"https:\/\/smartal.ee\/?page_id=715"},"modified":"2025-08-06T23:53:54","modified_gmt":"2025-08-06T20:53:54","slug":"ohutustehnika-loto-lockout-station","status":"publish","type":"page","link":"https:\/\/smartal.ee\/ru\/sample-page\/ohutustehnika-loto-lockout-station\/","title":{"rendered":"OHUTUSTEHNIKA JA M\u00c4RGISTUS"},"content":{"rendered":"<p><\/p>\n\n\n\n<p class=\"has-white-color has-luminous-vivid-orange-background-color has-text-color has-background has-link-color has-medium-font-size wp-elements-49491dbb98c9307ebfb88c866dec456b\">OHUTUSTEHNIKA JA M\u00c4RGISTUS<\/p>\n\n\n\n<ul class=\"wp-block-list has-medium-font-size\">\n<li>OHUTUSTEHNIKA JA OHUTUSM\u00c4RGISTUS &#8211; H\u00e4dastoppid ja turvareleed, 2D ja 3D kaitse skanerid<\/li>\n<\/ul>\n\n\n\n<ul class=\"wp-block-list has-medium-font-size\">\n<li>P\u00d5RANDA JOONED JA KAITSEBARJ\u00c4\u00c4RID JA TORUPIIRDED &#8211; Joonistame, valmistamine ja paigaldamine<\/li>\n<\/ul>\n\n\n\n<ul class=\"wp-block-list has-medium-font-size\">\n<li>SIGNAALI VALGUSTORNID &#8211; Valgusfoorid, lao ja t\u00f5stuki valgustid, t\u00f6\u00f6stusvalgustid ja sireenid<\/li>\n<\/ul>\n\n\n\n<ul class=\"wp-block-list has-medium-font-size\">\n<li>LOTO LOCKOUT STATION &#8211; Lukus\u00fcsteemid ja lukutahvlid nii t\u00f6\u00f6stuse kui ka ehitusplatsile<\/li>\n<\/ul>\n\n\n\n<ul class=\"wp-block-list has-medium-font-size\">\n<li>LEKKEKAITSEALUSED &#8211; M\u00fc\u00fck ja taastamine<\/li>\n<\/ul>\n\n\n\n<p><\/p>\n\n\n\n<figure class=\"wp-block-gallery has-nested-images columns-2 is-cropped wp-block-gallery-1 is-layout-flex wp-block-gallery-is-layout-flex\">\n<figure class=\"wp-block-image size-full is-style-default\"><img fetchpriority=\"high\" decoding=\"async\" width=\"500\" height=\"500\" data-id=\"716\" src=\"https:\/\/smartal.ee\/wp-content\/uploads\/2021\/01\/STO-811218-Portable-Lockout-Station.jpg\" alt=\"\" class=\"wp-image-716\" srcset=\"https:\/\/smartal.ee\/wp-content\/uploads\/2021\/01\/STO-811218-Portable-Lockout-Station.jpg 500w, https:\/\/smartal.ee\/wp-content\/uploads\/2021\/01\/STO-811218-Portable-Lockout-Station-200x200.jpg 200w, https:\/\/smartal.ee\/wp-content\/uploads\/2021\/01\/STO-811218-Portable-Lockout-Station-100x100.jpg 100w, https:\/\/smartal.ee\/wp-content\/uploads\/2021\/01\/STO-811218-Portable-Lockout-Station-300x300.jpg 300w, https:\/\/smartal.ee\/wp-content\/uploads\/2021\/01\/STO-811218-Portable-Lockout-Station-150x150.jpg 150w\" sizes=\"(max-width: 500px) 100vw, 500px\" \/><\/figure>\n\n\n\n<figure class=\"wp-block-image size-full is-style-default\"><img decoding=\"async\" width=\"900\" height=\"900\" data-id=\"717\" src=\"https:\/\/smartal.ee\/wp-content\/uploads\/2021\/01\/brady-adjustable-lockout-station-050997.jpg\" alt=\"\" class=\"wp-image-717\" srcset=\"https:\/\/smartal.ee\/wp-content\/uploads\/2021\/01\/brady-adjustable-lockout-station-050997.jpg 900w, https:\/\/smartal.ee\/wp-content\/uploads\/2021\/01\/brady-adjustable-lockout-station-050997-200x200.jpg 200w, https:\/\/smartal.ee\/wp-content\/uploads\/2021\/01\/brady-adjustable-lockout-station-050997-100x100.jpg 100w, https:\/\/smartal.ee\/wp-content\/uploads\/2021\/01\/brady-adjustable-lockout-station-050997-300x300.jpg 300w, https:\/\/smartal.ee\/wp-content\/uploads\/2021\/01\/brady-adjustable-lockout-station-050997-150x150.jpg 150w, https:\/\/smartal.ee\/wp-content\/uploads\/2021\/01\/brady-adjustable-lockout-station-050997-768x768.jpg 768w\" sizes=\"(max-width: 900px) 100vw, 900px\" \/><\/figure>\n<\/figure>\n\n\n\n<figure class=\"wp-block-gallery has-nested-images columns-default is-cropped wp-block-gallery-2 is-layout-flex wp-block-gallery-is-layout-flex\">\n<figure class=\"wp-block-image size-medium\"><img decoding=\"async\" width=\"300\" height=\"300\" data-id=\"3967\" src=\"https:\/\/smartal.ee\/wp-content\/uploads\/2023\/06\/Untitled3-300x300.png\" alt=\"\" class=\"wp-image-3967\" srcset=\"https:\/\/smartal.ee\/wp-content\/uploads\/2023\/06\/Untitled3-300x300.png 300w, https:\/\/smartal.ee\/wp-content\/uploads\/2023\/06\/Untitled3-200x200.png 200w, https:\/\/smartal.ee\/wp-content\/uploads\/2023\/06\/Untitled3-100x100.png 100w, https:\/\/smartal.ee\/wp-content\/uploads\/2023\/06\/Untitled3-1024x1024.png 1024w, https:\/\/smartal.ee\/wp-content\/uploads\/2023\/06\/Untitled3-150x150.png 150w, https:\/\/smartal.ee\/wp-content\/uploads\/2023\/06\/Untitled3-768x768.png 768w, https:\/\/smartal.ee\/wp-content\/uploads\/2023\/06\/Untitled3-1536x1536.png 1536w, https:\/\/smartal.ee\/wp-content\/uploads\/2023\/06\/Untitled3.png 1810w\" sizes=\"(max-width: 300px) 100vw, 300px\" \/><\/figure>\n\n\n\n<figure class=\"wp-block-image size-full\"><img loading=\"lazy\" decoding=\"async\" width=\"600\" height=\"600\" data-id=\"6899\" src=\"https:\/\/smartal.ee\/wp-content\/uploads\/2024\/10\/TkrGai6hm9BJbkticygDo9tRRUrLoB.jpg\" alt=\"\" class=\"wp-image-6899\" srcset=\"https:\/\/smartal.ee\/wp-content\/uploads\/2024\/10\/TkrGai6hm9BJbkticygDo9tRRUrLoB.jpg 600w, https:\/\/smartal.ee\/wp-content\/uploads\/2024\/10\/TkrGai6hm9BJbkticygDo9tRRUrLoB-300x300.jpg 300w, https:\/\/smartal.ee\/wp-content\/uploads\/2024\/10\/TkrGai6hm9BJbkticygDo9tRRUrLoB-150x150.jpg 150w, https:\/\/smartal.ee\/wp-content\/uploads\/2024\/10\/TkrGai6hm9BJbkticygDo9tRRUrLoB-12x12.jpg 12w, https:\/\/smartal.ee\/wp-content\/uploads\/2024\/10\/TkrGai6hm9BJbkticygDo9tRRUrLoB-200x200.jpg 200w, https:\/\/smartal.ee\/wp-content\/uploads\/2024\/10\/TkrGai6hm9BJbkticygDo9tRRUrLoB-100x100.jpg 100w, https:\/\/smartal.ee\/wp-content\/uploads\/2024\/10\/TkrGai6hm9BJbkticygDo9tRRUrLoB-50x50.jpg 50w\" sizes=\"(max-width: 600px) 100vw, 600px\" \/><\/figure>\n<\/figure>\n\n\n\n<figure class=\"wp-block-gallery has-nested-images columns-default is-cropped wp-block-gallery-3 is-layout-flex wp-block-gallery-is-layout-flex\">\n<figure class=\"wp-block-image size-full\"><img loading=\"lazy\" decoding=\"async\" width=\"1152\" height=\"648\" data-id=\"3968\" src=\"https:\/\/smartal.ee\/wp-content\/uploads\/2023\/06\/Untitled4.png\" alt=\"\" class=\"wp-image-3968\" srcset=\"https:\/\/smartal.ee\/wp-content\/uploads\/2023\/06\/Untitled4.png 1152w, https:\/\/smartal.ee\/wp-content\/uploads\/2023\/06\/Untitled4-200x113.png 200w, https:\/\/smartal.ee\/wp-content\/uploads\/2023\/06\/Untitled4-300x169.png 300w, https:\/\/smartal.ee\/wp-content\/uploads\/2023\/06\/Untitled4-1024x576.png 1024w, https:\/\/smartal.ee\/wp-content\/uploads\/2023\/06\/Untitled4-768x432.png 768w\" sizes=\"(max-width: 1152px) 100vw, 1152px\" \/><\/figure>\n<\/figure>\n\n\n\n<p><\/p>","protected":false},"excerpt":{"rendered":"<p>OHUTUSTEHNIKA JA M\u00c4RGISTUS<\/p>","protected":false},"author":1,"featured_media":0,"parent":2,"menu_order":8,"comment_status":"closed","ping_status":"closed","template":"page-template\/ibtana-page-template.php","meta":{"_regular_price":[],"currency_symbol":[],"ub_ctt_via":"","footnotes":""},"class_list":["post-715","page","type-page","status-publish","hentry"],"post_slider_layout_featured_media_urls":{"thumbnail":"","post_slider_layout_landscape_large":"","post_slider_layout_portrait_large":"","post_slider_layout_square_large":"","post_slider_layout_landscape":"","post_slider_layout_portrait":"","post_slider_layout_square":"","full":""},"featured_image_src":null,"_links":{"self":[{"href":"https:\/\/smartal.ee\/ru\/wp-json\/wp\/v2\/pages\/715","targetHints":{"allow":["GET"]}}],"collection":[{"href":"https:\/\/smartal.ee\/ru\/wp-json\/wp\/v2\/pages"}],"about":[{"href":"https:\/\/smartal.ee\/ru\/wp-json\/wp\/v2\/types\/page"}],"author":[{"embeddable":true,"href":"https:\/\/smartal.ee\/ru\/wp-json\/wp\/v2\/users\/1"}],"replies":[{"embeddable":true,"href":"https:\/\/smartal.ee\/ru\/wp-json\/wp\/v2\/comments?post=715"}],"version-history":[{"count":13,"href":"https:\/\/smartal.ee\/ru\/wp-json\/wp\/v2\/pages\/715\/revisions"}],"predecessor-version":[{"id":7710,"href":"https:\/\/smartal.ee\/ru\/wp-json\/wp\/v2\/pages\/715\/revisions\/7710"}],"up":[{"embeddable":true,"href":"https:\/\/smartal.ee\/ru\/wp-json\/wp\/v2\/pages\/2"}],"wp:attachment":[{"href":"https:\/\/smartal.ee\/ru\/wp-json\/wp\/v2\/media?parent=715"}],"curies":[{"name":"wp","href":"https:\/\/api.w.org\/{rel}","templated":true}]}}