{"id":7222,"date":"2025-03-24T15:06:54","date_gmt":"2025-03-24T12:06:54","guid":{"rendered":"https:\/\/smartal.ee\/?page_id=7222"},"modified":"2026-03-19T16:56:09","modified_gmt":"2026-03-19T13:56:09","slug":"__iso","status":"publish","type":"page","link":"https:\/\/smartal.ee\/ru\/ettevottest\/__iso\/","title":{"rendered":"ISO SERTIFIKAADID"},"content":{"rendered":"<p class=\"has-white-color has-pale-cyan-blue-background-color has-text-color has-background has-link-color has-medium-font-size wp-elements-55a81be4f485d0c0aff874c3b3eb153f\">ISO SERTIFIKAADID<\/p>\n\n\n\n<p><strong>M\u00e4rtsi alguses 2025a. Smartal Engineering O\u00dc sai oma esimesed ISO 9001 ja ISO 14001 sertifikaadid. T\u00e4na meie tegevus vastab nii kvaliteedijuhtimiss\u00fcsteemi ISO 9001:2015 kui ka keskkonnajuhtimiss\u00fcsteemi ISO 14001:2015 standarditele.<\/strong><br>\u00dchest k\u00fcljest annab see arendajatele ja peat\u00f6\u00f6v\u00f5tjatele veendumuse, et Smartal Engineering O\u00dc pakutav projekteerimis-, ehitus- ja hooldusteenus on tippkvaliteediga ja loodushoidlikult korraldatud. Teisest k\u00fcljest on meie sisemine soov ehitada oma protsessid \u00fcles nii, et nende kontroll ja t\u00e4iustamine toimuks jooksvalt ning kliendile lubatud kvaliteet oleks ainuv\u00f5imalik reaalsus. <br>Smartal Engineering O\u00dc hoolib keskkonnast. Meie teenust kasutav klient saab olla kindel, et tegevusest tekkinud j\u00e4\u00e4tmed saavad nii objektil kui ka meie laos ja kontoris n\u00f5uetekohaselt sorteeritud ja k\u00e4ideldud.<\/p>\n\n\n\n<div data-wp-interactive=\"core\/file\" class=\"wp-block-file\"><object data-wp-bind--hidden=\"!state.hasPdfPreview\" hidden class=\"wp-block-file__embed\" data=\"https:\/\/smartal.ee\/wp-content\/uploads\/2025\/03\/9001-14001-ENG-3.pdf\" type=\"application\/pdf\" style=\"width:100%;height:600px\" aria-label=\"\u0412\u0441\u0442\u0430\u0432\u043a\u0430 9001 14001 ENG\"><\/object><a id=\"wp-block-file--media-38e66003-5bbe-48aa-9c26-08c2b9d8c9a8\" href=\"https:\/\/smartal.ee\/wp-content\/uploads\/2025\/03\/9001-14001-ENG-3.pdf\">9001 14001 ENG<\/a><\/div>\n\n\n\n<div data-wp-interactive=\"core\/file\" class=\"wp-block-file\"><object data-wp-bind--hidden=\"!state.hasPdfPreview\" hidden class=\"wp-block-file__embed\" data=\"https:\/\/smartal.ee\/wp-content\/uploads\/2025\/03\/9001-14001-EST-3.pdf\" type=\"application\/pdf\" style=\"width:100%;height:1008px\" aria-label=\"\u0412\u0441\u0442\u0430\u0432\u043a\u0430 9001 14001 EST\"><\/object><a id=\"wp-block-file--media-f5c9423b-4e73-474b-adb8-3351d2d2939c\" href=\"https:\/\/smartal.ee\/wp-content\/uploads\/2025\/03\/9001-14001-EST-3.pdf\">9001 14001 EST<\/a><\/div>","protected":false},"excerpt":{"rendered":"<p>ISO SERTIFIKAADID M\u00e4rtsi alguses 2025a. Smartal Engineering O\u00dc sai oma esimesed ISO 9001 ja ISO 14001 sertifikaadid. T\u00e4na meie tegevus vastab nii kvaliteedijuhtimiss\u00fcsteemi ISO 9001:2015 kui ka keskkonnajuhtimiss\u00fcsteemi ISO 14001:2015 standarditele.\u00dchest k\u00fcljest annab see arendajatele ja peat\u00f6\u00f6v\u00f5tjatele veendumuse, et Smartal Engineering O\u00dc pakutav projekteerimis-, ehitus- ja hooldusteenus on tippkvaliteediga ja loodushoidlikult korraldatud. Teisest k\u00fcljest on [&hellip;]<\/p>","protected":false},"author":1,"featured_media":0,"parent":7031,"menu_order":0,"comment_status":"closed","ping_status":"closed","template":"page-template\/ibtana-page-template.php","meta":{"_regular_price":[],"currency_symbol":[],"ub_ctt_via":"","footnotes":""},"class_list":["post-7222","page","type-page","status-publish","hentry"],"post_slider_layout_featured_media_urls":{"thumbnail":"","post_slider_layout_landscape_large":"","post_slider_layout_portrait_large":"","post_slider_layout_square_large":"","post_slider_layout_landscape":"","post_slider_layout_portrait":"","post_slider_layout_square":"","full":""},"featured_image_src":null,"_links":{"self":[{"href":"https:\/\/smartal.ee\/ru\/wp-json\/wp\/v2\/pages\/7222","targetHints":{"allow":["GET"]}}],"collection":[{"href":"https:\/\/smartal.ee\/ru\/wp-json\/wp\/v2\/pages"}],"about":[{"href":"https:\/\/smartal.ee\/ru\/wp-json\/wp\/v2\/types\/page"}],"author":[{"embeddable":true,"href":"https:\/\/smartal.ee\/ru\/wp-json\/wp\/v2\/users\/1"}],"replies":[{"embeddable":true,"href":"https:\/\/smartal.ee\/ru\/wp-json\/wp\/v2\/comments?post=7222"}],"version-history":[{"count":7,"href":"https:\/\/smartal.ee\/ru\/wp-json\/wp\/v2\/pages\/7222\/revisions"}],"predecessor-version":[{"id":8341,"href":"https:\/\/smartal.ee\/ru\/wp-json\/wp\/v2\/pages\/7222\/revisions\/8341"}],"up":[{"embeddable":true,"href":"https:\/\/smartal.ee\/ru\/wp-json\/wp\/v2\/pages\/7031"}],"wp:attachment":[{"href":"https:\/\/smartal.ee\/ru\/wp-json\/wp\/v2\/media?parent=7222"}],"curies":[{"name":"wp","href":"https:\/\/api.w.org\/{rel}","templated":true}]}}