{"id":7406,"date":"2025-05-27T14:31:32","date_gmt":"2025-05-27T11:31:32","guid":{"rendered":"https:\/\/smartal.ee\/?page_id=7406"},"modified":"2025-08-07T00:11:43","modified_gmt":"2025-08-06T21:11:43","slug":"privaatsuspoliitika","status":"publish","type":"page","link":"https:\/\/smartal.ee\/ru\/ettevottest\/privaatsuspoliitika\/","title":{"rendered":"PRIVAATSUSPOLIITIKA"},"content":{"rendered":"<p class=\"has-white-color has-luminous-vivid-orange-background-color has-text-color has-background has-link-color has-medium-font-size wp-elements-e01113ebeccadf6eff3c822427967f21\">PRIVAATSUSPOLIITIKA<\/p>\n\n\n\n<p>E-poe <a href=\"https:\/\/smartal.ee\/ru\/sample-page\/epood\/\" data-type=\"link\" data-id=\"https:\/\/smartal.ee\/sample-page\/epood\/\">www.smartal.ee<\/a> isikuandmete vastutav t\u00f6\u00f6tleja on Smartal Engineering O\u00dc, registrikood 14662762, aadress \u00d5ism\u00e4e tee 80, Tallinn, telefon 55692270 ja e-post&nbsp;<a href=\"mailto:klienditugi@weg.ee\" target=\"_blank\" rel=\"noreferrer noopener\">info@smartal.ee<\/a>&nbsp;(edaspidi &#8220;M\u00fc\u00fcja&#8221;).<\/p>\n\n\n\n<p>K\u00e4esolevad andmekaitsetingimused on koostatud koosk\u00f5las Euroopa Parlamendi ja n\u00f5ukogu m\u00e4\u00e4rusega (EL) nr 2016\/679 f\u00fc\u00fcsiliste isikute kaitse kohta isikuandmete t\u00f6\u00f6tlemisel ja selliste andmete vaba liikumise ning direktiivi 95\/46 \/ E\u00dc kehtetuks tunnistamise kohta \/ E\u00dc (isikuandmete kaitse \u00fcldm\u00e4\u00e4rus), Eesti Vabariigi isikuandmete kaitse seadusega ning Eesti Vabariigi ja Euroopa Liidu \u00f5igusaktidega.<\/p>\n\n\n\n<p>Andmet\u00f6\u00f6tlejal on \u00f5igus andmekaitsetingimusi osaliselt v\u00f5i t\u00e4ielikult muuta, teavitades andmesubjekte muudatustest kodulehe&nbsp;<a href=\"https:\/\/smartal.ee\/ru\/sample-page\/epood\/\" data-type=\"link\" data-id=\"https:\/\/smartal.ee\/sample-page\/epood\/\">www.smartal.ee<\/a> kaudu.<\/p>\n\n\n\n<h2 class=\"wp-block-heading\">Milliseid isikuandmeid t\u00f6\u00f6deldakse?<\/h2>\n\n\n\n<ul class=\"wp-block-list\">\n<li>Ees- ja perekonnanimi;<\/li>\n\n\n\n<li>kontaktinfo, nagu telefoninumber ja e-posti aadress;<\/li>\n\n\n\n<li>maksja ja kohaletoimetamise aadress;<\/li>\n\n\n\n<li>pangakonto number v\u00f5i maksekaardi detailid;<\/li>\n\n\n\n<li>kaupade ja teenuste maksumus ja maksetega seotud andmed (ostuajalugu);<\/li>\n\n\n\n<li>klienditoe andmed;<\/li>\n\n\n\n<li>muu kliendiuuringute ja\/v\u00f5i pakkumistega seotud teave.<\/li>\n<\/ul>\n\n\n\n<p>K\u00fcpsiste kasutamise ja salvestamise kohta saate l\u00e4hemalt lugeda lehel: <a href=\"https:\/\/smartal.ee\/ru\/ettevottest\/andmekaitsetingimused\/\" data-type=\"link\" data-id=\"https:\/\/smartal.ee\/ettevottest\/andmekaitsetingimused\/\">K\u00fcpsiste kasutamise reeglid.<\/a><\/p>\n\n\n\n<h2 class=\"wp-block-heading\">Mis eesm\u00e4rgil isikuandmeid t\u00f6\u00f6deldakse?<\/h2>\n\n\n\n<p>Isikuandmete t\u00f6\u00f6tlemine toimub juriidilise kohustuse t\u00e4itmiseks (nt raamatupidamine ja tarbijavaidluste lahendamine).&nbsp;Isikuandmeid kasutatakse kliendi tellimuste haldamiseks ja kauba kohaletoimetamiseks.&nbsp;<br>Ostuajaloo andmeid (ostu kuup\u00e4ev, kaup, kogus, kliendi andmed) kasutatakse ostetud kaupade ja teenuste \u00fclevaate koostamiseks ning kliendieelistuste anal\u00fc\u00fcsimiseks.&nbsp;<br>Pangakonto numbrit kasutatakse kliendile maksete tagastamiseks.&nbsp;<br>Isikuandmeid nagu e-posti aadress, telefoninumber, kliendi nimi, t\u00f6\u00f6deldakse selleks, et lahendada kaupade ja teenuste osutamise seonduvaid k\u00fcsimusi (klienditugi).&nbsp;<br>E-poe kasutaja IP-aadressi v\u00f5i teisi v\u00f5rguidentifikaatoreid t\u00f6\u00f6deldakse e-poe kui info\u00fchiskonna teenuse osutamiseks ning veebikasutusstatistika tegemiseks.&nbsp;<\/p>\n\n\n\n<h2 class=\"wp-block-heading\">Isikuandmed: Edastamine volitatud t\u00f6\u00f6tlejatele<\/h2>\n\n\n\n<p>M\u00fc\u00fcja&nbsp;hoiab kliendi isikuandmeid saladuses ning avaldab neid kolmandatele osapooltele \u00fcksnes kliendi n\u00f5usolekul, v.a. kui andmete avaldamise kohustus v\u00f5i \u00f5igus tuleneb \u00f5igusaktidest.&nbsp;E-poe kasutaja n\u00f5ustub sellega, et kaupmehel&nbsp;on \u00f5igus kliendile sobivate teenuste osutamiseks t\u00f6\u00f6delda tema andmeid, sh edastada kliendi andmeid isikutele, kes on seotud&nbsp;kaupmehe&nbsp;poolt kliendile teenuse osutamisega. Nimekiri volitatud t\u00f6\u00f6tlejatest:<\/p>\n\n\n\n<ol class=\"wp-block-list\">\n<li>Majandustarkvara Merit Tarkvara (Tellimuste ja arvete halduseks ja t\u00e4itmiseks)<\/li>\n\n\n\n<li>Google Analytics (Veebilehe liikluse statistika j\u00e4lgimiseks)<\/li>\n\n\n\n<li>Omniva, SmartPost, DPD (Tarneteenuse pakkumiseks)<\/li>\n\n\n\n<li>Maksekeskus AS (Makselahendus)<\/li>\n<\/ol>\n\n\n\n<h2 class=\"wp-block-heading\">Turvalisus ja andmetele ligip\u00e4\u00e4s<\/h2>\n\n\n\n<p>E-pood rakendab asjakohaseid f\u00fc\u00fcsilisi, organisatsioonilisi ja infotehnilisi turvameetmeid, et kaitsta isikuandmeid juhusliku v\u00f5i ebaseadusliku h\u00e4vitamise, kaotsimineku, muutmise v\u00f5i loata juurdep\u00e4\u00e4su ja avalikustamise eest.<\/p>\n\n\n\n<p>Isikuandmete edastamine e-poe volitatud t\u00f6\u00f6tlejatele &#8211; isikuandmete t\u00f6\u00f6tlemine toimub e-poe ja volitatud t\u00f6\u00f6tlejatega s\u00f5lmitud lepingute alusel. Volitatud t\u00f6\u00f6tlejad on kohustatud tagama isikuandmete t\u00f6\u00f6tlemisel asjakohased kaitsemeetmed.<\/p>\n\n\n\n<h2 class=\"wp-block-heading\">S\u00e4ilitamine<\/h2>\n\n\n\n<p>E-poe kliendikonto sulgemisel kustutatakse isikuandmed, va juhul kui selliseid andmeid on vaja s\u00e4ilitada raamatupidamise jaoks v\u00f5i tarbijavaidluste lahendamiseks.&nbsp;<\/p>\n\n\n\n<p>Maksetega ja tarbijavaidlustega seotud vaidluste korral s\u00e4ilitatakse isikuandmed kuni n\u00f5ude t\u00e4itmiseni v\u00f5i aegumist\u00e4htaja l\u00f5puni (kolm aastat).&nbsp;<\/p>\n\n\n\n<p>Raamatupidamise jaoks vajalikud isikuandmed s\u00e4ilitatakse seitse aastat.&nbsp;<\/p>\n\n\n\n<h2 class=\"wp-block-heading\">Vaidluste lahendamine<\/h2>\n\n\n\n<p>Isikuandmete t\u00f6\u00f6tlemisega seotud vaidluste lahendamine toimub klienditoe vahendusel (<a href=\"mailto:klienditugi@weg.ee\">info@smartal.ee<\/a>). J\u00e4relevalveasutus on Eesti Andmekaitse Inspektsioon (<a href=\"mailto:info@aki.ee\">info@aki.ee<\/a>).&nbsp;<\/p>\n\n\n\n<p><\/p>","protected":false},"excerpt":{"rendered":"<p>PRIVAATSUSPOLIITIKA E-poe www.smartal.ee isikuandmete vastutav t\u00f6\u00f6tleja on Smartal Engineering O\u00dc, registrikood 14662762, aadress \u00d5ism\u00e4e tee 80, Tallinn, telefon 55692270 ja e-post&nbsp;info@smartal.ee&nbsp;(edaspidi &#8220;M\u00fc\u00fcja&#8221;). K\u00e4esolevad andmekaitsetingimused on koostatud koosk\u00f5las Euroopa Parlamendi ja n\u00f5ukogu m\u00e4\u00e4rusega (EL) nr 2016\/679 f\u00fc\u00fcsiliste isikute kaitse kohta isikuandmete t\u00f6\u00f6tlemisel ja selliste andmete vaba liikumise ning direktiivi 95\/46 \/ E\u00dc kehtetuks tunnistamise kohta \/ [&hellip;]<\/p>","protected":false},"author":1,"featured_media":0,"parent":7031,"menu_order":0,"comment_status":"closed","ping_status":"closed","template":"page-template\/ibtana-page-template.php","meta":{"_regular_price":[],"currency_symbol":[],"ub_ctt_via":"","footnotes":"[]"},"class_list":["post-7406","page","type-page","status-publish","hentry"],"post_slider_layout_featured_media_urls":{"thumbnail":"","post_slider_layout_landscape_large":"","post_slider_layout_portrait_large":"","post_slider_layout_square_large":"","post_slider_layout_landscape":"","post_slider_layout_portrait":"","post_slider_layout_square":"","full":""},"featured_image_src":null,"_links":{"self":[{"href":"https:\/\/smartal.ee\/ru\/wp-json\/wp\/v2\/pages\/7406","targetHints":{"allow":["GET"]}}],"collection":[{"href":"https:\/\/smartal.ee\/ru\/wp-json\/wp\/v2\/pages"}],"about":[{"href":"https:\/\/smartal.ee\/ru\/wp-json\/wp\/v2\/types\/page"}],"author":[{"embeddable":true,"href":"https:\/\/smartal.ee\/ru\/wp-json\/wp\/v2\/users\/1"}],"replies":[{"embeddable":true,"href":"https:\/\/smartal.ee\/ru\/wp-json\/wp\/v2\/comments?post=7406"}],"version-history":[{"count":4,"href":"https:\/\/smartal.ee\/ru\/wp-json\/wp\/v2\/pages\/7406\/revisions"}],"predecessor-version":[{"id":7726,"href":"https:\/\/smartal.ee\/ru\/wp-json\/wp\/v2\/pages\/7406\/revisions\/7726"}],"up":[{"embeddable":true,"href":"https:\/\/smartal.ee\/ru\/wp-json\/wp\/v2\/pages\/7031"}],"wp:attachment":[{"href":"https:\/\/smartal.ee\/ru\/wp-json\/wp\/v2\/media?parent=7406"}],"curies":[{"name":"wp","href":"https:\/\/api.w.org\/{rel}","templated":true}]}}