{"id":753,"date":"2021-02-26T13:15:45","date_gmt":"2021-02-26T13:15:45","guid":{"rendered":"https:\/\/smartal.ee\/?page_id=753"},"modified":"2025-08-06T23:52:06","modified_gmt":"2025-08-06T20:52:06","slug":"toostuslikud-ionisaatorid","status":"publish","type":"page","link":"https:\/\/smartal.ee\/ru\/sample-page\/toostuslikud-ionisaatorid\/","title":{"rendered":"PNEUMAATIKA"},"content":{"rendered":"<p class=\"has-white-color has-luminous-vivid-orange-background-color has-text-color has-background has-large-font-size\"> PNEUMAATIKA<\/p>\n\n\n\n<p class=\"has-vivid-cyan-blue-color has-white-background-color has-text-color has-background has-large-font-size\"> Meil saab tellida: SMS, FESTO, METALL-WORK pneumaatika tooted <\/p>\n\n\n\n<ul class=\"wp-block-list\">\n<li>SURU\u00d5HULAHENDUSED: LIITMIKUD, SILINDRID, FILTRID, VOOLIKUD, AJAMID, MAGNETKLAPPID, VAAKUMGENERAATORID<\/li>\n<\/ul>\n\n\n\n<ul class=\"wp-block-list\">\n<li>Kui t\u00f6\u00f6stuses on vajadus maha v\u00f5tta staatiline elekter, mis tekitab tootmiseajal, saame teile pakkuda lahendused SMC ionisaatori p\u00f5hjal.<\/li>\n<\/ul>\n\n\n\n<ul class=\"wp-block-list\">\n<li>Suru\u00f5hup\u00fcstol koos ionisaatoriga &#8211; ideaalselt sobib elektroonikat\u00f6\u00f6stuse, masina hoolduse ja kile pakendi tootmise jaoks.<\/li>\n<\/ul>\n\n\n\n<p><\/p>\n\n\n\n<figure class=\"wp-block-image size-large is-resized\"><img fetchpriority=\"high\" decoding=\"async\" width=\"300\" height=\"300\" src=\"https:\/\/smartal.ee\/wp-content\/uploads\/2021\/02\/image.png\" alt=\"\" class=\"wp-image-754\" style=\"width:194px;height:194px\" srcset=\"https:\/\/smartal.ee\/wp-content\/uploads\/2021\/02\/image.png 300w, https:\/\/smartal.ee\/wp-content\/uploads\/2021\/02\/image-200x200.png 200w, https:\/\/smartal.ee\/wp-content\/uploads\/2021\/02\/image-100x100.png 100w, https:\/\/smartal.ee\/wp-content\/uploads\/2021\/02\/image-150x150.png 150w\" sizes=\"(max-width: 300px) 100vw, 300px\" \/><figcaption class=\"wp-element-caption\">Toide 24VDC  Suru\u00f5hutoru kiirliitmik D6mm <\/figcaption><\/figure>\n\n\n\n<p>Toru ionisaator sobib tootmise t\u00fc\u00fcpi konveierile, v\u00f5tab staatiline elekter, mis tekitab tootmiseajal, kui asjad liiguvad konveieri peal.<\/p>\n\n\n\n<p><\/p>\n\n\n\n<figure class=\"wp-block-image size-large\"><img decoding=\"async\" width=\"502\" height=\"195\" src=\"https:\/\/smartal.ee\/wp-content\/uploads\/2021\/02\/image-2.png\" alt=\"\" class=\"wp-image-756\" srcset=\"https:\/\/smartal.ee\/wp-content\/uploads\/2021\/02\/image-2.png 502w, https:\/\/smartal.ee\/wp-content\/uploads\/2021\/02\/image-2-200x78.png 200w, https:\/\/smartal.ee\/wp-content\/uploads\/2021\/02\/image-2-300x117.png 300w\" sizes=\"(max-width: 502px) 100vw, 502px\" \/><figcaption class=\"wp-element-caption\">Toide 24VDC  Kiirliitmik 6mm sissendile tuleb lisada \u00f5hureduktor koos filter elemendiga <\/figcaption><\/figure>\n\n\n\n<ul class=\"wp-block-list\">\n<li>Antistaatilised voolikud ja liitmikud ideaalselt sobivad elektroonika t\u00f6\u00f6stusele ja ATEX n\u00f5ue ruumidele.<\/li>\n<\/ul>\n\n\n\n<figure class=\"wp-block-image size-large\"><img decoding=\"async\" width=\"745\" height=\"120\" src=\"https:\/\/smartal.ee\/wp-content\/uploads\/2021\/02\/image-3.png\" alt=\"\" class=\"wp-image-757\" srcset=\"https:\/\/smartal.ee\/wp-content\/uploads\/2021\/02\/image-3.png 745w, https:\/\/smartal.ee\/wp-content\/uploads\/2021\/02\/image-3-200x32.png 200w, https:\/\/smartal.ee\/wp-content\/uploads\/2021\/02\/image-3-300x48.png 300w\" sizes=\"(max-width: 745px) 100vw, 745px\" \/><\/figure>\n\n\n\n<p class=\"has-vivid-cyan-blue-color has-text-color has-link-color wp-elements-6a6729412258a9fbb13e110464fe25f3\"><strong>K\u00dcSI PAKKUMIST: <a href=\"mailto:info@smartal.ee\">info@smartal.ee<\/a><\/strong><\/p>\n\n\n\n<p><\/p>\n\n\n\n<p>Rohkem saab vaadata:  <\/p>\n\n\n\n<figure class=\"wp-block-embed\"><div class=\"wp-block-embed__wrapper\">\nhttps:\/\/www.smcworld.com\/products\/pickup\/en-jp\/ionizer\/izs40ser_fe.html\n<\/div><\/figure>","protected":false},"excerpt":{"rendered":"<p>PNEUMAATIKA Meil saab tellida: SMS, FESTO, METALL-WORK pneumaatika tooted Toru ionisaator sobib tootmise t\u00fc\u00fcpi konveierile, v\u00f5tab staatiline elekter, mis tekitab tootmiseajal, kui asjad liiguvad konveieri peal. K\u00dcSI PAKKUMIST: info@smartal.ee Rohkem saab vaadata:<\/p>","protected":false},"author":1,"featured_media":0,"parent":2,"menu_order":9,"comment_status":"closed","ping_status":"closed","template":"page-template\/ibtana-page-template.php","meta":{"_regular_price":[],"currency_symbol":[],"ub_ctt_via":"","footnotes":""},"class_list":["post-753","page","type-page","status-publish","hentry"],"post_slider_layout_featured_media_urls":{"thumbnail":"","post_slider_layout_landscape_large":"","post_slider_layout_portrait_large":"","post_slider_layout_square_large":"","post_slider_layout_landscape":"","post_slider_layout_portrait":"","post_slider_layout_square":"","full":""},"featured_image_src":null,"_links":{"self":[{"href":"https:\/\/smartal.ee\/ru\/wp-json\/wp\/v2\/pages\/753","targetHints":{"allow":["GET"]}}],"collection":[{"href":"https:\/\/smartal.ee\/ru\/wp-json\/wp\/v2\/pages"}],"about":[{"href":"https:\/\/smartal.ee\/ru\/wp-json\/wp\/v2\/types\/page"}],"author":[{"embeddable":true,"href":"https:\/\/smartal.ee\/ru\/wp-json\/wp\/v2\/users\/1"}],"replies":[{"embeddable":true,"href":"https:\/\/smartal.ee\/ru\/wp-json\/wp\/v2\/comments?post=753"}],"version-history":[{"count":8,"href":"https:\/\/smartal.ee\/ru\/wp-json\/wp\/v2\/pages\/753\/revisions"}],"predecessor-version":[{"id":7708,"href":"https:\/\/smartal.ee\/ru\/wp-json\/wp\/v2\/pages\/753\/revisions\/7708"}],"up":[{"embeddable":true,"href":"https:\/\/smartal.ee\/ru\/wp-json\/wp\/v2\/pages\/2"}],"wp:attachment":[{"href":"https:\/\/smartal.ee\/ru\/wp-json\/wp\/v2\/media?parent=753"}],"curies":[{"name":"wp","href":"https:\/\/api.w.org\/{rel}","templated":true}]}}