{"id":7949,"date":"2025-12-22T23:59:59","date_gmt":"2025-12-22T20:59:59","guid":{"rendered":"https:\/\/smartal.ee\/?page_id=7949"},"modified":"2025-12-28T20:23:30","modified_gmt":"2025-12-28T17:23:30","slug":"haid-puhi","status":"publish","type":"page","link":"https:\/\/smartal.ee\/ru\/haid-puhi\/","title":{"rendered":"H\u00c4ID P\u00dcHI"},"content":{"rendered":"<div data-elementor-type=\"wp-page\" data-elementor-id=\"7949\" class=\"elementor elementor-7949\">\n\t\t\t\t<div class=\"elementor-element elementor-element-5dd4e451 e-flex e-con-boxed e-con e-parent\" data-id=\"5dd4e451\" data-element_type=\"container\">\n\t\t\t\t\t<div class=\"e-con-inner\">\n\t\t\t\t<div class=\"elementor-element elementor-element-222be055 elementor-widget elementor-widget-text-editor\" data-id=\"222be055\" data-element_type=\"widget\" data-widget_type=\"text-editor.default\">\n\t\t\t\t\t\t\t\t\t<h2><strong><span style=\"color: #99ccff;\">Smartal Engineering O\u00dc<\/span> <span style=\"color: #99ccff;\">&#8211;<\/span> <span style=\"color: #99ccff;\">Aasta 2025 kokkuv\u00f5te<\/span><\/strong><\/h2>\n<h2><!-- \/wp:paragraph --><!-- wp:paragraph --><\/h2>\n<h2><span style=\"color: #99ccff;\"><strong>2025. aasta t\u00f5i meie ettev\u00f5ttele m\u00e4rkimisv\u00e4\u00e4rseid edusamme:<\/strong><\/span><\/h2>\n<p><!-- \/wp:paragraph --><!-- wp:list --><\/p>\n<ul class=\"wp-block-list\">\n<li style=\"list-style-type: none;\">\n<ul class=\"wp-block-list\"><!-- wp:list-item --><\/ul>\n<\/li>\n<\/ul>\n<ul class=\"wp-block-list\">\n<li style=\"list-style-type: none;\">\n<ul class=\"wp-block-list\">\n<li>edukalt saavutasime olulise kvaliteedi- ja keskkonnajuhtimise tunnustuse, saades\u00a0<strong>ISO 9001<\/strong>\u00a0ja\u00a0<strong>ISO 14001<\/strong><a href=\"https:\/\/smartal.ee\/ru\/ettevottest\/__iso\/\"><strong>\u00a0<\/strong>sertifikaadid<\/a><\/li>\n<\/ul>\n<\/li>\n<\/ul>\n<p><!-- \/wp:list-item --><!-- wp:list-item --><\/p>\n<ul class=\"wp-block-list\">\n<li style=\"list-style-type: none;\">\n<ul class=\"wp-block-list\">\n<li>j\u00e4tkasime osalemist Euroopa <a href=\"https:\/\/smartal.ee\/ru\/euroopa-regionaalarengu-fondi-projekt\/\">AMPS projektis<\/a>, arendades pidevalt oma oskusi robotite programmeerimises<\/li>\n<\/ul>\n<\/li>\n<\/ul>\n<p><!-- \/wp:list-item --><!-- wp:list-item --><\/p>\n<ul class=\"wp-block-list\">\n<li style=\"list-style-type: none;\">\n<ul class=\"wp-block-list\">\n<li>saime <a href=\"https:\/\/www.smc.eu\/et-ee\/distributors\">SMC pneumaatika<\/a> ametlikuks edasim\u00fc\u00fcjaks<\/li>\n<\/ul>\n<\/li>\n<\/ul>\n<p><!-- \/wp:list-item --><!-- wp:list-item --><\/p>\n<ul class=\"wp-block-list\">\n<li style=\"list-style-type: none;\">\n<ul class=\"wp-block-list\">\n<li>Suurendasime oluliselt kohapealset laoseisu: andureid, releid, sagedusmuundurid, kontrollerid, \u00d6lflex kaablid, pneumaatika mida alati saab tellida <a href=\"https:\/\/smartal.ee\/ru\/sample-page\/epood\/\" data-type=\"link\" data-id=\"https:\/\/smartal.ee\/sample-page\/epood\/\">e-poest<\/a><\/li>\n<\/ul>\n<\/li>\n<\/ul>\n<p><!-- \/wp:list-item --><!-- wp:list-item --><\/p>\n<ul class=\"wp-block-list\">\n<li style=\"list-style-type: none;\">\n<ul class=\"wp-block-list\">\n<li>t\u00e4iustasime oma tehnilist kompetentsi: 5S, FIFO, ATEX, SIL3, HAZOP, ALLDEVICE<\/li>\n<\/ul>\n<\/li>\n<\/ul>\n<p><!-- \/wp:list-item --><!-- wp:list-item --><\/p>\n<ul class=\"wp-block-list\">\n<li style=\"list-style-type: none;\">\n<ul class=\"wp-block-list\">\n<li>paigaldasime meie klientidele mittu kilometri <a href=\"https:\/\/products.lappgroup.com\/online-catalogue.html\">signaal kaablid <\/a>kui ka <a href=\"https:\/\/www.obo.ee\/\">kaabli rennid <\/a>ja mittu saja t\u00fckki <a href=\"https:\/\/smartal.ee\/ru\/product-category\/valgustid\/\">LED valgustid<\/a><\/li>\n<\/ul>\n<\/li>\n<\/ul>\n<p><!-- \/wp:list-item --><!-- wp:list-item --><\/p>\n<ul class=\"wp-block-list\">\n<li style=\"list-style-type: none;\">\n<ul class=\"wp-block-list\">\n<li>t\u00f5stsime oma teenuste kiirust ja tarnekindlust.<\/li>\n<\/ul>\n<\/li>\n<\/ul>\n<p><!-- \/wp:list-item --><!-- wp:list-item --><\/p>\n<ul class=\"wp-block-list\">\n<li style=\"list-style-type: none;\">\n<ul class=\"wp-block-list\">\n<li>j\u00e4tkasime pakkuda hoolduse kui ka tehniline tugi meie lepingulise klientidele.<\/li>\n<\/ul>\n<\/li>\n<\/ul>\n<p><!-- \/wp:list-item --><!-- wp:list-item --><\/p>\n<ul class=\"wp-block-list\">\n<li style=\"list-style-type: none;\">\n<ul class=\"wp-block-list\">\n<li>avasime uue sunna <a href=\"https:\/\/smartal.ee\/ru\/product-category\/tookoja-ja-toostuskeemia\/\">t\u00f6\u00f6stuskeemia ja m\u00e4\u00e4rdeained <\/a><\/li>\n<\/ul>\n<\/li>\n<\/ul>\n<p><!-- \/wp:list-item --><\/p>\n<p><!-- \/wp:list --><!-- wp:paragraph --><\/p>\n<p>Hindame s\u00fcdamest k\u00f5igi klientide ja partnerite usaldust ja koost\u00f6\u00f6d ning ootame p\u00f5nevusega uusi v\u00e4ljakutseid.<\/p>\n<p><!-- \/wp:paragraph --><!-- wp:paragraph --><\/p>\n<h2><span style=\"color: #ff0000;\"><em><strong><u>P\u00fchade lahtiolekuajad:<\/u><\/strong><\/em><\/span><strong><span style=\"color: #ff0000;\"><u><br \/><\/u><\/span><em><span style=\"color: #99ccff;\">23.12\u201328.12 \u2013 suletud<\/span><\/em><br \/><em><span style=\"color: #99ccff;\">31.12 \u2013 avatud 8:00\u201313:30<\/span><br \/><\/em><\/strong><\/h2>\n<div><strong><em><span style=\"color: #99ccff;\">\u00a0<\/span><\/em><\/strong><\/div>\n<p><!-- \/wp:paragraph --><!-- wp:paragraph --><\/p>\n<p><!-- \/wp:paragraph --><!-- wp:image {\"id\":7955,\"sizeSlug\":\"large\",\"linkDestination\":\"none\"} --><\/p>\n<figure class=\"wp-block-image size-large\"><img fetchpriority=\"high\" decoding=\"async\" width=\"1024\" height=\"747\" class=\"wp-image-7955\" src=\"https:\/\/smartal.ee\/wp-content\/uploads\/2025\/12\/9db735b7a14a62d09d1110ee60ddb192-1-1024x747.png\" alt=\"\" srcset=\"https:\/\/smartal.ee\/wp-content\/uploads\/2025\/12\/9db735b7a14a62d09d1110ee60ddb192-1-1024x747.png 1024w, https:\/\/smartal.ee\/wp-content\/uploads\/2025\/12\/9db735b7a14a62d09d1110ee60ddb192-1-300x219.png 300w, https:\/\/smartal.ee\/wp-content\/uploads\/2025\/12\/9db735b7a14a62d09d1110ee60ddb192-1-768x560.png 768w, https:\/\/smartal.ee\/wp-content\/uploads\/2025\/12\/9db735b7a14a62d09d1110ee60ddb192-1-16x12.png 16w, https:\/\/smartal.ee\/wp-content\/uploads\/2025\/12\/9db735b7a14a62d09d1110ee60ddb192-1-200x146.png 200w, https:\/\/smartal.ee\/wp-content\/uploads\/2025\/12\/9db735b7a14a62d09d1110ee60ddb192-1.png 1184w\" sizes=\"(max-width: 1024px) 100vw, 1024px\" \/><\/figure>\n<p><!-- \/wp:image --><!-- wp:paragraph --><\/p>\n<p><!-- \/wp:paragraph --><\/p>\t\t\t\t\t\t\t\t<\/div>\n\t\t\t\t\t<\/div>\n\t\t\t\t<\/div>\n\t\t<div class=\"elementor-element elementor-element-23e5bc0 e-flex e-con-boxed e-con e-parent\" data-id=\"23e5bc0\" data-element_type=\"container\">\n\t\t\t\t\t<div class=\"e-con-inner\">\n\t\t\t\t\t<\/div>\n\t\t\t\t<\/div>\n\t\t\t\t<\/div>","protected":false},"excerpt":{"rendered":"<p>Smartal Engineering O\u00dc &#8211; Aasta 2025 kokkuv\u00f5te 2025. aasta t\u00f5i meie ettev\u00f5ttele m\u00e4rkimisv\u00e4\u00e4rseid edusamme: edukalt saavutasime olulise kvaliteedi- ja keskkonnajuhtimise tunnustuse, saades\u00a0ISO 9001\u00a0ja\u00a0ISO 14001\u00a0sertifikaadid j\u00e4tkasime osalemist Euroopa AMPS projektis, arendades pidevalt oma oskusi robotite programmeerimises saime SMC pneumaatika ametlikuks edasim\u00fc\u00fcjaks Suurendasime oluliselt kohapealset laoseisu: andureid, releid, sagedusmuundurid, kontrollerid, \u00d6lflex kaablid, pneumaatika mida alati saab tellida [&hellip;]<\/p>","protected":false},"author":1,"featured_media":0,"parent":0,"menu_order":0,"comment_status":"closed","ping_status":"closed","template":"page-template\/ibtana-page-template.php","meta":{"_regular_price":[],"currency_symbol":[],"ub_ctt_via":"","footnotes":""},"class_list":["post-7949","page","type-page","status-publish","hentry"],"post_slider_layout_featured_media_urls":{"thumbnail":"","post_slider_layout_landscape_large":"","post_slider_layout_portrait_large":"","post_slider_layout_square_large":"","post_slider_layout_landscape":"","post_slider_layout_portrait":"","post_slider_layout_square":"","full":""},"featured_image_src":null,"_links":{"self":[{"href":"https:\/\/smartal.ee\/ru\/wp-json\/wp\/v2\/pages\/7949","targetHints":{"allow":["GET"]}}],"collection":[{"href":"https:\/\/smartal.ee\/ru\/wp-json\/wp\/v2\/pages"}],"about":[{"href":"https:\/\/smartal.ee\/ru\/wp-json\/wp\/v2\/types\/page"}],"author":[{"embeddable":true,"href":"https:\/\/smartal.ee\/ru\/wp-json\/wp\/v2\/users\/1"}],"replies":[{"embeddable":true,"href":"https:\/\/smartal.ee\/ru\/wp-json\/wp\/v2\/comments?post=7949"}],"version-history":[{"count":17,"href":"https:\/\/smartal.ee\/ru\/wp-json\/wp\/v2\/pages\/7949\/revisions"}],"predecessor-version":[{"id":8034,"href":"https:\/\/smartal.ee\/ru\/wp-json\/wp\/v2\/pages\/7949\/revisions\/8034"}],"wp:attachment":[{"href":"https:\/\/smartal.ee\/ru\/wp-json\/wp\/v2\/media?parent=7949"}],"curies":[{"name":"wp","href":"https:\/\/api.w.org\/{rel}","templated":true}]}}