{"id":94,"date":"2020-01-14T08:40:50","date_gmt":"2020-01-14T08:40:50","guid":{"rendered":"https:\/\/smartal.ee\/?page_id=94"},"modified":"2025-08-07T11:45:40","modified_gmt":"2025-08-07T08:45:40","slug":"elektrikaidukorraldamine","status":"publish","type":"page","link":"https:\/\/smartal.ee\/ru\/sample-page\/elektrikaidukorraldamine\/","title":{"rendered":"ELEKTRIPAIGALDIS  JA K\u00c4IDUKORRALDUS"},"content":{"rendered":"<p class=\"has-white-color has-luminous-vivid-orange-background-color has-text-color has-background has-medium-font-size\"><strong>ELEKTRIPAIGALDIS  JA K\u00c4IDUKORRALDUS<\/strong><\/p>\n\n\n\n<p>Pakkumne  enda  klientidele  B2B  elektripaigalduse teenused:<\/p>\n\n\n\n<ul class=\"wp-block-list\">\n<li>Elektripaigaldus ja hooldus  kuni 1000V vahelduvpingel ning alalispinge puhul kuni 1500V  &#8211; ehk Madalpinge alla<\/li>\n\n\n\n<li>Elektrikilpide koostamine ja paigaldamine<\/li>\n\n\n\n<li>Kaabli trasside ehitamine (kaabli redeled, korvid, karbikud)<\/li>\n\n\n\n<li>Potentsiaali\u00fchtlustus ja maanduse paigaldus<\/li>\n\n\n\n<li>Elektriauditi ettevalmistamine ja organiseerimine<\/li>\n\n\n\n<li>Elektripaigaldiste ja Seadmete termograafiline kontroll <\/li>\n\n\n\n<li>LED ja ATEX valgustite  paigaldamine<\/li>\n\n\n\n<li>Seadmete paigaldus ja koolimise teenus <\/li>\n\n\n\n<li>Robotite paigaldus   <\/li>\n<\/ul>\n\n\n\n<figure class=\"wp-block-gallery has-nested-images columns-default is-cropped wp-block-gallery-1 is-layout-flex wp-block-gallery-is-layout-flex\">\n<figure class=\"wp-block-image size-large\"><img fetchpriority=\"high\" decoding=\"async\" width=\"618\" height=\"660\" data-id=\"6814\" src=\"https:\/\/smartal.ee\/wp-content\/uploads\/2024\/09\/Picture6.jpg\" alt=\"\" class=\"wp-image-6814\" srcset=\"https:\/\/smartal.ee\/wp-content\/uploads\/2024\/09\/Picture6.jpg 618w, https:\/\/smartal.ee\/wp-content\/uploads\/2024\/09\/Picture6-281x300.jpg 281w, https:\/\/smartal.ee\/wp-content\/uploads\/2024\/09\/Picture6-11x12.jpg 11w, https:\/\/smartal.ee\/wp-content\/uploads\/2024\/09\/Picture6-200x214.jpg 200w\" sizes=\"(max-width: 618px) 100vw, 618px\" \/><\/figure>\n\n\n\n<figure class=\"wp-block-image size-large\"><img decoding=\"async\" width=\"588\" height=\"660\" data-id=\"6808\" src=\"https:\/\/smartal.ee\/wp-content\/uploads\/2024\/09\/Picture5.jpg\" alt=\"\" class=\"wp-image-6808\" srcset=\"https:\/\/smartal.ee\/wp-content\/uploads\/2024\/09\/Picture5.jpg 588w, https:\/\/smartal.ee\/wp-content\/uploads\/2024\/09\/Picture5-267x300.jpg 267w, https:\/\/smartal.ee\/wp-content\/uploads\/2024\/09\/Picture5-11x12.jpg 11w, https:\/\/smartal.ee\/wp-content\/uploads\/2024\/09\/Picture5-200x224.jpg 200w\" sizes=\"(max-width: 588px) 100vw, 588px\" \/><\/figure>\n\n\n\n<figure class=\"wp-block-image size-large\"><img decoding=\"async\" width=\"768\" height=\"1024\" data-id=\"793\" src=\"https:\/\/smartal.ee\/wp-content\/uploads\/2021\/02\/20210125_183547-1-768x1024.jpg\" alt=\"\" class=\"wp-image-793\" srcset=\"https:\/\/smartal.ee\/wp-content\/uploads\/2021\/02\/20210125_183547-1-768x1024.jpg 768w, https:\/\/smartal.ee\/wp-content\/uploads\/2021\/02\/20210125_183547-1-scaled-200x267.jpg 200w, https:\/\/smartal.ee\/wp-content\/uploads\/2021\/02\/20210125_183547-1-225x300.jpg 225w, https:\/\/smartal.ee\/wp-content\/uploads\/2021\/02\/20210125_183547-1-1152x1536.jpg 1152w, https:\/\/smartal.ee\/wp-content\/uploads\/2021\/02\/20210125_183547-1-1536x2048.jpg 1536w, https:\/\/smartal.ee\/wp-content\/uploads\/2021\/02\/20210125_183547-1-scaled.jpg 1920w\" sizes=\"(max-width: 768px) 100vw, 768px\" \/><\/figure>\n\n\n\n<figure class=\"wp-block-image size-full\"><img loading=\"lazy\" decoding=\"async\" width=\"1920\" height=\"2560\" data-id=\"6834\" src=\"https:\/\/smartal.ee\/wp-content\/uploads\/2024\/09\/IMG_5776-scaled.jpg\" alt=\"\" class=\"wp-image-6834\" srcset=\"https:\/\/smartal.ee\/wp-content\/uploads\/2024\/09\/IMG_5776-scaled.jpg 1920w, https:\/\/smartal.ee\/wp-content\/uploads\/2024\/09\/IMG_5776-225x300.jpg 225w, https:\/\/smartal.ee\/wp-content\/uploads\/2024\/09\/IMG_5776-768x1024.jpg 768w, https:\/\/smartal.ee\/wp-content\/uploads\/2024\/09\/IMG_5776-1152x1536.jpg 1152w, https:\/\/smartal.ee\/wp-content\/uploads\/2024\/09\/IMG_5776-1536x2048.jpg 1536w, https:\/\/smartal.ee\/wp-content\/uploads\/2024\/09\/IMG_5776-9x12.jpg 9w, https:\/\/smartal.ee\/wp-content\/uploads\/2024\/09\/IMG_5776-200x267.jpg 200w\" sizes=\"(max-width: 1920px) 100vw, 1920px\" \/><\/figure>\n\n\n\n<figure class=\"wp-block-image size-large\"><img loading=\"lazy\" decoding=\"async\" width=\"689\" height=\"203\" data-id=\"6817\" src=\"https:\/\/smartal.ee\/wp-content\/uploads\/2024\/09\/Picture7.png\" alt=\"\" class=\"wp-image-6817\" srcset=\"https:\/\/smartal.ee\/wp-content\/uploads\/2024\/09\/Picture7.png 689w, https:\/\/smartal.ee\/wp-content\/uploads\/2024\/09\/Picture7-300x88.png 300w, https:\/\/smartal.ee\/wp-content\/uploads\/2024\/09\/Picture7-18x5.png 18w, https:\/\/smartal.ee\/wp-content\/uploads\/2024\/09\/Picture7-200x59.png 200w\" sizes=\"(max-width: 689px) 100vw, 689px\" \/><\/figure>\n\n\n\n<figure class=\"wp-block-image size-large\"><img loading=\"lazy\" decoding=\"async\" width=\"768\" height=\"1024\" data-id=\"6810\" src=\"https:\/\/smartal.ee\/wp-content\/uploads\/2024\/09\/IMG_5907-768x1024.jpg\" alt=\"\" class=\"wp-image-6810\" srcset=\"https:\/\/smartal.ee\/wp-content\/uploads\/2024\/09\/IMG_5907-768x1024.jpg 768w, https:\/\/smartal.ee\/wp-content\/uploads\/2024\/09\/IMG_5907-225x300.jpg 225w, https:\/\/smartal.ee\/wp-content\/uploads\/2024\/09\/IMG_5907-1152x1536.jpg 1152w, https:\/\/smartal.ee\/wp-content\/uploads\/2024\/09\/IMG_5907-1536x2048.jpg 1536w, https:\/\/smartal.ee\/wp-content\/uploads\/2024\/09\/IMG_5907-9x12.jpg 9w, https:\/\/smartal.ee\/wp-content\/uploads\/2024\/09\/IMG_5907-200x267.jpg 200w, https:\/\/smartal.ee\/wp-content\/uploads\/2024\/09\/IMG_5907-scaled.jpg 1920w\" sizes=\"(max-width: 768px) 100vw, 768px\" \/><\/figure>\n\n\n\n<figure class=\"wp-block-image size-large\"><img loading=\"lazy\" decoding=\"async\" width=\"768\" height=\"1024\" data-id=\"1348\" src=\"https:\/\/smartal.ee\/wp-content\/uploads\/2021\/10\/20210504_190623-768x1024.jpg\" alt=\"\" class=\"wp-image-1348\" srcset=\"https:\/\/smartal.ee\/wp-content\/uploads\/2021\/10\/20210504_190623-768x1024.jpg 768w, https:\/\/smartal.ee\/wp-content\/uploads\/2021\/10\/20210504_190623-scaled-200x267.jpg 200w, https:\/\/smartal.ee\/wp-content\/uploads\/2021\/10\/20210504_190623-225x300.jpg 225w, https:\/\/smartal.ee\/wp-content\/uploads\/2021\/10\/20210504_190623-1152x1536.jpg 1152w, https:\/\/smartal.ee\/wp-content\/uploads\/2021\/10\/20210504_190623-1536x2048.jpg 1536w, https:\/\/smartal.ee\/wp-content\/uploads\/2021\/10\/20210504_190623-scaled.jpg 1920w\" sizes=\"(max-width: 768px) 100vw, 768px\" \/><\/figure>\n\n\n\n<figure class=\"wp-block-image size-large\"><img loading=\"lazy\" decoding=\"async\" width=\"1024\" height=\"529\" data-id=\"6812\" src=\"https:\/\/smartal.ee\/wp-content\/uploads\/2024\/09\/Picture3-1024x529.jpg\" alt=\"\" class=\"wp-image-6812\" srcset=\"https:\/\/smartal.ee\/wp-content\/uploads\/2024\/09\/Picture3-1024x529.jpg 1024w, https:\/\/smartal.ee\/wp-content\/uploads\/2024\/09\/Picture3-300x155.jpg 300w, https:\/\/smartal.ee\/wp-content\/uploads\/2024\/09\/Picture3-768x397.jpg 768w, https:\/\/smartal.ee\/wp-content\/uploads\/2024\/09\/Picture3-18x9.jpg 18w, https:\/\/smartal.ee\/wp-content\/uploads\/2024\/09\/Picture3-200x103.jpg 200w, https:\/\/smartal.ee\/wp-content\/uploads\/2024\/09\/Picture3.jpg 1054w\" sizes=\"(max-width: 1024px) 100vw, 1024px\" \/><\/figure>\n\n\n\n<figure class=\"wp-block-image size-large\"><img loading=\"lazy\" decoding=\"async\" width=\"819\" height=\"1024\" data-id=\"6813\" src=\"https:\/\/smartal.ee\/wp-content\/uploads\/2024\/09\/404385043_861264869332982_6723119132759693809_n-819x1024.jpg\" alt=\"\" class=\"wp-image-6813\" srcset=\"https:\/\/smartal.ee\/wp-content\/uploads\/2024\/09\/404385043_861264869332982_6723119132759693809_n-819x1024.jpg 819w, https:\/\/smartal.ee\/wp-content\/uploads\/2024\/09\/404385043_861264869332982_6723119132759693809_n-240x300.jpg 240w, https:\/\/smartal.ee\/wp-content\/uploads\/2024\/09\/404385043_861264869332982_6723119132759693809_n-768x960.jpg 768w, https:\/\/smartal.ee\/wp-content\/uploads\/2024\/09\/404385043_861264869332982_6723119132759693809_n-1229x1536.jpg 1229w, https:\/\/smartal.ee\/wp-content\/uploads\/2024\/09\/404385043_861264869332982_6723119132759693809_n-10x12.jpg 10w, https:\/\/smartal.ee\/wp-content\/uploads\/2024\/09\/404385043_861264869332982_6723119132759693809_n-200x250.jpg 200w, https:\/\/smartal.ee\/wp-content\/uploads\/2024\/09\/404385043_861264869332982_6723119132759693809_n.jpg 1440w\" sizes=\"(max-width: 819px) 100vw, 819px\" \/><\/figure>\n\n\n\n<figure class=\"wp-block-image size-large\"><img loading=\"lazy\" decoding=\"async\" width=\"768\" height=\"1024\" data-id=\"6830\" src=\"https:\/\/smartal.ee\/wp-content\/uploads\/2024\/09\/IMG_5941-768x1024.jpg\" alt=\"\" class=\"wp-image-6830\" srcset=\"https:\/\/smartal.ee\/wp-content\/uploads\/2024\/09\/IMG_5941-768x1024.jpg 768w, https:\/\/smartal.ee\/wp-content\/uploads\/2024\/09\/IMG_5941-225x300.jpg 225w, https:\/\/smartal.ee\/wp-content\/uploads\/2024\/09\/IMG_5941-1152x1536.jpg 1152w, https:\/\/smartal.ee\/wp-content\/uploads\/2024\/09\/IMG_5941-1536x2048.jpg 1536w, https:\/\/smartal.ee\/wp-content\/uploads\/2024\/09\/IMG_5941-9x12.jpg 9w, https:\/\/smartal.ee\/wp-content\/uploads\/2024\/09\/IMG_5941-200x267.jpg 200w, https:\/\/smartal.ee\/wp-content\/uploads\/2024\/09\/IMG_5941-scaled.jpg 1920w\" sizes=\"(max-width: 768px) 100vw, 768px\" \/><\/figure>\n\n\n\n<figure class=\"wp-block-image size-large\"><img loading=\"lazy\" decoding=\"async\" width=\"768\" height=\"1024\" data-id=\"6831\" src=\"https:\/\/smartal.ee\/wp-content\/uploads\/2024\/09\/IMG_5940-768x1024.jpg\" alt=\"\" class=\"wp-image-6831\" srcset=\"https:\/\/smartal.ee\/wp-content\/uploads\/2024\/09\/IMG_5940-768x1024.jpg 768w, https:\/\/smartal.ee\/wp-content\/uploads\/2024\/09\/IMG_5940-225x300.jpg 225w, https:\/\/smartal.ee\/wp-content\/uploads\/2024\/09\/IMG_5940-1152x1536.jpg 1152w, https:\/\/smartal.ee\/wp-content\/uploads\/2024\/09\/IMG_5940-1536x2048.jpg 1536w, https:\/\/smartal.ee\/wp-content\/uploads\/2024\/09\/IMG_5940-9x12.jpg 9w, https:\/\/smartal.ee\/wp-content\/uploads\/2024\/09\/IMG_5940-200x267.jpg 200w, https:\/\/smartal.ee\/wp-content\/uploads\/2024\/09\/IMG_5940-scaled.jpg 1920w\" sizes=\"(max-width: 768px) 100vw, 768px\" \/><\/figure>\n\n\n\n<figure class=\"wp-block-image size-large\"><img loading=\"lazy\" decoding=\"async\" width=\"768\" height=\"1024\" data-id=\"6832\" src=\"https:\/\/smartal.ee\/wp-content\/uploads\/2024\/09\/IMG_5942-768x1024.jpg\" alt=\"\" class=\"wp-image-6832\" srcset=\"https:\/\/smartal.ee\/wp-content\/uploads\/2024\/09\/IMG_5942-768x1024.jpg 768w, https:\/\/smartal.ee\/wp-content\/uploads\/2024\/09\/IMG_5942-225x300.jpg 225w, https:\/\/smartal.ee\/wp-content\/uploads\/2024\/09\/IMG_5942-1152x1536.jpg 1152w, https:\/\/smartal.ee\/wp-content\/uploads\/2024\/09\/IMG_5942-1536x2048.jpg 1536w, https:\/\/smartal.ee\/wp-content\/uploads\/2024\/09\/IMG_5942-9x12.jpg 9w, https:\/\/smartal.ee\/wp-content\/uploads\/2024\/09\/IMG_5942-200x267.jpg 200w, https:\/\/smartal.ee\/wp-content\/uploads\/2024\/09\/IMG_5942-scaled.jpg 1920w\" sizes=\"(max-width: 768px) 100vw, 768px\" \/><\/figure>\n<\/figure>\n\n\n\n<h1 class=\"wp-block-heading has-white-color has-luminous-vivid-orange-background-color has-text-color has-background has-large-font-size\"><em>Mis on elektripaigaldise k\u00e4it ja mida me pakkume!<\/em><\/h1>\n\n\n\n<p><strong>Elektrik\u00e4idukorraldamine B alla, \u00e4ri v\u00f5i t\u00f6\u00f6stusobjektidel. Teostame elektrikilpide paigaldust, remont, puhastust, termopildistamist ja avariivalgustuse kontrolli.<\/strong><\/p>\n\n\n\n<p><strong>Elektripaigaldiste k\u00e4it<\/strong>&nbsp;on igasugune tegevus elektripaigaldise talitluses hoidmiseks. H\u00f5lmates eelk\u00f5ige l\u00fclitamist, juhtimist, kontrollimist, hooldamist ning elektri- ja muid seonduvaid t\u00f6id. Elektripaigaldise k\u00e4idukava m\u00e4\u00e4rab k\u00e4idu vajaliku korra ja protseduurid. Elektripaigaldise tehnohoolduse tulemusel tagatakse elektripaigaldise kasutamisohutus nii inimesele, varale kui ka keskkonnale.<\/p>\n\n\n\n<p>Elektripaigaldiste k\u00e4it h\u00f5lmab j\u00e4rgnevat:<\/p>\n\n\n\n<p><strong>K\u00e4idukorraldus<\/strong><br>Elektripaigaldisele, mille peakaitsme nimivool \u00fcletab 100 A, on elektripaigaldise eest vastutaval isikul (omanikul) kohustus m\u00e4\u00e4rata elektripaigaldise kasutamise n\u00f5uete t\u00e4itmist korraldav isik (kasutamise j\u00e4relevaataja). Kasutamise j\u00e4relvaataja koostab elektripaigaldisele n\u00f5uetekohase k\u00e4idukava ja korraldab selle t\u00e4itmise. Kasutamise j\u00e4relevaataja peab omama seadusega ette n\u00e4htud p\u00e4devustunnistust.<\/p>\n\n\n\n<p><strong>K\u00e4idut\u00f6\u00f6d<\/strong><br>K\u00e4idut\u00f6\u00f6dega tagatakse elektripaigaldise t\u00f5rgeteta t\u00f6\u00f6 ning tellijale esitatakse hooldust\u00f6\u00f6de kirjalik aruanne, mille p\u00f5hjal tellitakse elektripaigaldise korrastamine ning kasutusk\u00f5lbmatute osade v\u00e4ljavahetamine. Vastavalt k\u00e4idukavale viiakse v\u00e4hemalt kord aastas l\u00e4bi pea- ja jaotuskeskuste, kaitsel\u00fclitite ning elektriarvestite seisundi kontroll, juhtklemmide pingutamine, jaotuskeskuse puhastamine tolmust jne.<\/p>\n\n\n\n<p><strong>Turvavalgustuss\u00fcsteemide k\u00e4it<\/strong><br>Turvavalgustuss\u00fcsteemi kontroll koos p\u00e4evikusse dokumenteerimisega.<\/p>\n\n\n\n<p><strong>Rikkevoolukaitsel\u00fclitite kontroll<\/strong><br>Elektripaigaldiste k\u00e4idut\u00f6\u00f6de osaks on rikkevoolu kaitsel\u00fclitite korrasoleku kontroll. Rikkevoolukaitsel\u00fcliteid tuleb kontrollida perioodiliselt.<br>Elektrotehniliste kontrollm\u00f5\u00f5tmiste organiseerimine<br>Teostatakse erinevaid kontrollm\u00f5\u00f5tmisi: isolatsioonitakistuse m\u00f5\u00f5tmine, rikkevoolukaitsel\u00fclitite rakendumisvoolu ja -aja kontroll, jne.<\/p>\n\n\n\n<p><strong>Elektripaigaldise auditi&nbsp;organiseerimine&nbsp;&nbsp;&nbsp;&nbsp;&nbsp;<\/strong><br>Hinnatakse elektripaigaldise vastavust \u00f5igusaktides kehtestatud n\u00f5uetele.<\/p>\n\n\n\n<p><\/p>\n\n\n\n<div class=\"wp-block-group\"><div class=\"wp-block-group__inner-container is-layout-constrained wp-block-group-is-layout-constrained\">\n<figure class=\"wp-block-gallery has-nested-images columns-default is-cropped wp-block-gallery-2 is-layout-flex wp-block-gallery-is-layout-flex\">\n<figure class=\"wp-block-image size-full is-style-default\"><img loading=\"lazy\" decoding=\"async\" width=\"1920\" height=\"2560\" data-id=\"233\" src=\"https:\/\/smartal.ee\/wp-content\/uploads\/2020\/01\/20200116_091410-scaled.jpg\" alt=\"\" class=\"wp-image-233\" srcset=\"https:\/\/smartal.ee\/wp-content\/uploads\/2020\/01\/20200116_091410-scaled.jpg 1920w, https:\/\/smartal.ee\/wp-content\/uploads\/2020\/01\/20200116_091410-scaled-200x267.jpg 200w, https:\/\/smartal.ee\/wp-content\/uploads\/2020\/01\/20200116_091410-225x300.jpg 225w, https:\/\/smartal.ee\/wp-content\/uploads\/2020\/01\/20200116_091410-768x1024.jpg 768w, https:\/\/smartal.ee\/wp-content\/uploads\/2020\/01\/20200116_091410-1152x1536.jpg 1152w, https:\/\/smartal.ee\/wp-content\/uploads\/2020\/01\/20200116_091410-1536x2048.jpg 1536w\" sizes=\"(max-width: 1920px) 100vw, 1920px\" \/><\/figure>\n\n\n\n<figure class=\"wp-block-image size-full is-style-default\"><img loading=\"lazy\" decoding=\"async\" width=\"1920\" height=\"2560\" data-id=\"590\" src=\"https:\/\/smartal.ee\/wp-content\/uploads\/2021\/01\/20201221_160605-1-scaled.jpg\" alt=\"\" class=\"wp-image-590\" srcset=\"https:\/\/smartal.ee\/wp-content\/uploads\/2021\/01\/20201221_160605-1-scaled.jpg 1920w, https:\/\/smartal.ee\/wp-content\/uploads\/2021\/01\/20201221_160605-1-scaled-200x267.jpg 200w, https:\/\/smartal.ee\/wp-content\/uploads\/2021\/01\/20201221_160605-1-225x300.jpg 225w, https:\/\/smartal.ee\/wp-content\/uploads\/2021\/01\/20201221_160605-1-768x1024.jpg 768w, https:\/\/smartal.ee\/wp-content\/uploads\/2021\/01\/20201221_160605-1-1152x1536.jpg 1152w, https:\/\/smartal.ee\/wp-content\/uploads\/2021\/01\/20201221_160605-1-1536x2048.jpg 1536w\" sizes=\"(max-width: 1920px) 100vw, 1920px\" \/><\/figure>\n\n\n\n<figure class=\"wp-block-image size-full is-style-default\"><img loading=\"lazy\" decoding=\"async\" width=\"320\" height=\"240\" data-id=\"487\" src=\"https:\/\/smartal.ee\/wp-content\/uploads\/2020\/11\/IR_00209-1.jpg\" alt=\"\" class=\"wp-image-487\" srcset=\"https:\/\/smartal.ee\/wp-content\/uploads\/2020\/11\/IR_00209-1.jpg 320w, https:\/\/smartal.ee\/wp-content\/uploads\/2020\/11\/IR_00209-1-200x150.jpg 200w, https:\/\/smartal.ee\/wp-content\/uploads\/2020\/11\/IR_00209-1-300x225.jpg 300w\" sizes=\"(max-width: 320px) 100vw, 320px\" \/><\/figure>\n<\/figure>\n<\/div><\/div>\n\n\n\n<p>MEIE REFERENTSID:<\/p>\n\n\n\n<ul class=\"wp-block-list\">\n<li>ARCO COLOR AS &#8211; elektri ja automaatika t\u00f6id &#8211; k\u00e4idukorraldamine<\/li>\n\n\n\n<li>ALTOS TEED O\u00dc &#8211; asfaldi tehase elektriline hooldus<\/li>\n\n\n\n<li>BALTIC CLEAN AS &#8211; elektri ja automaatika t\u00f6id, LED valgustite  pagaldamine<\/li>\n\n\n\n<li>CONFIDO &#8211; treppi LED riba paigaldamine<\/li>\n\n\n\n<li>DIOTECH O\u00dc &#8211; ektripaigaldus, Eesti Mereinstituudi laiendamine <\/li>\n\n\n\n<li>ERIMEL AS &#8211; elektripaigaldus <\/li>\n\n\n\n<li>ELCOGEN &#8211; elekti ja automaatika t\u00f6id<\/li>\n\n\n\n<li>HYDROSCAND AS &#8211; elektripaigaldus<\/li>\n\n\n\n<li>Kaltsiit AS, J\u00f5gevamaa &#8211; automaatika  <\/li>\n\n\n\n<li>K\u00dc  \u00d5ISM\u00c4E TEE 80, Tallinn &#8211; elektri ja automaatika t\u00f6id<\/li>\n\n\n\n<li>K\u00dc K\u00dcTISE 17, Saue &#8211; elektipaigaldis<\/li>\n\n\n\n<li>SYNLAB Parkla &#8211; valgustite asendamine ja seadistamine <\/li>\n\n\n\n<li> SAUE PRODUCTION O\u00dc \/ SOLINA GROUP &#8211; elektri ja automaatika t\u00f6id &#8211; k\u00e4idukorraldamine<\/li>\n\n\n\n<li>TOODE AS &#8211; elektripaigaldis <\/li>\n<\/ul>","protected":false},"excerpt":{"rendered":"<p>ELEKTRIPAIGALDIS JA K\u00c4IDUKORRALDUS Pakkumne enda klientidele B2B elektripaigalduse teenused: Mis on elektripaigaldise k\u00e4it ja mida me pakkume! Elektrik\u00e4idukorraldamine B alla, \u00e4ri v\u00f5i t\u00f6\u00f6stusobjektidel. Teostame elektrikilpide paigaldust, remont, puhastust, termopildistamist ja avariivalgustuse kontrolli. Elektripaigaldiste k\u00e4it&nbsp;on igasugune tegevus elektripaigaldise talitluses hoidmiseks. H\u00f5lmates eelk\u00f5ige l\u00fclitamist, juhtimist, kontrollimist, hooldamist ning elektri- ja muid seonduvaid t\u00f6id. Elektripaigaldise k\u00e4idukava m\u00e4\u00e4rab k\u00e4idu [&hellip;]<\/p>","protected":false},"author":1,"featured_media":0,"parent":2,"menu_order":1,"comment_status":"closed","ping_status":"closed","template":"page-template\/ibtana-page-template.php","meta":{"_regular_price":[],"currency_symbol":[],"ub_ctt_via":"","footnotes":""},"class_list":["post-94","page","type-page","status-publish","hentry"],"post_slider_layout_featured_media_urls":{"thumbnail":"","post_slider_layout_landscape_large":"","post_slider_layout_portrait_large":"","post_slider_layout_square_large":"","post_slider_layout_landscape":"","post_slider_layout_portrait":"","post_slider_layout_square":"","full":""},"featured_image_src":null,"_links":{"self":[{"href":"https:\/\/smartal.ee\/ru\/wp-json\/wp\/v2\/pages\/94","targetHints":{"allow":["GET"]}}],"collection":[{"href":"https:\/\/smartal.ee\/ru\/wp-json\/wp\/v2\/pages"}],"about":[{"href":"https:\/\/smartal.ee\/ru\/wp-json\/wp\/v2\/types\/page"}],"author":[{"embeddable":true,"href":"https:\/\/smartal.ee\/ru\/wp-json\/wp\/v2\/users\/1"}],"replies":[{"embeddable":true,"href":"https:\/\/smartal.ee\/ru\/wp-json\/wp\/v2\/comments?post=94"}],"version-history":[{"count":17,"href":"https:\/\/smartal.ee\/ru\/wp-json\/wp\/v2\/pages\/94\/revisions"}],"predecessor-version":[{"id":7683,"href":"https:\/\/smartal.ee\/ru\/wp-json\/wp\/v2\/pages\/94\/revisions\/7683"}],"up":[{"embeddable":true,"href":"https:\/\/smartal.ee\/ru\/wp-json\/wp\/v2\/pages\/2"}],"wp:attachment":[{"href":"https:\/\/smartal.ee\/ru\/wp-json\/wp\/v2\/media?parent=94"}],"curies":[{"name":"wp","href":"https:\/\/api.w.org\/{rel}","templated":true}]}}