{"id":1468,"date":"2022-01-05T13:35:24","date_gmt":"2022-01-05T13:35:24","guid":{"rendered":"https:\/\/smartal.ee\/?post_type=product&#038;p=1468"},"modified":"2025-07-02T00:14:44","modified_gmt":"2025-07-01T21:14:44","slug":"wifi-termostaat-devireg-smart-valge","status":"publish","type":"product","link":"https:\/\/smartal.ee\/ru\/shop\/elekter\/uld\/wifi-termostaat-devireg-smart-valge\/","title":{"rendered":"DEVIREG SMART Wifi Termostaat valge"},"content":{"rendered":"<h4 class=\"h1\">DEVIREG SMART Wifi Termostaat valge<\/h4>\n<p>Vastab \u00f6kodisaini direktiivi (2009\/125\/E\u00dc) n\u00f5uetele. DEVIreg\u2122 Smart DEVIreg\u2122 Smart on intuitiivne programmeeritav kombineeritud termostaat, mida saab \u00fchendada WiFi-v\u00f5rguga ja rakendusega DEVIsmart\u2122. Saate seda programmeerida igal ajal olenemata sellest, kus viibite. Termostaat on v\u00e4lja t\u00f6\u00f6tatud peamiselt p\u00f5randak\u00fctte juhtimiseks. Termostaat on ette n\u00e4htud ainult p\u00fcsipaigalduseks ja selle spetsiaalne 2-osaline konstruktsioon sobib peamiste turul pakutavate raamide ja andurite jaoks. Juhendava paigaldusprogrammi abil on DEVIreg\u2122 Smarti seadete m\u00e4\u00e4ramine kiire. Termostaadil on lahtise akna tuvastus ja energias\u00e4\u00e4sture\u017eiim, kaasa arvatud sisse-\/v\u00e4ljal\u00fclitamise optimeeritud juhtimine, mis tagab soovitud temperatuuri \u00f5igel ajal ja samas v\u00e4hendab k\u00fcttekulusid. DEVIreg Smart loomulik valge \u2013 RAL 9016 \u2013 DEVIreg Smart Polar White T\u00e4iendavad andmed on aadressil devismart.com<\/p>","protected":false},"excerpt":{"rendered":"<p>DEVIREG SMART Wifi Termostaat valge Vastab \u00f6kodisaini direktiivi (2009\/125\/E\u00dc) n\u00f5uetele. DEVIreg\u2122 Smart DEVIreg\u2122 Smart on intuitiivne programmeeritav kombineeritud termostaat, mida saab \u00fchendada WiFi-v\u00f5rguga ja rakendusega DEVIsmart\u2122. Saate seda programmeerida igal ajal olenemata sellest, kus viibite. Termostaat on v\u00e4lja t\u00f6\u00f6tatud peamiselt p\u00f5randak\u00fctte juhtimiseks. Termostaat on ette n\u00e4htud ainult p\u00fcsipaigalduseks ja selle spetsiaalne 2-osaline konstruktsioon sobib peamiste [&hellip;]<\/p>","protected":false},"featured_media":1471,"template":"","meta":{"_regular_price":["259.99"],"currency_symbol":[],"ub_ctt_via":""},"product_brand":[],"product_cat":[75],"product_tag":[],"class_list":{"0":"post-1468","1":"product","2":"type-product","3":"status-publish","4":"has-post-thumbnail","6":"product_cat-uld","8":"first","9":"instock","10":"taxable","11":"shipping-taxable","12":"purchasable","13":"product-type-simple"},"post_slider_layout_featured_media_urls":{"thumbnail":["https:\/\/smartal.ee\/wp-content\/uploads\/2022\/01\/5402640-DEVIreg-Smart-Hvit-Left-1-150x150.jpg",150,150,true],"post_slider_layout_landscape_large":["https:\/\/smartal.ee\/wp-content\/uploads\/2022\/01\/5402640-DEVIreg-Smart-Hvit-Left-1.jpg",590,600,false],"post_slider_layout_portrait_large":["https:\/\/smartal.ee\/wp-content\/uploads\/2022\/01\/5402640-DEVIreg-Smart-Hvit-Left-1.jpg",590,600,false],"post_slider_layout_square_large":["https:\/\/smartal.ee\/wp-content\/uploads\/2022\/01\/5402640-DEVIreg-Smart-Hvit-Left-1.jpg",590,600,false],"post_slider_layout_landscape":["https:\/\/smartal.ee\/wp-content\/uploads\/2022\/01\/5402640-DEVIreg-Smart-Hvit-Left-1.jpg",393,400,false],"post_slider_layout_portrait":["https:\/\/smartal.ee\/wp-content\/uploads\/2022\/01\/5402640-DEVIreg-Smart-Hvit-Left-1.jpg",590,600,false],"post_slider_layout_square":["https:\/\/smartal.ee\/wp-content\/uploads\/2022\/01\/5402640-DEVIreg-Smart-Hvit-Left-1.jpg",590,600,false],"full":["https:\/\/smartal.ee\/wp-content\/uploads\/2022\/01\/5402640-DEVIreg-Smart-Hvit-Left-1.jpg",590,600,false]},"_links":{"self":[{"href":"https:\/\/smartal.ee\/ru\/wp-json\/wp\/v2\/product\/1468","targetHints":{"allow":["GET"]}}],"collection":[{"href":"https:\/\/smartal.ee\/ru\/wp-json\/wp\/v2\/product"}],"about":[{"href":"https:\/\/smartal.ee\/ru\/wp-json\/wp\/v2\/types\/product"}],"wp:featuredmedia":[{"embeddable":true,"href":"https:\/\/smartal.ee\/ru\/wp-json\/wp\/v2\/media\/1471"}],"wp:attachment":[{"href":"https:\/\/smartal.ee\/ru\/wp-json\/wp\/v2\/media?parent=1468"}],"wp:term":[{"taxonomy":"product_brand","embeddable":true,"href":"https:\/\/smartal.ee\/ru\/wp-json\/wp\/v2\/product_brand?post=1468"},{"taxonomy":"product_cat","embeddable":true,"href":"https:\/\/smartal.ee\/ru\/wp-json\/wp\/v2\/product_cat?post=1468"},{"taxonomy":"product_tag","embeddable":true,"href":"https:\/\/smartal.ee\/ru\/wp-json\/wp\/v2\/product_tag?post=1468"}],"curies":[{"name":"wp","href":"https:\/\/api.w.org\/{rel}","templated":true}]}}