{"id":1824,"date":"2022-10-14T07:31:12","date_gmt":"2022-10-14T07:31:12","guid":{"rendered":"https:\/\/smartal.ee\/?post_type=product&#038;p=1824"},"modified":"2026-01-15T16:22:50","modified_gmt":"2026-01-15T13:22:50","slug":"idec-poordluliti-votmega-yw1k-2ae10","status":"publish","type":"product","link":"https:\/\/smartal.ee\/ru\/shop\/uncategorized\/nuppud-ja-lulitid\/idec-nuppud-lulitid\/idec-poordluliti-votmega-yw1k-2ae10\/","title":{"rendered":"IDEC P\u00f6\u00f6rdl\u00fcliti v\u00f5tmega YW1K-2AE10"},"content":{"rendered":"<h4>IDEC YW1K-2AE10 P\u00f6\u00f6rdl\u00fcliti v\u00f5tmega, kahepositsiooniline, fikseeruv, 1 x NO Plastkorpus<\/h4>\n<p class=\"base title\">Key-Operated Switch, 1NO, IP20 (Connection Box)\/IP65 (Front Panel)<\/p>","protected":false},"excerpt":{"rendered":"<p>IDEC YW1K-2AE10 P\u00f6\u00f6rdl\u00fcliti v\u00f5tmega, kahepositsiooniline, fikseeruv, 1 x NO Plastkorpus Key-Operated Switch, 1NO, IP20 (Connection Box)\/IP65 (Front Panel)<\/p>","protected":false},"featured_media":3896,"template":"","meta":{"_regular_price":["18.39"],"currency_symbol":[],"ub_ctt_via":""},"product_brand":[],"product_cat":[60],"product_tag":[],"class_list":{"0":"post-1824","1":"product","2":"type-product","3":"status-publish","4":"has-post-thumbnail","6":"product_cat-idec-nuppud-lulitid","8":"first","9":"instock","10":"taxable","11":"shipping-taxable","12":"purchasable","13":"product-type-simple"},"post_slider_layout_featured_media_urls":{"thumbnail":["https:\/\/smartal.ee\/wp-content\/uploads\/2022\/10\/Idec-YW1K-2AE10-image-245x300-1-150x150.jpg",150,150,true],"post_slider_layout_landscape_large":["https:\/\/smartal.ee\/wp-content\/uploads\/2022\/10\/Idec-YW1K-2AE10-image-245x300-1.jpg",245,300,false],"post_slider_layout_portrait_large":["https:\/\/smartal.ee\/wp-content\/uploads\/2022\/10\/Idec-YW1K-2AE10-image-245x300-1.jpg",245,300,false],"post_slider_layout_square_large":["https:\/\/smartal.ee\/wp-content\/uploads\/2022\/10\/Idec-YW1K-2AE10-image-245x300-1.jpg",245,300,false],"post_slider_layout_landscape":["https:\/\/smartal.ee\/wp-content\/uploads\/2022\/10\/Idec-YW1K-2AE10-image-245x300-1.jpg",245,300,false],"post_slider_layout_portrait":["https:\/\/smartal.ee\/wp-content\/uploads\/2022\/10\/Idec-YW1K-2AE10-image-245x300-1.jpg",245,300,false],"post_slider_layout_square":["https:\/\/smartal.ee\/wp-content\/uploads\/2022\/10\/Idec-YW1K-2AE10-image-245x300-1.jpg",245,300,false],"full":["https:\/\/smartal.ee\/wp-content\/uploads\/2022\/10\/Idec-YW1K-2AE10-image-245x300-1.jpg",245,300,false]},"_links":{"self":[{"href":"https:\/\/smartal.ee\/ru\/wp-json\/wp\/v2\/product\/1824","targetHints":{"allow":["GET"]}}],"collection":[{"href":"https:\/\/smartal.ee\/ru\/wp-json\/wp\/v2\/product"}],"about":[{"href":"https:\/\/smartal.ee\/ru\/wp-json\/wp\/v2\/types\/product"}],"wp:featuredmedia":[{"embeddable":true,"href":"https:\/\/smartal.ee\/ru\/wp-json\/wp\/v2\/media\/3896"}],"wp:attachment":[{"href":"https:\/\/smartal.ee\/ru\/wp-json\/wp\/v2\/media?parent=1824"}],"wp:term":[{"taxonomy":"product_brand","embeddable":true,"href":"https:\/\/smartal.ee\/ru\/wp-json\/wp\/v2\/product_brand?post=1824"},{"taxonomy":"product_cat","embeddable":true,"href":"https:\/\/smartal.ee\/ru\/wp-json\/wp\/v2\/product_cat?post=1824"},{"taxonomy":"product_tag","embeddable":true,"href":"https:\/\/smartal.ee\/ru\/wp-json\/wp\/v2\/product_tag?post=1824"}],"curies":[{"name":"wp","href":"https:\/\/api.w.org\/{rel}","templated":true}]}}