{"id":1832,"date":"2022-10-14T08:34:25","date_gmt":"2022-10-14T08:34:25","guid":{"rendered":"https:\/\/smartal.ee\/?post_type=product&#038;p=1832"},"modified":"2026-04-07T11:53:12","modified_gmt":"2026-04-07T08:53:12","slug":"sagedusmuundur-mitsubishi-fr-d720-230-vac-04kw","status":"publish","type":"product","link":"https:\/\/smartal.ee\/ru\/shop\/sagedusmuundurid\/mitsubishi-sagedusmuundurid\/sagedusmuundur-mitsubishi-fr-d720-230-vac-04kw\/","title":{"rendered":"MITSUBISHI Sagedusmuundur 0,4 kW FR-D720S-025SC-EC"},"content":{"rendered":"<h4>MITSUBISHI Sagedusmuundur 230 VAC, 0,4 kW, IP20<\/h4>\n<p>2,5 A, @ 40 \u00b0C max 150% \u00fclekoormust 3 s<br \/>\n2,5 A, @ 50 \u00b0C max 150% \u00fclekoormust 3 s<br \/>\nM\u00f5\u00f5dud (L x K x S) [mm]: 68 x 118 x 142,5, kaal: 0,9 kg<\/p>","protected":false},"excerpt":{"rendered":"<p>MITSUBISHI Sagedusmuundur 230 VAC, 0,4 kW, IP20 2,5 A, @ 40 \u00b0C max 150% \u00fclekoormust 3 s 2,5 A, @ 50 \u00b0C max 150% \u00fclekoormust 3 s M\u00f5\u00f5dud (L x K x S) [mm]: 68 x 118 x 142,5, kaal: 0,9 kg<\/p>","protected":false},"featured_media":1831,"template":"","meta":{"_regular_price":["207.99"],"currency_symbol":[],"ub_ctt_via":""},"product_brand":[],"product_cat":[27],"product_tag":[],"class_list":{"0":"post-1832","1":"product","2":"type-product","3":"status-publish","4":"has-post-thumbnail","6":"product_cat-mitsubishi-sagedusmuundurid","8":"first","9":"instock","10":"taxable","11":"shipping-taxable","12":"purchasable","13":"product-type-simple"},"post_slider_layout_featured_media_urls":{"thumbnail":["https:\/\/smartal.ee\/wp-content\/uploads\/2022\/10\/mitsubishi-electric-fr-d720s-008sc-ec-150x150.jpg",150,150,true],"post_slider_layout_landscape_large":["https:\/\/smartal.ee\/wp-content\/uploads\/2022\/10\/mitsubishi-electric-fr-d720s-008sc-ec.jpg",600,336,false],"post_slider_layout_portrait_large":["https:\/\/smartal.ee\/wp-content\/uploads\/2022\/10\/mitsubishi-electric-fr-d720s-008sc-ec.jpg",600,336,false],"post_slider_layout_square_large":["https:\/\/smartal.ee\/wp-content\/uploads\/2022\/10\/mitsubishi-electric-fr-d720s-008sc-ec.jpg",600,336,false],"post_slider_layout_landscape":["https:\/\/smartal.ee\/wp-content\/uploads\/2022\/10\/mitsubishi-electric-fr-d720s-008sc-ec.jpg",600,336,false],"post_slider_layout_portrait":["https:\/\/smartal.ee\/wp-content\/uploads\/2022\/10\/mitsubishi-electric-fr-d720s-008sc-ec.jpg",600,336,false],"post_slider_layout_square":["https:\/\/smartal.ee\/wp-content\/uploads\/2022\/10\/mitsubishi-electric-fr-d720s-008sc-ec.jpg",600,336,false],"full":["https:\/\/smartal.ee\/wp-content\/uploads\/2022\/10\/mitsubishi-electric-fr-d720s-008sc-ec.jpg",600,336,false]},"_links":{"self":[{"href":"https:\/\/smartal.ee\/ru\/wp-json\/wp\/v2\/product\/1832","targetHints":{"allow":["GET"]}}],"collection":[{"href":"https:\/\/smartal.ee\/ru\/wp-json\/wp\/v2\/product"}],"about":[{"href":"https:\/\/smartal.ee\/ru\/wp-json\/wp\/v2\/types\/product"}],"wp:featuredmedia":[{"embeddable":true,"href":"https:\/\/smartal.ee\/ru\/wp-json\/wp\/v2\/media\/1831"}],"wp:attachment":[{"href":"https:\/\/smartal.ee\/ru\/wp-json\/wp\/v2\/media?parent=1832"}],"wp:term":[{"taxonomy":"product_brand","embeddable":true,"href":"https:\/\/smartal.ee\/ru\/wp-json\/wp\/v2\/product_brand?post=1832"},{"taxonomy":"product_cat","embeddable":true,"href":"https:\/\/smartal.ee\/ru\/wp-json\/wp\/v2\/product_cat?post=1832"},{"taxonomy":"product_tag","embeddable":true,"href":"https:\/\/smartal.ee\/ru\/wp-json\/wp\/v2\/product_tag?post=1832"}],"curies":[{"name":"wp","href":"https:\/\/api.w.org\/{rel}","templated":true}]}}