{"id":1833,"date":"2022-10-14T10:03:36","date_gmt":"2022-10-14T10:03:36","guid":{"rendered":"https:\/\/smartal.ee\/?post_type=product&#038;p=1833"},"modified":"2026-04-07T11:51:31","modified_gmt":"2026-04-07T08:51:31","slug":"sagedusmuundur-mitsubishi-fr-d740-400v-55kw","status":"publish","type":"product","link":"https:\/\/smartal.ee\/ru\/shop\/sagedusmuundurid\/mitsubishi-sagedusmuundurid\/sagedusmuundur-mitsubishi-fr-d740-400v-55kw\/","title":{"rendered":"MITSUBISHI Sagedusmuundur 5,5kW FR-D740-120SC-EC"},"content":{"rendered":"<h4>MITSUBISHI Sagedusmuundur 400 VAC, 5,5 kW, IP20<\/h4>\n<p>14,4 A, @ 40 \u00b0C max 150% \u00fclekoormust 3 s<br \/>\n12 A, @ 50 \u00b0C max 150% \u00fclekoormust 3 s<br \/>\nM\u00f5\u00f5dud (L x K x S) [mm]: 220 x 150 x 155, kaal: 3,1 kg<\/p>\n<h4><\/h4>","protected":false},"excerpt":{"rendered":"<p>MITSUBISHI Sagedusmuundur 400 VAC, 5,5 kW, IP20 14,4 A, @ 40 \u00b0C max 150% \u00fclekoormust 3 s 12 A, @ 50 \u00b0C max 150% \u00fclekoormust 3 s M\u00f5\u00f5dud (L x K x S) [mm]: 220 x 150 x 155, kaal: 3,1 kg<\/p>","protected":false},"featured_media":7989,"template":"","meta":{"_regular_price":["671.99"],"currency_symbol":[],"ub_ctt_via":""},"product_brand":[],"product_cat":[27],"product_tag":[],"class_list":{"0":"post-1833","1":"product","2":"type-product","3":"status-publish","4":"has-post-thumbnail","6":"product_cat-mitsubishi-sagedusmuundurid","8":"first","9":"instock","10":"sale","11":"taxable","12":"shipping-taxable","13":"purchasable","14":"product-type-simple"},"post_slider_layout_featured_media_urls":{"thumbnail":["https:\/\/smartal.ee\/wp-content\/uploads\/2022\/10\/FR-D740-120SC-EC__ME_247606__6618d7df314c4-150x150.jpg",150,150,true],"post_slider_layout_landscape_large":["https:\/\/smartal.ee\/wp-content\/uploads\/2022\/10\/FR-D740-120SC-EC__ME_247606__6618d7df314c4.jpg",298,248,false],"post_slider_layout_portrait_large":["https:\/\/smartal.ee\/wp-content\/uploads\/2022\/10\/FR-D740-120SC-EC__ME_247606__6618d7df314c4.jpg",298,248,false],"post_slider_layout_square_large":["https:\/\/smartal.ee\/wp-content\/uploads\/2022\/10\/FR-D740-120SC-EC__ME_247606__6618d7df314c4.jpg",298,248,false],"post_slider_layout_landscape":["https:\/\/smartal.ee\/wp-content\/uploads\/2022\/10\/FR-D740-120SC-EC__ME_247606__6618d7df314c4.jpg",298,248,false],"post_slider_layout_portrait":["https:\/\/smartal.ee\/wp-content\/uploads\/2022\/10\/FR-D740-120SC-EC__ME_247606__6618d7df314c4.jpg",298,248,false],"post_slider_layout_square":["https:\/\/smartal.ee\/wp-content\/uploads\/2022\/10\/FR-D740-120SC-EC__ME_247606__6618d7df314c4.jpg",298,248,false],"full":["https:\/\/smartal.ee\/wp-content\/uploads\/2022\/10\/FR-D740-120SC-EC__ME_247606__6618d7df314c4.jpg",298,248,false]},"_links":{"self":[{"href":"https:\/\/smartal.ee\/ru\/wp-json\/wp\/v2\/product\/1833","targetHints":{"allow":["GET"]}}],"collection":[{"href":"https:\/\/smartal.ee\/ru\/wp-json\/wp\/v2\/product"}],"about":[{"href":"https:\/\/smartal.ee\/ru\/wp-json\/wp\/v2\/types\/product"}],"wp:featuredmedia":[{"embeddable":true,"href":"https:\/\/smartal.ee\/ru\/wp-json\/wp\/v2\/media\/7989"}],"wp:attachment":[{"href":"https:\/\/smartal.ee\/ru\/wp-json\/wp\/v2\/media?parent=1833"}],"wp:term":[{"taxonomy":"product_brand","embeddable":true,"href":"https:\/\/smartal.ee\/ru\/wp-json\/wp\/v2\/product_brand?post=1833"},{"taxonomy":"product_cat","embeddable":true,"href":"https:\/\/smartal.ee\/ru\/wp-json\/wp\/v2\/product_cat?post=1833"},{"taxonomy":"product_tag","embeddable":true,"href":"https:\/\/smartal.ee\/ru\/wp-json\/wp\/v2\/product_tag?post=1833"}],"curies":[{"name":"wp","href":"https:\/\/api.w.org\/{rel}","templated":true}]}}