{"id":1961,"date":"2022-11-24T08:27:22","date_gmt":"2022-11-24T08:27:22","guid":{"rendered":"https:\/\/smartal.ee\/?post_type=product&#038;p=1961"},"modified":"2024-03-04T15:16:18","modified_gmt":"2024-03-04T15:16:18","slug":"mitsubishi-rh-ch-toostuslik-scara-robot","status":"publish","type":"product","link":"https:\/\/smartal.ee\/ru\/shop\/toostustehnika\/robotid\/mitsubishi-rh-ch-toostuslik-scara-robot\/","title":{"rendered":"MITSUBISHI RH-CH t\u00f6\u00f6stuslik SCARA robot"},"content":{"rendered":"<h4>MITSUBISHI RH-CH t\u00f6\u00f6stuslik SCARA robot<\/h4>\n<p>RH-CH SCARA on horisontaalne 4-teljeline t\u00f6\u00f6stusrobot. Mudelite valikus on robotid kuni 6 kg koormusele ja ulatusega kuni 700 mm.<\/p>\n<p>\u2022\u00a0Compact arm for space saving<\/p>\n<p>\u2022\u00a0Light weight robot arm<\/p>\n<p>\u2022\u00a0High-speed movement and high performance for productivity<\/p>\n<p>\u2022\u00a0Maximum load capacity:3kg,6kg<\/p>\n<p>\u2022\u00a0Controller types: Standalone controller (CR751-D controller)<\/p>\n<p>Please refer to the &#8220;Catalog&#8221; or the &#8220;Manuals&#8221; for RH-CH series.<\/p>\n<ul class=\"layout_list02 mt15\">\n<li class=\"link01\"><a href=\"https:\/\/www.mitsubishielectric.com\/fa\/products\/rbt\/robot\/pmerit\/horizontal\/chseries\/img\/l09085eng.pdf\" target=\"_blank\" rel=\"noopener\">MITSUBISHI INDUSTRIAL ROBOT RH-3CH\/6CH60\/6CH70 Catalog<\/a><\/li>\n<li class=\"link01\"><a href=\"https:\/\/www.mitsubishielectric.com\/app\/fa\/download\/search.do?kisyu=\/robot&amp;mode=manual\">Manual download page<\/a><\/li>\n<\/ul>\n<p>Saada p\u00e4ring: <a href=\"https:\/\/mail.google.com\/mail\/?view=cm&amp;fs=1&amp;tf=1&amp;to=aplehhanov@gmail.com\" target=\"_blank\" rel=\"noopener\"><span class=\"goog-text-highlight\">info@smartal.ee<\/span><\/a><\/p>\n<p>&nbsp;<\/p>","protected":false},"excerpt":{"rendered":"<p>MITSUBISHI RH-CH t\u00f6\u00f6stuslik SCARA robot RH-CH SCARA on horisontaalne 4-teljeline t\u00f6\u00f6stusrobot. Mudelite valikus on robotid kuni 6 kg koormusele ja ulatusega kuni 700 mm. \u2022\u00a0Compact arm for space saving \u2022\u00a0Light weight robot arm \u2022\u00a0High-speed movement and high performance for productivity \u2022\u00a0Maximum load capacity:3kg,6kg \u2022\u00a0Controller types: Standalone controller (CR751-D controller) Please refer to the &#8220;Catalog&#8221; or [&hellip;]<\/p>","protected":false},"featured_media":4059,"template":"","meta":{"_regular_price":["-"],"currency_symbol":[],"ub_ctt_via":""},"product_brand":[],"product_cat":[39],"product_tag":[],"class_list":{"0":"post-1961","1":"product","2":"type-product","3":"status-publish","4":"has-post-thumbnail","6":"product_cat-robotid","8":"first","9":"onbackorder","10":"taxable","11":"shipping-taxable","12":"purchasable","13":"product-type-simple"},"post_slider_layout_featured_media_urls":{"thumbnail":["https:\/\/smartal.ee\/wp-content\/uploads\/2023\/06\/rh-ch-robot__w735__img_id20180116215616-150x150.jpg",150,150,true],"post_slider_layout_landscape_large":["https:\/\/smartal.ee\/wp-content\/uploads\/2023\/06\/rh-ch-robot__w735__img_id20180116215616.jpg",735,422,false],"post_slider_layout_portrait_large":["https:\/\/smartal.ee\/wp-content\/uploads\/2023\/06\/rh-ch-robot__w735__img_id20180116215616.jpg",735,422,false],"post_slider_layout_square_large":["https:\/\/smartal.ee\/wp-content\/uploads\/2023\/06\/rh-ch-robot__w735__img_id20180116215616.jpg",735,422,false],"post_slider_layout_landscape":["https:\/\/smartal.ee\/wp-content\/uploads\/2023\/06\/rh-ch-robot__w735__img_id20180116215616.jpg",600,344,false],"post_slider_layout_portrait":["https:\/\/smartal.ee\/wp-content\/uploads\/2023\/06\/rh-ch-robot__w735__img_id20180116215616.jpg",600,344,false],"post_slider_layout_square":["https:\/\/smartal.ee\/wp-content\/uploads\/2023\/06\/rh-ch-robot__w735__img_id20180116215616.jpg",600,344,false],"full":["https:\/\/smartal.ee\/wp-content\/uploads\/2023\/06\/rh-ch-robot__w735__img_id20180116215616.jpg",735,422,false]},"_links":{"self":[{"href":"https:\/\/smartal.ee\/ru\/wp-json\/wp\/v2\/product\/1961","targetHints":{"allow":["GET"]}}],"collection":[{"href":"https:\/\/smartal.ee\/ru\/wp-json\/wp\/v2\/product"}],"about":[{"href":"https:\/\/smartal.ee\/ru\/wp-json\/wp\/v2\/types\/product"}],"wp:featuredmedia":[{"embeddable":true,"href":"https:\/\/smartal.ee\/ru\/wp-json\/wp\/v2\/media\/4059"}],"wp:attachment":[{"href":"https:\/\/smartal.ee\/ru\/wp-json\/wp\/v2\/media?parent=1961"}],"wp:term":[{"taxonomy":"product_brand","embeddable":true,"href":"https:\/\/smartal.ee\/ru\/wp-json\/wp\/v2\/product_brand?post=1961"},{"taxonomy":"product_cat","embeddable":true,"href":"https:\/\/smartal.ee\/ru\/wp-json\/wp\/v2\/product_cat?post=1961"},{"taxonomy":"product_tag","embeddable":true,"href":"https:\/\/smartal.ee\/ru\/wp-json\/wp\/v2\/product_tag?post=1961"}],"curies":[{"name":"wp","href":"https:\/\/api.w.org\/{rel}","templated":true}]}}