{"id":2008,"date":"2022-12-17T18:24:29","date_gmt":"2022-12-17T18:24:29","guid":{"rendered":"https:\/\/smartal.ee\/?post_type=product&#038;p=2008"},"modified":"2026-01-14T17:18:24","modified_gmt":"2026-01-14T14:18:24","slug":"mitsubishi-fre-840-15kw-400vac","status":"publish","type":"product","link":"https:\/\/smartal.ee\/ru\/shop\/sagedusmuundurid\/mitsubishi-sagedusmuundurid\/mitsubishi-fre-840-15kw-400vac\/","title":{"rendered":"MITSUBISHI Sagedusmuundur 15kW, 400VAC FR-E840-0300-4-60"},"content":{"rendered":"<h4>MITSUBISHI Sagedusmuundur\u00a0 15kW, 400 VAC, IP20<\/h4>\n<p>30 A, 15 kW @ 50 \u00b0C max 200% \u00fclekoormust 3 s<br \/>\n41 A, 18.5 kW @ 50 \u00b0C max 150% \u00fclekoormust 3 s<br \/>\nM\u00f5\u00f5dud (L x K x S) [mm]: 220 x 260 x 190<\/p>","protected":false},"excerpt":{"rendered":"<p>MITSUBISHI Sagedusmuundur\u00a0 15kW, 400 VAC, IP20 30 A, 15 kW @ 50 \u00b0C max 200% \u00fclekoormust 3 s 41 A, 18.5 kW @ 50 \u00b0C max 150% \u00fclekoormust 3 s M\u00f5\u00f5dud (L x K x S) [mm]: 220 x 260 x 190<\/p>","protected":false},"featured_media":2015,"template":"","meta":{"_regular_price":["1325.99"],"currency_symbol":[],"ub_ctt_via":""},"product_brand":[],"product_cat":[27],"product_tag":[],"class_list":{"0":"post-2008","1":"product","2":"type-product","3":"status-publish","4":"has-post-thumbnail","6":"product_cat-mitsubishi-sagedusmuundurid","8":"first","9":"instock","10":"taxable","11":"shipping-taxable","12":"purchasable","13":"product-type-simple"},"post_slider_layout_featured_media_urls":{"thumbnail":["https:\/\/smartal.ee\/wp-content\/uploads\/2022\/12\/307220-150x150.jpg",150,150,true],"post_slider_layout_landscape_large":["https:\/\/smartal.ee\/wp-content\/uploads\/2022\/12\/307220.jpg",175,248,false],"post_slider_layout_portrait_large":["https:\/\/smartal.ee\/wp-content\/uploads\/2022\/12\/307220.jpg",175,248,false],"post_slider_layout_square_large":["https:\/\/smartal.ee\/wp-content\/uploads\/2022\/12\/307220.jpg",175,248,false],"post_slider_layout_landscape":["https:\/\/smartal.ee\/wp-content\/uploads\/2022\/12\/307220.jpg",175,248,false],"post_slider_layout_portrait":["https:\/\/smartal.ee\/wp-content\/uploads\/2022\/12\/307220.jpg",175,248,false],"post_slider_layout_square":["https:\/\/smartal.ee\/wp-content\/uploads\/2022\/12\/307220.jpg",175,248,false],"full":["https:\/\/smartal.ee\/wp-content\/uploads\/2022\/12\/307220.jpg",175,248,false]},"_links":{"self":[{"href":"https:\/\/smartal.ee\/ru\/wp-json\/wp\/v2\/product\/2008","targetHints":{"allow":["GET"]}}],"collection":[{"href":"https:\/\/smartal.ee\/ru\/wp-json\/wp\/v2\/product"}],"about":[{"href":"https:\/\/smartal.ee\/ru\/wp-json\/wp\/v2\/types\/product"}],"wp:featuredmedia":[{"embeddable":true,"href":"https:\/\/smartal.ee\/ru\/wp-json\/wp\/v2\/media\/2015"}],"wp:attachment":[{"href":"https:\/\/smartal.ee\/ru\/wp-json\/wp\/v2\/media?parent=2008"}],"wp:term":[{"taxonomy":"product_brand","embeddable":true,"href":"https:\/\/smartal.ee\/ru\/wp-json\/wp\/v2\/product_brand?post=2008"},{"taxonomy":"product_cat","embeddable":true,"href":"https:\/\/smartal.ee\/ru\/wp-json\/wp\/v2\/product_cat?post=2008"},{"taxonomy":"product_tag","embeddable":true,"href":"https:\/\/smartal.ee\/ru\/wp-json\/wp\/v2\/product_tag?post=2008"}],"curies":[{"name":"wp","href":"https:\/\/api.w.org\/{rel}","templated":true}]}}