{"id":2013,"date":"2022-12-18T07:14:41","date_gmt":"2022-12-18T07:14:41","guid":{"rendered":"https:\/\/smartal.ee\/?post_type=product&#038;p=2013"},"modified":"2026-01-14T17:12:56","modified_gmt":"2026-01-14T14:12:56","slug":"mitsubishi-frf-846-15kw-400vac-ip55","status":"publish","type":"product","link":"https:\/\/smartal.ee\/ru\/shop\/sagedusmuundurid\/mitsubishi-sagedusmuundurid\/mitsubishi-frf-846-15kw-400vac-ip55\/","title":{"rendered":"MITSUBISHI Sagedusmuundur 15 kW FR-F846-00310-E2-60L2"},"content":{"rendered":"<h4>MITSUBISHI Sagedusmuundur 400 VAC, IP55, 31 A, 15 kW @ max 120% \u00fclekoormust 3 s<\/h4>\n<p>Sisseehitatud C2 filter<br \/>\nTCP RJ45 liides, ModbusTCP, CC-Link IE-field basic<br \/>\nM\u00f5\u00f5dud (L x K x S) [mm]: 238 x 650 x 285, kaal: 26 kg<\/p>","protected":false},"excerpt":{"rendered":"<p>MITSUBISHI Sagedusmuundur 400 VAC, IP55, 31 A, 15 kW @ max 120% \u00fclekoormust 3 s Sisseehitatud C2 filter TCP RJ45 liides, ModbusTCP, CC-Link IE-field basic M\u00f5\u00f5dud (L x K x S) [mm]: 238 x 650 x 285, kaal: 26 kg<\/p>","protected":false},"featured_media":3998,"template":"","meta":{"_regular_price":["1981.49"],"currency_symbol":[],"ub_ctt_via":""},"product_brand":[],"product_cat":[27],"product_tag":[],"class_list":{"0":"post-2013","1":"product","2":"type-product","3":"status-publish","4":"has-post-thumbnail","6":"product_cat-mitsubishi-sagedusmuundurid","8":"first","9":"instock","10":"taxable","11":"shipping-taxable","12":"purchasable","13":"product-type-simple"},"post_slider_layout_featured_media_urls":{"thumbnail":["https:\/\/smartal.ee\/wp-content\/uploads\/2023\/06\/fr-a846_1_1_1_1_1-150x150.png",150,150,true],"post_slider_layout_landscape_large":["https:\/\/smartal.ee\/wp-content\/uploads\/2023\/06\/fr-a846_1_1_1_1_1.png",300,300,false],"post_slider_layout_portrait_large":["https:\/\/smartal.ee\/wp-content\/uploads\/2023\/06\/fr-a846_1_1_1_1_1.png",300,300,false],"post_slider_layout_square_large":["https:\/\/smartal.ee\/wp-content\/uploads\/2023\/06\/fr-a846_1_1_1_1_1.png",300,300,false],"post_slider_layout_landscape":["https:\/\/smartal.ee\/wp-content\/uploads\/2023\/06\/fr-a846_1_1_1_1_1.png",300,300,false],"post_slider_layout_portrait":["https:\/\/smartal.ee\/wp-content\/uploads\/2023\/06\/fr-a846_1_1_1_1_1.png",300,300,false],"post_slider_layout_square":["https:\/\/smartal.ee\/wp-content\/uploads\/2023\/06\/fr-a846_1_1_1_1_1.png",300,300,false],"full":["https:\/\/smartal.ee\/wp-content\/uploads\/2023\/06\/fr-a846_1_1_1_1_1.png",300,300,false]},"_links":{"self":[{"href":"https:\/\/smartal.ee\/ru\/wp-json\/wp\/v2\/product\/2013","targetHints":{"allow":["GET"]}}],"collection":[{"href":"https:\/\/smartal.ee\/ru\/wp-json\/wp\/v2\/product"}],"about":[{"href":"https:\/\/smartal.ee\/ru\/wp-json\/wp\/v2\/types\/product"}],"wp:featuredmedia":[{"embeddable":true,"href":"https:\/\/smartal.ee\/ru\/wp-json\/wp\/v2\/media\/3998"}],"wp:attachment":[{"href":"https:\/\/smartal.ee\/ru\/wp-json\/wp\/v2\/media?parent=2013"}],"wp:term":[{"taxonomy":"product_brand","embeddable":true,"href":"https:\/\/smartal.ee\/ru\/wp-json\/wp\/v2\/product_brand?post=2013"},{"taxonomy":"product_cat","embeddable":true,"href":"https:\/\/smartal.ee\/ru\/wp-json\/wp\/v2\/product_cat?post=2013"},{"taxonomy":"product_tag","embeddable":true,"href":"https:\/\/smartal.ee\/ru\/wp-json\/wp\/v2\/product_tag?post=2013"}],"curies":[{"name":"wp","href":"https:\/\/api.w.org\/{rel}","templated":true}]}}