{"id":2059,"date":"2022-12-27T17:29:15","date_gmt":"2022-12-27T17:29:15","guid":{"rendered":"https:\/\/smartal.ee\/?post_type=product&#038;p=2059"},"modified":"2026-02-21T10:28:04","modified_gmt":"2026-02-21T07:28:04","slug":"idec-fotoandur-sa1e-bp1c","status":"publish","type":"product","link":"https:\/\/smartal.ee\/ru\/shop\/uncategorized\/andurid\/idec-andurid\/idec-fotoandur-sa1e-bp1c\/","title":{"rendered":"IDEC Fotoandur SA2E-BP3C"},"content":{"rendered":"<h4>IDEC Fotoandur SA2E-BP3C<\/h4>\n<p>Fotoandur. Objekti tuvastamine tausta summutusega<br \/>\nObjekt: l\u00e4bipaistmatu<br \/>\nKaugus: kuni 150 mm. Light ON<br \/>\n12..24 VDC, PNP avatud kollektor<br \/>\nM8 pistik\u00fchendus<\/p>\n<h4 class=\"base title\">Asendab toode:<\/h4>\n<h4 class=\"base title\">IDEC SA1E-BP1<\/h4>\n<h4 class=\"base title\">Fotoandur kuni 200mm PNP v\u00e4ljund<\/h4>\n<p class=\"base title\">Photoelectric Sensor 200mm PNP<\/p>\n<p><a href=\"https:\/\/us.idec.com\/idec-us\/en\/USD\/medias\/IDEC-SA1E-Brochure.pdf?context=bWFzdGVyfGRvY3VtZW50c3w1NzEwMjIzfGFwcGxpY2F0aW9uL3BkZnxkb2N1bWVudHMvaDUwL2g1Ni85MTYyNzMwMTExMDA2LnBkZnw5OTY1ZWYzOTRkOTk2YmYzNjQ4ODdmNjEwODBlOWE2NDNhMjI0ZDkwNjUwYmZiNjdjNDg0N2RlMzY2YTU2MGEz\"><strong class=\"current-item\">Fotoandur\u00a0 Sn 2&#8230;200mm, PNP, IP67, pistik M8 4-pin<\/strong><\/a><\/p>\n<p>&nbsp;<\/p>\n<h4><\/h4>","protected":false},"excerpt":{"rendered":"<p>IDEC Fotoandur SA2E-BP3C Fotoandur. Objekti tuvastamine tausta summutusega Objekt: l\u00e4bipaistmatu Kaugus: kuni 150 mm. Light ON 12..24 VDC, PNP avatud kollektor M8 pistik\u00fchendus Asendab toode: IDEC SA1E-BP1 Fotoandur kuni 200mm PNP v\u00e4ljund Photoelectric Sensor 200mm PNP Fotoandur\u00a0 Sn 2&#8230;200mm, PNP, IP67, pistik M8 4-pin &nbsp;<\/p>","protected":false},"featured_media":2060,"template":"","meta":{"_regular_price":["71.99"],"currency_symbol":[],"ub_ctt_via":""},"product_brand":[],"product_cat":[53],"product_tag":[],"class_list":{"0":"post-2059","1":"product","2":"type-product","3":"status-publish","4":"has-post-thumbnail","6":"product_cat-idec-andurid","8":"first","9":"instock","10":"taxable","11":"shipping-taxable","12":"purchasable","13":"product-type-simple"},"post_slider_layout_featured_media_urls":{"thumbnail":["https:\/\/smartal.ee\/wp-content\/uploads\/2022\/12\/IDEC-SA1E-DP1C-30102484-01.jpg",150,84,false],"post_slider_layout_landscape_large":["https:\/\/smartal.ee\/wp-content\/uploads\/2022\/12\/IDEC-SA1E-DP1C-30102484-01.jpg",1020,570,false],"post_slider_layout_portrait_large":["https:\/\/smartal.ee\/wp-content\/uploads\/2022\/12\/IDEC-SA1E-DP1C-30102484-01.jpg",1020,570,false],"post_slider_layout_square_large":["https:\/\/smartal.ee\/wp-content\/uploads\/2022\/12\/IDEC-SA1E-DP1C-30102484-01.jpg",1020,570,false],"post_slider_layout_landscape":["https:\/\/smartal.ee\/wp-content\/uploads\/2022\/12\/IDEC-SA1E-DP1C-30102484-01.jpg",600,335,false],"post_slider_layout_portrait":["https:\/\/smartal.ee\/wp-content\/uploads\/2022\/12\/IDEC-SA1E-DP1C-30102484-01.jpg",600,335,false],"post_slider_layout_square":["https:\/\/smartal.ee\/wp-content\/uploads\/2022\/12\/IDEC-SA1E-DP1C-30102484-01.jpg",600,335,false],"full":["https:\/\/smartal.ee\/wp-content\/uploads\/2022\/12\/IDEC-SA1E-DP1C-30102484-01.jpg",1020,570,false]},"_links":{"self":[{"href":"https:\/\/smartal.ee\/ru\/wp-json\/wp\/v2\/product\/2059","targetHints":{"allow":["GET"]}}],"collection":[{"href":"https:\/\/smartal.ee\/ru\/wp-json\/wp\/v2\/product"}],"about":[{"href":"https:\/\/smartal.ee\/ru\/wp-json\/wp\/v2\/types\/product"}],"wp:featuredmedia":[{"embeddable":true,"href":"https:\/\/smartal.ee\/ru\/wp-json\/wp\/v2\/media\/2060"}],"wp:attachment":[{"href":"https:\/\/smartal.ee\/ru\/wp-json\/wp\/v2\/media?parent=2059"}],"wp:term":[{"taxonomy":"product_brand","embeddable":true,"href":"https:\/\/smartal.ee\/ru\/wp-json\/wp\/v2\/product_brand?post=2059"},{"taxonomy":"product_cat","embeddable":true,"href":"https:\/\/smartal.ee\/ru\/wp-json\/wp\/v2\/product_cat?post=2059"},{"taxonomy":"product_tag","embeddable":true,"href":"https:\/\/smartal.ee\/ru\/wp-json\/wp\/v2\/product_tag?post=2059"}],"curies":[{"name":"wp","href":"https:\/\/api.w.org\/{rel}","templated":true}]}}