{"id":2065,"date":"2022-12-27T18:11:15","date_gmt":"2022-12-27T18:11:15","guid":{"rendered":"https:\/\/smartal.ee\/?post_type=product&#038;p=2065"},"modified":"2025-07-08T19:26:02","modified_gmt":"2025-07-08T16:26:02","slug":"idec-fotoandur-sa1e-pp1c","status":"publish","type":"product","link":"https:\/\/smartal.ee\/ru\/shop\/uncategorized\/andurid\/idec-andurid\/idec-fotoandur-sa1e-pp1c\/","title":{"rendered":"IDEC Fotoandur SA2E-PP3C"},"content":{"rendered":"<h4 class=\"base title\">IDECSA2E-PP3C<\/h4>\n<h4 class=\"base title\">-Fotoandur kuni 5m, PNP v\u00e4ljund<\/h4>\n<p class=\"base title\">Photoelectric Sensor 5m PNP<\/p>\n<p>Fotoandur. Objekt anduri ja peegli vahel<br \/>\nObjekt: l\u00e4bipaistmatu<br \/>\nKaugus: kuni 5 m. Light ON<br \/>\n12..24 VDC, PNP avatud kollektor<br \/>\nM8 pistik\u00fchendus<\/p>\n<p>&nbsp;<\/p>\n<h3><\/h3>\n<h4><\/h4>","protected":false},"excerpt":{"rendered":"<p>IDECSA2E-PP3C -Fotoandur kuni 5m, PNP v\u00e4ljund Photoelectric Sensor 5m PNP Fotoandur. Objekt anduri ja peegli vahel Objekt: l\u00e4bipaistmatu Kaugus: kuni 5 m. Light ON 12..24 VDC, PNP avatud kollektor M8 pistik\u00fchendus &nbsp;<\/p>","protected":false},"featured_media":2060,"template":"","meta":{"_regular_price":["49.99"],"currency_symbol":[],"ub_ctt_via":""},"product_brand":[],"product_cat":[53],"product_tag":[],"class_list":{"0":"post-2065","1":"product","2":"type-product","3":"status-publish","4":"has-post-thumbnail","6":"product_cat-idec-andurid","8":"first","9":"instock","10":"taxable","11":"shipping-taxable","12":"purchasable","13":"product-type-simple"},"post_slider_layout_featured_media_urls":{"thumbnail":["https:\/\/smartal.ee\/wp-content\/uploads\/2022\/12\/IDEC-SA1E-DP1C-30102484-01.jpg",150,84,false],"post_slider_layout_landscape_large":["https:\/\/smartal.ee\/wp-content\/uploads\/2022\/12\/IDEC-SA1E-DP1C-30102484-01.jpg",1020,570,false],"post_slider_layout_portrait_large":["https:\/\/smartal.ee\/wp-content\/uploads\/2022\/12\/IDEC-SA1E-DP1C-30102484-01.jpg",1020,570,false],"post_slider_layout_square_large":["https:\/\/smartal.ee\/wp-content\/uploads\/2022\/12\/IDEC-SA1E-DP1C-30102484-01.jpg",1020,570,false],"post_slider_layout_landscape":["https:\/\/smartal.ee\/wp-content\/uploads\/2022\/12\/IDEC-SA1E-DP1C-30102484-01.jpg",600,335,false],"post_slider_layout_portrait":["https:\/\/smartal.ee\/wp-content\/uploads\/2022\/12\/IDEC-SA1E-DP1C-30102484-01.jpg",600,335,false],"post_slider_layout_square":["https:\/\/smartal.ee\/wp-content\/uploads\/2022\/12\/IDEC-SA1E-DP1C-30102484-01.jpg",600,335,false],"full":["https:\/\/smartal.ee\/wp-content\/uploads\/2022\/12\/IDEC-SA1E-DP1C-30102484-01.jpg",1020,570,false]},"_links":{"self":[{"href":"https:\/\/smartal.ee\/ru\/wp-json\/wp\/v2\/product\/2065","targetHints":{"allow":["GET"]}}],"collection":[{"href":"https:\/\/smartal.ee\/ru\/wp-json\/wp\/v2\/product"}],"about":[{"href":"https:\/\/smartal.ee\/ru\/wp-json\/wp\/v2\/types\/product"}],"wp:featuredmedia":[{"embeddable":true,"href":"https:\/\/smartal.ee\/ru\/wp-json\/wp\/v2\/media\/2060"}],"wp:attachment":[{"href":"https:\/\/smartal.ee\/ru\/wp-json\/wp\/v2\/media?parent=2065"}],"wp:term":[{"taxonomy":"product_brand","embeddable":true,"href":"https:\/\/smartal.ee\/ru\/wp-json\/wp\/v2\/product_brand?post=2065"},{"taxonomy":"product_cat","embeddable":true,"href":"https:\/\/smartal.ee\/ru\/wp-json\/wp\/v2\/product_cat?post=2065"},{"taxonomy":"product_tag","embeddable":true,"href":"https:\/\/smartal.ee\/ru\/wp-json\/wp\/v2\/product_tag?post=2065"}],"curies":[{"name":"wp","href":"https:\/\/api.w.org\/{rel}","templated":true}]}}