{"id":3310,"date":"2023-01-07T12:12:50","date_gmt":"2023-01-07T12:12:50","guid":{"rendered":"https:\/\/smartal.ee\/?post_type=product&#038;p=3310"},"modified":"2025-07-08T19:07:07","modified_gmt":"2025-07-08T16:07:07","slug":"wifi-termostaat-devireg-smart-must-140f1143","status":"publish","type":"product","link":"https:\/\/smartal.ee\/ru\/shop\/elekter\/uld\/wifi-termostaat-devireg-smart-must-140f1143\/","title":{"rendered":"DEVIREG Wifi Termostaat SMART, MUST"},"content":{"rendered":"<p class=\"h1\">Vastab \u00f6kodisaini direktiivi (2009\/125\/E\u00dc) n\u00f5uetele. DEVIreg\u2122 Smart DEVIreg\u2122 Smart on intuitiivne programmeeritav kombineeritud termostaat, mida saab \u00fchendada WiFi-v\u00f5rguga ja rakendusega DEVIsmart\u2122. Saate seda programmeerida igal ajal olenemata sellest, kus viibite. Termostaat on v\u00e4lja t\u00f6\u00f6tatud peamiselt p\u00f5randak\u00fctte juhtimiseks. Termostaat on ette n\u00e4htud ainult p\u00fcsipaigalduseks ja selle spetsiaalne 2-osaline konstruktsioon sobib peamiste turul pakutavate raamide ja andurite jaoks. Juhendava paigaldusprogrammi abil on DEVIreg\u2122 Smarti seadete m\u00e4\u00e4ramine kiire. Termostaadil on lahtise akna tuvastus ja energias\u00e4\u00e4sture\u017eiim, kaasa arvatud sisse-\/v\u00e4ljal\u00fclitamise optimeeritud juhtimine, mis tagab soovitud temperatuuri \u00f5igel ajal ja samas v\u00e4hendab k\u00fcttekulusid. DEVIreg Smart loomulik valge \u2013 RAL 9016 \u2013 DEVIreg Smart Polar White T\u00e4iendavad andmed on aadressil devismart.com<\/p>\n<p>Sobivad raamid Schneider, Siemens, JUNG<\/p>","protected":false},"excerpt":{"rendered":"<p>Vastab \u00f6kodisaini direktiivi (2009\/125\/E\u00dc) n\u00f5uetele. DEVIreg\u2122 Smart DEVIreg\u2122 Smart on intuitiivne programmeeritav kombineeritud termostaat, mida saab \u00fchendada WiFi-v\u00f5rguga ja rakendusega DEVIsmart\u2122. Saate seda programmeerida igal ajal olenemata sellest, kus viibite. Termostaat on v\u00e4lja t\u00f6\u00f6tatud peamiselt p\u00f5randak\u00fctte juhtimiseks. Termostaat on ette n\u00e4htud ainult p\u00fcsipaigalduseks ja selle spetsiaalne 2-osaline konstruktsioon sobib peamiste turul pakutavate raamide ja andurite [&hellip;]<\/p>","protected":false},"featured_media":3311,"template":"","meta":{"_regular_price":["245.79"],"currency_symbol":[],"ub_ctt_via":""},"product_brand":[],"product_cat":[75],"product_tag":[],"class_list":{"0":"post-3310","1":"product","2":"type-product","3":"status-publish","4":"has-post-thumbnail","6":"product_cat-uld","8":"first","9":"onbackorder","10":"taxable","11":"shipping-taxable","12":"purchasable","13":"product-type-simple"},"post_slider_layout_featured_media_urls":{"thumbnail":["https:\/\/smartal.ee\/wp-content\/uploads\/2023\/01\/pim-172223-150x150.jpg",150,150,true],"post_slider_layout_landscape_large":["https:\/\/smartal.ee\/wp-content\/uploads\/2023\/01\/pim-172223.jpg",785,800,false],"post_slider_layout_portrait_large":["https:\/\/smartal.ee\/wp-content\/uploads\/2023\/01\/pim-172223.jpg",1200,1223,false],"post_slider_layout_square_large":["https:\/\/smartal.ee\/wp-content\/uploads\/2023\/01\/pim-172223.jpg",1178,1200,false],"post_slider_layout_landscape":["https:\/\/smartal.ee\/wp-content\/uploads\/2023\/01\/pim-172223.jpg",393,400,false],"post_slider_layout_portrait":["https:\/\/smartal.ee\/wp-content\/uploads\/2023\/01\/pim-172223.jpg",600,611,false],"post_slider_layout_square":["https:\/\/smartal.ee\/wp-content\/uploads\/2023\/01\/pim-172223.jpg",589,600,false],"full":["https:\/\/smartal.ee\/wp-content\/uploads\/2023\/01\/pim-172223.jpg",2000,2038,false]},"_links":{"self":[{"href":"https:\/\/smartal.ee\/ru\/wp-json\/wp\/v2\/product\/3310","targetHints":{"allow":["GET"]}}],"collection":[{"href":"https:\/\/smartal.ee\/ru\/wp-json\/wp\/v2\/product"}],"about":[{"href":"https:\/\/smartal.ee\/ru\/wp-json\/wp\/v2\/types\/product"}],"wp:featuredmedia":[{"embeddable":true,"href":"https:\/\/smartal.ee\/ru\/wp-json\/wp\/v2\/media\/3311"}],"wp:attachment":[{"href":"https:\/\/smartal.ee\/ru\/wp-json\/wp\/v2\/media?parent=3310"}],"wp:term":[{"taxonomy":"product_brand","embeddable":true,"href":"https:\/\/smartal.ee\/ru\/wp-json\/wp\/v2\/product_brand?post=3310"},{"taxonomy":"product_cat","embeddable":true,"href":"https:\/\/smartal.ee\/ru\/wp-json\/wp\/v2\/product_cat?post=3310"},{"taxonomy":"product_tag","embeddable":true,"href":"https:\/\/smartal.ee\/ru\/wp-json\/wp\/v2\/product_tag?post=3310"}],"curies":[{"name":"wp","href":"https:\/\/api.w.org\/{rel}","templated":true}]}}