{"id":3314,"date":"2023-01-08T14:03:40","date_gmt":"2023-01-08T14:03:40","guid":{"rendered":"https:\/\/smartal.ee\/?post_type=product&#038;p=3314"},"modified":"2025-07-08T19:05:23","modified_gmt":"2025-07-08T16:05:23","slug":"ensto-saunavalgusti-restiga-avh11-2-40-60w-e27-ip44-125c","status":"publish","type":"product","link":"https:\/\/smartal.ee\/ru\/shop\/valgustid\/ensto-saunavalgusti-restiga-avh11-2-40-60w-e27-ip44-125c\/","title":{"rendered":"ENSTO Saunavalgusti Restiga 40\/60W\/E27 IP44 125\u00b0C"},"content":{"rendered":"<h4 class=\"h1\">ENSTO Saunavalgusti Restiga 40\/60W\/E27 IP44 125\u00b0C<\/h4>\n<p>Saunavalgusti, m\u00e4nnipuust restiga. Sobib kasutamiseks ka muudes ruumides, kus on vaja pidevat p\u00fcsivalgustust. Korpus kuumakindlast pol\u00fcestrist, kuppel klaasist<\/p>","protected":false},"excerpt":{"rendered":"<p>ENSTO Saunavalgusti Restiga 40\/60W\/E27 IP44 125\u00b0C Saunavalgusti, m\u00e4nnipuust restiga. Sobib kasutamiseks ka muudes ruumides, kus on vaja pidevat p\u00fcsivalgustust. Korpus kuumakindlast pol\u00fcestrist, kuppel klaasist<\/p>","protected":false},"featured_media":3315,"template":"","meta":{"_regular_price":["68.19"],"currency_symbol":[],"ub_ctt_via":""},"product_brand":[],"product_cat":[40],"product_tag":[],"class_list":{"0":"post-3314","1":"product","2":"type-product","3":"status-publish","4":"has-post-thumbnail","6":"product_cat-valgustid","8":"first","9":"instock","10":"taxable","11":"shipping-taxable","12":"purchasable","13":"product-type-simple"},"post_slider_layout_featured_media_urls":{"thumbnail":["https:\/\/smartal.ee\/wp-content\/uploads\/2023\/01\/32071020-150x150.jpg",150,150,true],"post_slider_layout_landscape_large":["https:\/\/smartal.ee\/wp-content\/uploads\/2023\/01\/32071020.jpg",800,668,false],"post_slider_layout_portrait_large":["https:\/\/smartal.ee\/wp-content\/uploads\/2023\/01\/32071020.jpg",800,668,false],"post_slider_layout_square_large":["https:\/\/smartal.ee\/wp-content\/uploads\/2023\/01\/32071020.jpg",800,668,false],"post_slider_layout_landscape":["https:\/\/smartal.ee\/wp-content\/uploads\/2023\/01\/32071020.jpg",479,400,false],"post_slider_layout_portrait":["https:\/\/smartal.ee\/wp-content\/uploads\/2023\/01\/32071020.jpg",600,501,false],"post_slider_layout_square":["https:\/\/smartal.ee\/wp-content\/uploads\/2023\/01\/32071020.jpg",600,501,false],"full":["https:\/\/smartal.ee\/wp-content\/uploads\/2023\/01\/32071020.jpg",800,668,false]},"_links":{"self":[{"href":"https:\/\/smartal.ee\/ru\/wp-json\/wp\/v2\/product\/3314","targetHints":{"allow":["GET"]}}],"collection":[{"href":"https:\/\/smartal.ee\/ru\/wp-json\/wp\/v2\/product"}],"about":[{"href":"https:\/\/smartal.ee\/ru\/wp-json\/wp\/v2\/types\/product"}],"wp:featuredmedia":[{"embeddable":true,"href":"https:\/\/smartal.ee\/ru\/wp-json\/wp\/v2\/media\/3315"}],"wp:attachment":[{"href":"https:\/\/smartal.ee\/ru\/wp-json\/wp\/v2\/media?parent=3314"}],"wp:term":[{"taxonomy":"product_brand","embeddable":true,"href":"https:\/\/smartal.ee\/ru\/wp-json\/wp\/v2\/product_brand?post=3314"},{"taxonomy":"product_cat","embeddable":true,"href":"https:\/\/smartal.ee\/ru\/wp-json\/wp\/v2\/product_cat?post=3314"},{"taxonomy":"product_tag","embeddable":true,"href":"https:\/\/smartal.ee\/ru\/wp-json\/wp\/v2\/product_tag?post=3314"}],"curies":[{"name":"wp","href":"https:\/\/api.w.org\/{rel}","templated":true}]}}