{"id":3330,"date":"2023-01-09T20:16:03","date_gmt":"2023-01-09T20:16:03","guid":{"rendered":"https:\/\/smartal.ee\/?post_type=product&#038;p=3330"},"modified":"2025-09-24T16:38:18","modified_gmt":"2025-09-24T13:38:18","slug":"elektrimootor-abb-7-5kw-1500p-min-gabariit-132-ie2-230-400v-b5-aarik","status":"publish","type":"product","link":"https:\/\/smartal.ee\/ru\/shop\/elektrimootorid\/abb-mootorid\/elektrimootor-abb-7-5kw-1500p-min-gabariit-132-ie2-230-400v-b5-aarik\/","title":{"rendered":"ABB Elektrimootor 7.5kW 1500p\/min gabariit 132 IE2 230\/400V B5 \u00e4\u00e4rik"},"content":{"rendered":"<h4>ABB Elektrimootor 7.5kW 1500p\/min gabariit 132 IE2 230\/400V B5 \u00e4\u00e4rik 3GAA132214-BDE-B5<\/h4>\n<p>kaal 64kg<\/p>\n<p><span style=\"color: #ff0000;\">NB! Palun valida kaupa saadetis &#8211; Kulleri teenus v\u00f5i tulen ise j\u00e4rgi\u00a0<\/span><\/p>\n<p><a href=\"https:\/\/new.abb.com\/products\/3GAA132214-ADE\/3gaa132214-ade\">ABB kirjeldus\u00a0<\/a><\/p>\n<p>&nbsp;<\/p>","protected":false},"excerpt":{"rendered":"<p>ABB Elektrimootor 7.5kW 1500p\/min gabariit 132 IE2 230\/400V B5 \u00e4\u00e4rik 3GAA132214-BDE-B5 kaal 64kg NB! Palun valida kaupa saadetis &#8211; Kulleri teenus v\u00f5i tulen ise j\u00e4rgi\u00a0 ABB kirjeldus\u00a0 &nbsp;<\/p>","protected":false},"featured_media":3331,"template":"","meta":{"_regular_price":["675.99"],"currency_symbol":[],"ub_ctt_via":""},"product_brand":[],"product_cat":[68],"product_tag":[],"class_list":{"0":"post-3330","1":"product","2":"type-product","3":"status-publish","4":"has-post-thumbnail","6":"product_cat-abb-mootorid","8":"first","9":"onbackorder","10":"taxable","11":"shipping-taxable","12":"purchasable","13":"product-type-simple"},"post_slider_layout_featured_media_urls":{"thumbnail":["https:\/\/smartal.ee\/wp-content\/uploads\/2023\/01\/9IBA240702_720x540-150x150.png",150,150,true],"post_slider_layout_landscape_large":["https:\/\/smartal.ee\/wp-content\/uploads\/2023\/01\/9IBA240702_720x540.png",540,540,false],"post_slider_layout_portrait_large":["https:\/\/smartal.ee\/wp-content\/uploads\/2023\/01\/9IBA240702_720x540.png",540,540,false],"post_slider_layout_square_large":["https:\/\/smartal.ee\/wp-content\/uploads\/2023\/01\/9IBA240702_720x540.png",540,540,false],"post_slider_layout_landscape":["https:\/\/smartal.ee\/wp-content\/uploads\/2023\/01\/9IBA240702_720x540.png",400,400,false],"post_slider_layout_portrait":["https:\/\/smartal.ee\/wp-content\/uploads\/2023\/01\/9IBA240702_720x540.png",540,540,false],"post_slider_layout_square":["https:\/\/smartal.ee\/wp-content\/uploads\/2023\/01\/9IBA240702_720x540.png",540,540,false],"full":["https:\/\/smartal.ee\/wp-content\/uploads\/2023\/01\/9IBA240702_720x540.png",540,540,false]},"_links":{"self":[{"href":"https:\/\/smartal.ee\/ru\/wp-json\/wp\/v2\/product\/3330","targetHints":{"allow":["GET"]}}],"collection":[{"href":"https:\/\/smartal.ee\/ru\/wp-json\/wp\/v2\/product"}],"about":[{"href":"https:\/\/smartal.ee\/ru\/wp-json\/wp\/v2\/types\/product"}],"wp:featuredmedia":[{"embeddable":true,"href":"https:\/\/smartal.ee\/ru\/wp-json\/wp\/v2\/media\/3331"}],"wp:attachment":[{"href":"https:\/\/smartal.ee\/ru\/wp-json\/wp\/v2\/media?parent=3330"}],"wp:term":[{"taxonomy":"product_brand","embeddable":true,"href":"https:\/\/smartal.ee\/ru\/wp-json\/wp\/v2\/product_brand?post=3330"},{"taxonomy":"product_cat","embeddable":true,"href":"https:\/\/smartal.ee\/ru\/wp-json\/wp\/v2\/product_cat?post=3330"},{"taxonomy":"product_tag","embeddable":true,"href":"https:\/\/smartal.ee\/ru\/wp-json\/wp\/v2\/product_tag?post=3330"}],"curies":[{"name":"wp","href":"https:\/\/api.w.org\/{rel}","templated":true}]}}