{"id":3337,"date":"2023-01-11T08:49:42","date_gmt":"2023-01-11T08:49:42","guid":{"rendered":"https:\/\/smartal.ee\/?post_type=product&#038;p=3337"},"modified":"2025-09-24T16:35:56","modified_gmt":"2025-09-24T13:35:56","slug":"elektrimootor-moll-motor-7-5kw-1000p-min-gabariit-132-400-690v-50hz-b5-aarik","status":"publish","type":"product","link":"https:\/\/smartal.ee\/ru\/shop\/elektrimootorid\/moll-mootorid\/elektrimootor-moll-motor-7-5kw-1000p-min-gabariit-132-400-690v-50hz-b5-aarik\/","title":{"rendered":"MOLL-MOTOR Elektrimootor 7.5kW 1000p\/min Gabariit 132, 400\/690V, 50Hz, B5 \u00e4\u00e4rik"},"content":{"rendered":"<h4>MOLL-MOTOR Elektrimootor 7.5kW 1000p\/min Gabariit 132, 400\/690V, 50Hz, B5 \u00e4\u00e4rik Y32-132MC6<\/h4>\n<p>IP55<\/p>\n<p>kaal 64kg<\/p>\n<p><span style=\"color: #ff0000;\">NB! Palun valida kaupa saadetis &#8211; Kulleri teenus v\u00f5i tulen ise j\u00e4rgi\u00a0<\/span><\/p>\n<p>&nbsp;<\/p>\n<p>&nbsp;<\/p>","protected":false},"excerpt":{"rendered":"<p>MOLL-MOTOR Elektrimootor 7.5kW 1000p\/min Gabariit 132, 400\/690V, 50Hz, B5 \u00e4\u00e4rik Y32-132MC6 IP55 kaal 64kg NB! Palun valida kaupa saadetis &#8211; Kulleri teenus v\u00f5i tulen ise j\u00e4rgi\u00a0 &nbsp; &nbsp;<\/p>","protected":false},"featured_media":3338,"template":"","meta":{"_regular_price":["724.69"],"currency_symbol":[],"ub_ctt_via":""},"product_brand":[],"product_cat":[55],"product_tag":[],"class_list":{"0":"post-3337","1":"product","2":"type-product","3":"status-publish","4":"has-post-thumbnail","6":"product_cat-moll-mootorid","8":"first","9":"instock","10":"taxable","11":"shipping-taxable","12":"purchasable","13":"product-type-simple"},"post_slider_layout_featured_media_urls":{"thumbnail":["https:\/\/smartal.ee\/wp-content\/uploads\/2023\/01\/0-37kw-855-rpm-b5-ie1-y3-71-c6-with-increased-power-150x150.jpg",150,150,true],"post_slider_layout_landscape_large":["https:\/\/smartal.ee\/wp-content\/uploads\/2023\/01\/0-37kw-855-rpm-b5-ie1-y3-71-c6-with-increased-power.jpg",960,800,false],"post_slider_layout_portrait_large":["https:\/\/smartal.ee\/wp-content\/uploads\/2023\/01\/0-37kw-855-rpm-b5-ie1-y3-71-c6-with-increased-power.jpg",1200,1000,false],"post_slider_layout_square_large":["https:\/\/smartal.ee\/wp-content\/uploads\/2023\/01\/0-37kw-855-rpm-b5-ie1-y3-71-c6-with-increased-power.jpg",1200,1000,false],"post_slider_layout_landscape":["https:\/\/smartal.ee\/wp-content\/uploads\/2023\/01\/0-37kw-855-rpm-b5-ie1-y3-71-c6-with-increased-power.jpg",480,400,false],"post_slider_layout_portrait":["https:\/\/smartal.ee\/wp-content\/uploads\/2023\/01\/0-37kw-855-rpm-b5-ie1-y3-71-c6-with-increased-power.jpg",600,500,false],"post_slider_layout_square":["https:\/\/smartal.ee\/wp-content\/uploads\/2023\/01\/0-37kw-855-rpm-b5-ie1-y3-71-c6-with-increased-power.jpg",600,500,false],"full":["https:\/\/smartal.ee\/wp-content\/uploads\/2023\/01\/0-37kw-855-rpm-b5-ie1-y3-71-c6-with-increased-power.jpg",1296,1080,false]},"_links":{"self":[{"href":"https:\/\/smartal.ee\/ru\/wp-json\/wp\/v2\/product\/3337","targetHints":{"allow":["GET"]}}],"collection":[{"href":"https:\/\/smartal.ee\/ru\/wp-json\/wp\/v2\/product"}],"about":[{"href":"https:\/\/smartal.ee\/ru\/wp-json\/wp\/v2\/types\/product"}],"wp:featuredmedia":[{"embeddable":true,"href":"https:\/\/smartal.ee\/ru\/wp-json\/wp\/v2\/media\/3338"}],"wp:attachment":[{"href":"https:\/\/smartal.ee\/ru\/wp-json\/wp\/v2\/media?parent=3337"}],"wp:term":[{"taxonomy":"product_brand","embeddable":true,"href":"https:\/\/smartal.ee\/ru\/wp-json\/wp\/v2\/product_brand?post=3337"},{"taxonomy":"product_cat","embeddable":true,"href":"https:\/\/smartal.ee\/ru\/wp-json\/wp\/v2\/product_cat?post=3337"},{"taxonomy":"product_tag","embeddable":true,"href":"https:\/\/smartal.ee\/ru\/wp-json\/wp\/v2\/product_tag?post=3337"}],"curies":[{"name":"wp","href":"https:\/\/api.w.org\/{rel}","templated":true}]}}