{"id":3771,"date":"2023-01-25T13:32:55","date_gmt":"2023-01-25T13:32:55","guid":{"rendered":"https:\/\/smartal.ee\/?post_type=product&#038;p=3771"},"modified":"2025-07-08T12:32:57","modified_gmt":"2025-07-08T09:32:57","slug":"paigalduskaabel-must-xpuj-3g25-r100-eca","status":"publish","type":"product","link":"https:\/\/smartal.ee\/ru\/shop\/elekter\/kaabel\/paigalduskaabel-must-xpuj-3g25-r100-eca\/","title":{"rendered":"ECA Paigalduskaabel Must XPUJ 3G2,5 R100"},"content":{"rendered":"<h4 class=\"product-title font-product test-product-title color-brand-blue\">ECA Paigalduskaabel Must XPUJ 3G2,5 R100<\/h4>\n<p><em>Kasutusala<\/em><br \/>\nKohtkindlaks pinnapealseks paigalduseks sise- ja valitingimustes, krohvi alla ja ka pinnasesse. Soonte isolatsioon peab<br \/>\nolema kaitstud otsese UV kiirguse eest, mis v\u00f5ib tekkida naiteks valgustites.<br \/>\nMaksimaalne t\u00f5mbetugevus . . . . . . . . . . . . .Ax50 N\/mm2<br \/>\n<em>Lubatud temperatuurid<\/em><br \/>\nSuurim lubatud temperatuur<br \/>\n&#8211; kestval koormusel . . . . . . . . . . . . . . . . . . . . . . . . . . . . 70\u02daC<br \/>\n&#8211; l\u00fchise korral (maks. 5 s) . . . . . . . . . . . . . . . . . . . . . .250\u02daC<br \/>\nMadalaim lubatav paigaldustemperatuur . . . . . . . . \u201315\u02daC<br \/>\n<em>Lubatud painderaadiused<\/em><br \/>\nPaigaldusel . . . . . . . . . . . . . . . . . . . . . . . . . . . . . . . . . . . . 10D<br \/>\n\u00dchekordselt l\u00f5plikul painutamisel . . . . . . . . . . . . . . . . . . 3D<br \/>\n<em>Ehitus<\/em><br \/>\nJuhe . . . . . . . . . . . . l\u00f5\u00f5mutatud \u00fchetraadiline vaskjuhe,<br \/>\nIEC 60228 klass 1<br \/>\nIsolatsioon . . . . . . . XLPE, sooned eristatavad v\u00e4rvide j\u00e4rgi<br \/>\nVahekiht . . . . . . . . . t\u00e4itematerjal<br \/>\nV\u00e4liskest . . . . . . . . must UV-kindel PVC<br \/>\n<em>Juhtmete eristamine<\/em><br \/>\nJuhtmete eristamine vastavalt HD 308 S2 standardile<br \/>\nKaitsejuhita kaablid (t\u00e4hisega X)<br \/>\n2-juhtmeline . . . . . . . . . . . . . sinine, pruun<br \/>\n3-juhtmeline . . . . . . . . . . . . . pruun, must, hall<br \/>\nKaitsejuhiga kaablid (t\u00e4hisega G)<br \/>\n3-juhtmeline . . . . . . . . . . . . . kolla-roheline, sinine, pruun<br \/>\n4-juhtmeline . . . . . . . . . . . . . . kolla-roheline, sinine, pruun,<br \/>\nmust<br \/>\n5-juhtmeline . . . . . . . . . . . . . kolla-roheline, sinine, pruun,<br \/>\nmust, hall<br \/>\n<em>Standardid<\/em><br \/>\nEVS 720:2015<br \/>\nIEC 60332-1<br \/>\n<em>Sertifikaadid<\/em><br \/>\nCE<br \/>\nNimipinged<br \/>\nU0\/U=300\/500 V<\/p>\n<p>&nbsp;<\/p>","protected":false},"excerpt":{"rendered":"<p>ECA Paigalduskaabel Must XPUJ 3G2,5 R100 Kasutusala Kohtkindlaks pinnapealseks paigalduseks sise- ja valitingimustes, krohvi alla ja ka pinnasesse. Soonte isolatsioon peab olema kaitstud otsese UV kiirguse eest, mis v\u00f5ib tekkida naiteks valgustites. Maksimaalne t\u00f5mbetugevus . . . . . . . . . . . . .Ax50 N\/mm2 Lubatud temperatuurid Suurim lubatud temperatuur &#8211; kestval [&hellip;]<\/p>","protected":false},"featured_media":3770,"template":"","meta":{"_regular_price":["198.99"],"currency_symbol":[],"ub_ctt_via":""},"product_brand":[],"product_cat":[72],"product_tag":[],"class_list":{"0":"post-3771","1":"product","2":"type-product","3":"status-publish","4":"has-post-thumbnail","6":"product_cat-kaabel","8":"first","9":"instock","10":"taxable","11":"shipping-taxable","12":"purchasable","13":"product-type-simple"},"post_slider_layout_featured_media_urls":{"thumbnail":["https:\/\/smartal.ee\/wp-content\/uploads\/2023\/01\/pim-1337275-150x150.jpg",150,150,true],"post_slider_layout_landscape_large":["https:\/\/smartal.ee\/wp-content\/uploads\/2023\/01\/pim-1337275.jpg",400,300,false],"post_slider_layout_portrait_large":["https:\/\/smartal.ee\/wp-content\/uploads\/2023\/01\/pim-1337275.jpg",400,300,false],"post_slider_layout_square_large":["https:\/\/smartal.ee\/wp-content\/uploads\/2023\/01\/pim-1337275.jpg",400,300,false],"post_slider_layout_landscape":["https:\/\/smartal.ee\/wp-content\/uploads\/2023\/01\/pim-1337275.jpg",400,300,false],"post_slider_layout_portrait":["https:\/\/smartal.ee\/wp-content\/uploads\/2023\/01\/pim-1337275.jpg",400,300,false],"post_slider_layout_square":["https:\/\/smartal.ee\/wp-content\/uploads\/2023\/01\/pim-1337275.jpg",400,300,false],"full":["https:\/\/smartal.ee\/wp-content\/uploads\/2023\/01\/pim-1337275.jpg",400,300,false]},"_links":{"self":[{"href":"https:\/\/smartal.ee\/ru\/wp-json\/wp\/v2\/product\/3771","targetHints":{"allow":["GET"]}}],"collection":[{"href":"https:\/\/smartal.ee\/ru\/wp-json\/wp\/v2\/product"}],"about":[{"href":"https:\/\/smartal.ee\/ru\/wp-json\/wp\/v2\/types\/product"}],"wp:featuredmedia":[{"embeddable":true,"href":"https:\/\/smartal.ee\/ru\/wp-json\/wp\/v2\/media\/3770"}],"wp:attachment":[{"href":"https:\/\/smartal.ee\/ru\/wp-json\/wp\/v2\/media?parent=3771"}],"wp:term":[{"taxonomy":"product_brand","embeddable":true,"href":"https:\/\/smartal.ee\/ru\/wp-json\/wp\/v2\/product_brand?post=3771"},{"taxonomy":"product_cat","embeddable":true,"href":"https:\/\/smartal.ee\/ru\/wp-json\/wp\/v2\/product_cat?post=3771"},{"taxonomy":"product_tag","embeddable":true,"href":"https:\/\/smartal.ee\/ru\/wp-json\/wp\/v2\/product_tag?post=3771"}],"curies":[{"name":"wp","href":"https:\/\/api.w.org\/{rel}","templated":true}]}}