{"id":3774,"date":"2023-01-25T13:55:32","date_gmt":"2023-01-25T13:55:32","guid":{"rendered":"https:\/\/smartal.ee\/?post_type=product&#038;p=3774"},"modified":"2025-07-08T12:26:37","modified_gmt":"2025-07-08T09:26:37","slug":"paigalduskaabel-hf-xpj-hf-5g25-r100-dca","status":"publish","type":"product","link":"https:\/\/smartal.ee\/ru\/shop\/elekter\/kaabel\/paigalduskaabel-hf-xpj-hf-5g25-r100-dca\/","title":{"rendered":"DCA Paigalduskaabel HF XPJ-HF C Pro 5G2,5 R100"},"content":{"rendered":"<h4 class=\"product-title font-product test-product-title color-brand-blue\">DCA Paigalduskaabel HF XPJ-HF C Pro 5G2,5 R100<\/h4>\n<p><em>KIRJELDUS<\/em><br \/>\nHalogeenivaba isekustuv kaabel. Tulekahju korral tekib v\u00e4he suitsu (h\u00f5lbustamaks evakuatsiooni) ning eralduvad gaasid ei kahjusta elektroonikaseadmeid. Kohtkindlaks paigalduseks sise- ja v\u00e4litingimustes, kuid mitte pinnasesse. Sobiv paigaldamiseks<br \/>\nkrohvi alla. V\u00e4lipaigaldusel on soovitatav kaitsta kaablit otsese p\u00e4ikesekiirguse eest. Soonte isolatsioon peab olema kaitstud<br \/>\notsese UV kiirguse eest, mis v\u00f5ib tekkida n\u00e4iteks valgustites.<br \/>\n<em>KONSTRUKTSIOON<\/em><br \/>\nKaabli kuju \u00dcmar<br \/>\nJuht \u00dchetraadiline l\u00f5\u00f5mutatud vaskjuhe (klass 1)<br \/>\nIsolatsioon XLPE<br \/>\nV\u00e4liskest Valge halogeenivaba pol\u00fcmeer<br \/>\n<em>SOONTE T\u00c4HISTAMINE<\/em><br \/>\n2x &#8211; sinine, pruun<br \/>\n3x &#8211; pruun, must, hall<br \/>\n3G &#8211; kolla-roheline, sinine, pruun<br \/>\n4G &#8211; kolla-roheline, sinine, pruun, must<br \/>\n5G &#8211; kolla-roheline, sinine, pruun, must, hall<br \/>\n<em>OMADUSED<\/em><br \/>\nMaksimaalne t\u00f6\u00f6temperatuur +70\u00b0C<br \/>\nMinimaalne paigaldustemperatuur -15\u00b0C<br \/>\nMaksimaalne temperatuur l\u00fchise korral +250\u00b0C<br \/>\nCPR klass Dca-s2d2a2<br \/>\nUV-kindlus Puudub<\/p>\n<p>&nbsp;<\/p>","protected":false},"excerpt":{"rendered":"<p>DCA Paigalduskaabel HF XPJ-HF C Pro 5G2,5 R100 KIRJELDUS Halogeenivaba isekustuv kaabel. Tulekahju korral tekib v\u00e4he suitsu (h\u00f5lbustamaks evakuatsiooni) ning eralduvad gaasid ei kahjusta elektroonikaseadmeid. Kohtkindlaks paigalduseks sise- ja v\u00e4litingimustes, kuid mitte pinnasesse. Sobiv paigaldamiseks krohvi alla. V\u00e4lipaigaldusel on soovitatav kaitsta kaablit otsese p\u00e4ikesekiirguse eest. Soonte isolatsioon peab olema kaitstud otsese UV kiirguse eest, mis [&hellip;]<\/p>","protected":false},"featured_media":3761,"template":"","meta":{"_regular_price":["248.99"],"currency_symbol":[],"ub_ctt_via":""},"product_brand":[],"product_cat":[72],"product_tag":[],"class_list":{"0":"post-3774","1":"product","2":"type-product","3":"status-publish","4":"has-post-thumbnail","6":"product_cat-kaabel","8":"first","9":"instock","10":"taxable","11":"shipping-taxable","12":"purchasable","13":"product-type-simple"},"post_slider_layout_featured_media_urls":{"thumbnail":["https:\/\/smartal.ee\/wp-content\/uploads\/2023\/01\/pim-173833-150x150.jpg",150,150,true],"post_slider_layout_landscape_large":["https:\/\/smartal.ee\/wp-content\/uploads\/2023\/01\/pim-173833.jpg",800,800,false],"post_slider_layout_portrait_large":["https:\/\/smartal.ee\/wp-content\/uploads\/2023\/01\/pim-173833.jpg",1200,1200,false],"post_slider_layout_square_large":["https:\/\/smartal.ee\/wp-content\/uploads\/2023\/01\/pim-173833.jpg",1200,1200,false],"post_slider_layout_landscape":["https:\/\/smartal.ee\/wp-content\/uploads\/2023\/01\/pim-173833.jpg",400,400,false],"post_slider_layout_portrait":["https:\/\/smartal.ee\/wp-content\/uploads\/2023\/01\/pim-173833.jpg",600,600,false],"post_slider_layout_square":["https:\/\/smartal.ee\/wp-content\/uploads\/2023\/01\/pim-173833.jpg",600,600,false],"full":["https:\/\/smartal.ee\/wp-content\/uploads\/2023\/01\/pim-173833.jpg",1600,1600,false]},"_links":{"self":[{"href":"https:\/\/smartal.ee\/ru\/wp-json\/wp\/v2\/product\/3774","targetHints":{"allow":["GET"]}}],"collection":[{"href":"https:\/\/smartal.ee\/ru\/wp-json\/wp\/v2\/product"}],"about":[{"href":"https:\/\/smartal.ee\/ru\/wp-json\/wp\/v2\/types\/product"}],"wp:featuredmedia":[{"embeddable":true,"href":"https:\/\/smartal.ee\/ru\/wp-json\/wp\/v2\/media\/3761"}],"wp:attachment":[{"href":"https:\/\/smartal.ee\/ru\/wp-json\/wp\/v2\/media?parent=3774"}],"wp:term":[{"taxonomy":"product_brand","embeddable":true,"href":"https:\/\/smartal.ee\/ru\/wp-json\/wp\/v2\/product_brand?post=3774"},{"taxonomy":"product_cat","embeddable":true,"href":"https:\/\/smartal.ee\/ru\/wp-json\/wp\/v2\/product_cat?post=3774"},{"taxonomy":"product_tag","embeddable":true,"href":"https:\/\/smartal.ee\/ru\/wp-json\/wp\/v2\/product_tag?post=3774"}],"curies":[{"name":"wp","href":"https:\/\/api.w.org\/{rel}","templated":true}]}}