{"id":3807,"date":"2023-02-17T08:17:13","date_gmt":"2023-02-17T08:17:13","guid":{"rendered":"https:\/\/smartal.ee\/?post_type=product&#038;p=3807"},"modified":"2026-02-09T16:24:56","modified_gmt":"2026-02-09T13:24:56","slug":"kuttesusteemi-pump-grundfos-alpha2-25-60-180-1x230v-50hz","status":"publish","type":"product","link":"https:\/\/smartal.ee\/ru\/shop\/pumbad\/kuttesusteemi-pump-grundfos-alpha2-25-60-180-1x230v-50hz\/","title":{"rendered":"GRUNDFOS K\u00fcttes\u00fcsteemi Pump ALPHA2 25-60 180 1x230V 50Hz"},"content":{"rendered":"<h4 class=\"product-title font-product test-product-title color-brand-blue\">GRUNDFOS K\u00fcttes\u00fcsteemi Pump ALPHA2 25-60 180 1x230V 50Hz<\/h4>\n<p>ALPHA2 on tsirkulatsioonipump, mis on ette n\u00e4htud k\u00fctte- ja kliimaseadmete jaoks. AUTOADAPT kohandab pumpa pidevalt s\u00fcsteemi vajadustega, tagades optimaalse mugavuse, v\u00e4ikese energiakulu ja lihtsa k\u00e4ikuandmise.<\/p>\n<h3 class=\"product-title font-product test-product-title color-brand-blue\"><\/h3>\n<p>&nbsp;<\/p>","protected":false},"excerpt":{"rendered":"<p>GRUNDFOS K\u00fcttes\u00fcsteemi Pump ALPHA2 25-60 180 1x230V 50Hz ALPHA2 on tsirkulatsioonipump, mis on ette n\u00e4htud k\u00fctte- ja kliimaseadmete jaoks. AUTOADAPT kohandab pumpa pidevalt s\u00fcsteemi vajadustega, tagades optimaalse mugavuse, v\u00e4ikese energiakulu ja lihtsa k\u00e4ikuandmise. &nbsp;<\/p>","protected":false},"featured_media":3799,"template":"","meta":{"_regular_price":["424.39"],"currency_symbol":[],"ub_ctt_via":""},"product_brand":[],"product_cat":[73],"product_tag":[],"class_list":{"0":"post-3807","1":"product","2":"type-product","3":"status-publish","4":"has-post-thumbnail","6":"product_cat-pumbad","8":"first","9":"instock","10":"taxable","11":"shipping-taxable","12":"purchasable","13":"product-type-simple"},"post_slider_layout_featured_media_urls":{"thumbnail":["https:\/\/smartal.ee\/wp-content\/uploads\/2023\/02\/989.180@2x.jpg",150,150,false],"post_slider_layout_landscape_large":["https:\/\/smartal.ee\/wp-content\/uploads\/2023\/02\/989.180@2x.jpg",360,360,false],"post_slider_layout_portrait_large":["https:\/\/smartal.ee\/wp-content\/uploads\/2023\/02\/989.180@2x.jpg",360,360,false],"post_slider_layout_square_large":["https:\/\/smartal.ee\/wp-content\/uploads\/2023\/02\/989.180@2x.jpg",360,360,false],"post_slider_layout_landscape":["https:\/\/smartal.ee\/wp-content\/uploads\/2023\/02\/989.180@2x.jpg",360,360,false],"post_slider_layout_portrait":["https:\/\/smartal.ee\/wp-content\/uploads\/2023\/02\/989.180@2x.jpg",360,360,false],"post_slider_layout_square":["https:\/\/smartal.ee\/wp-content\/uploads\/2023\/02\/989.180@2x.jpg",360,360,false],"full":["https:\/\/smartal.ee\/wp-content\/uploads\/2023\/02\/989.180@2x.jpg",360,360,false]},"_links":{"self":[{"href":"https:\/\/smartal.ee\/ru\/wp-json\/wp\/v2\/product\/3807","targetHints":{"allow":["GET"]}}],"collection":[{"href":"https:\/\/smartal.ee\/ru\/wp-json\/wp\/v2\/product"}],"about":[{"href":"https:\/\/smartal.ee\/ru\/wp-json\/wp\/v2\/types\/product"}],"wp:featuredmedia":[{"embeddable":true,"href":"https:\/\/smartal.ee\/ru\/wp-json\/wp\/v2\/media\/3799"}],"wp:attachment":[{"href":"https:\/\/smartal.ee\/ru\/wp-json\/wp\/v2\/media?parent=3807"}],"wp:term":[{"taxonomy":"product_brand","embeddable":true,"href":"https:\/\/smartal.ee\/ru\/wp-json\/wp\/v2\/product_brand?post=3807"},{"taxonomy":"product_cat","embeddable":true,"href":"https:\/\/smartal.ee\/ru\/wp-json\/wp\/v2\/product_cat?post=3807"},{"taxonomy":"product_tag","embeddable":true,"href":"https:\/\/smartal.ee\/ru\/wp-json\/wp\/v2\/product_tag?post=3807"}],"curies":[{"name":"wp","href":"https:\/\/api.w.org\/{rel}","templated":true}]}}