{"id":3808,"date":"2023-02-17T08:19:15","date_gmt":"2023-02-17T08:19:15","guid":{"rendered":"https:\/\/smartal.ee\/?post_type=product&#038;p=3808"},"modified":"2026-02-09T16:24:08","modified_gmt":"2026-02-09T13:24:08","slug":"kuttesusteemi-pump-grundfos-magna1-25-40-180-1x230v-pn10","status":"publish","type":"product","link":"https:\/\/smartal.ee\/ru\/shop\/pumbad\/kuttesusteemi-pump-grundfos-magna1-25-40-180-1x230v-pn10\/","title":{"rendered":"GRUNDFOS K\u00fcttes\u00fcsteemi Tsirkulatsioonipump MAGNA1 25-40 180 1x230V PN10"},"content":{"rendered":"<h4 class=\"product-title font-product test-product-title color-brand-blue\">GRUNDFOS K\u00fcttes\u00fcsteemi Tsirkulatsioonipump MAGNA1 25-40 180 1x230V PN10<\/h4>\n<p>Lihtne valik korralikult tehtud t\u00f6\u00f6 jaoks. Tootel on intuitiivne kasutajaliides, mis sobib eriti h\u00e4sti vanemate ringluspumpade asendamiseks. Ideaalne valik p\u00f5hifunktsioonide jaoks<\/p>\n<h3 class=\"product-title font-product test-product-title color-brand-blue\"><\/h3>\n<p>&nbsp;<\/p>","protected":false},"excerpt":{"rendered":"<p>GRUNDFOS K\u00fcttes\u00fcsteemi Tsirkulatsioonipump MAGNA1 25-40 180 1x230V PN10 Lihtne valik korralikult tehtud t\u00f6\u00f6 jaoks. Tootel on intuitiivne kasutajaliides, mis sobib eriti h\u00e4sti vanemate ringluspumpade asendamiseks. Ideaalne valik p\u00f5hifunktsioonide jaoks &nbsp;<\/p>","protected":false},"featured_media":3809,"template":"","meta":{"_regular_price":["707.39"],"currency_symbol":[],"ub_ctt_via":""},"product_brand":[],"product_cat":[73],"product_tag":[],"class_list":{"0":"post-3808","1":"product","2":"type-product","3":"status-publish","4":"has-post-thumbnail","6":"product_cat-pumbad","8":"first","9":"instock","10":"taxable","11":"shipping-taxable","12":"purchasable","13":"product-type-simple"},"post_slider_layout_featured_media_urls":{"thumbnail":["https:\/\/smartal.ee\/wp-content\/uploads\/2023\/02\/GF_99221216-600x450-1-150x150.jpg",150,150,true],"post_slider_layout_landscape_large":["https:\/\/smartal.ee\/wp-content\/uploads\/2023\/02\/GF_99221216-600x450-1.jpg",600,450,false],"post_slider_layout_portrait_large":["https:\/\/smartal.ee\/wp-content\/uploads\/2023\/02\/GF_99221216-600x450-1.jpg",600,450,false],"post_slider_layout_square_large":["https:\/\/smartal.ee\/wp-content\/uploads\/2023\/02\/GF_99221216-600x450-1.jpg",600,450,false],"post_slider_layout_landscape":["https:\/\/smartal.ee\/wp-content\/uploads\/2023\/02\/GF_99221216-600x450-1.jpg",533,400,false],"post_slider_layout_portrait":["https:\/\/smartal.ee\/wp-content\/uploads\/2023\/02\/GF_99221216-600x450-1.jpg",600,450,false],"post_slider_layout_square":["https:\/\/smartal.ee\/wp-content\/uploads\/2023\/02\/GF_99221216-600x450-1.jpg",600,450,false],"full":["https:\/\/smartal.ee\/wp-content\/uploads\/2023\/02\/GF_99221216-600x450-1.jpg",600,450,false]},"_links":{"self":[{"href":"https:\/\/smartal.ee\/ru\/wp-json\/wp\/v2\/product\/3808","targetHints":{"allow":["GET"]}}],"collection":[{"href":"https:\/\/smartal.ee\/ru\/wp-json\/wp\/v2\/product"}],"about":[{"href":"https:\/\/smartal.ee\/ru\/wp-json\/wp\/v2\/types\/product"}],"wp:featuredmedia":[{"embeddable":true,"href":"https:\/\/smartal.ee\/ru\/wp-json\/wp\/v2\/media\/3809"}],"wp:attachment":[{"href":"https:\/\/smartal.ee\/ru\/wp-json\/wp\/v2\/media?parent=3808"}],"wp:term":[{"taxonomy":"product_brand","embeddable":true,"href":"https:\/\/smartal.ee\/ru\/wp-json\/wp\/v2\/product_brand?post=3808"},{"taxonomy":"product_cat","embeddable":true,"href":"https:\/\/smartal.ee\/ru\/wp-json\/wp\/v2\/product_cat?post=3808"},{"taxonomy":"product_tag","embeddable":true,"href":"https:\/\/smartal.ee\/ru\/wp-json\/wp\/v2\/product_tag?post=3808"}],"curies":[{"name":"wp","href":"https:\/\/api.w.org\/{rel}","templated":true}]}}