{"id":4552,"date":"2023-09-26T13:39:32","date_gmt":"2023-09-26T13:39:32","guid":{"rendered":"https:\/\/smartal.ee\/?post_type=product&#038;p=4552"},"modified":"2026-01-15T13:01:40","modified_gmt":"2026-01-15T10:01:40","slug":"mitsubishi-operaatorpaneel-gt2310-vtbd","status":"publish","type":"product","link":"https:\/\/smartal.ee\/ru\/shop\/plc\/mitsubishi-plc\/mitsubishi-operaatorpaneel-gt2310-vtbd\/","title":{"rendered":"MITSUBISHI Operaatorpaneel GT2310-VTBD, Graafiline LCD TFT ekraan 10,4&#8243;"},"content":{"rendered":"<h4 class=\"base title\">Mitsubishi Operaatorpaneel GT2310-VTBD<\/h4>\n<p>Graafiline LCD TFT ekraan 10,4&#8243;, v\u00e4rviline<br \/>\n1024X648 , 9MB m\u00e4lu, 1 x SD port<br \/>\nRS232, RS422, Ethernet 10\/100 MBit, USB<br \/>\nIP67F, 24 VDC (+10%, -15%)<br \/>\nUSB-liides esipaneelil<br \/>\nV\u00e4lism\u00f5\u00f5dud LxKxS[mm]: 303 x 218 x 56<\/p>","protected":false},"excerpt":{"rendered":"<p>Mitsubishi Operaatorpaneel GT2310-VTBD Graafiline LCD TFT ekraan 10,4&#8243;, v\u00e4rviline 1024X648 , 9MB m\u00e4lu, 1 x SD port RS232, RS422, Ethernet 10\/100 MBit, USB IP67F, 24 VDC (+10%, -15%) USB-liides esipaneelil V\u00e4lism\u00f5\u00f5dud LxKxS[mm]: 303 x 218 x 56<\/p>","protected":false},"featured_media":4556,"template":"","meta":{"_regular_price":["1937.99"],"currency_symbol":[],"ub_ctt_via":""},"product_brand":[],"product_cat":[47],"product_tag":[],"class_list":{"0":"post-4552","1":"product","2":"type-product","3":"status-publish","4":"has-post-thumbnail","6":"product_cat-mitsubishi-plc","8":"first","9":"instock","10":"taxable","11":"shipping-taxable","12":"purchasable","13":"product-type-simple"},"post_slider_layout_featured_media_urls":{"thumbnail":["https:\/\/smartal.ee\/wp-content\/uploads\/2023\/09\/gt23_main-150x150.jpg",150,150,true],"post_slider_layout_landscape_large":["https:\/\/smartal.ee\/wp-content\/uploads\/2023\/09\/gt23_main.jpg",780,330,false],"post_slider_layout_portrait_large":["https:\/\/smartal.ee\/wp-content\/uploads\/2023\/09\/gt23_main.jpg",780,330,false],"post_slider_layout_square_large":["https:\/\/smartal.ee\/wp-content\/uploads\/2023\/09\/gt23_main.jpg",780,330,false],"post_slider_layout_landscape":["https:\/\/smartal.ee\/wp-content\/uploads\/2023\/09\/gt23_main-600x330.jpg",600,330,true],"post_slider_layout_portrait":["https:\/\/smartal.ee\/wp-content\/uploads\/2023\/09\/gt23_main-600x330.jpg",600,330,true],"post_slider_layout_square":["https:\/\/smartal.ee\/wp-content\/uploads\/2023\/09\/gt23_main-600x330.jpg",600,330,true],"full":["https:\/\/smartal.ee\/wp-content\/uploads\/2023\/09\/gt23_main.jpg",780,330,false]},"_links":{"self":[{"href":"https:\/\/smartal.ee\/ru\/wp-json\/wp\/v2\/product\/4552","targetHints":{"allow":["GET"]}}],"collection":[{"href":"https:\/\/smartal.ee\/ru\/wp-json\/wp\/v2\/product"}],"about":[{"href":"https:\/\/smartal.ee\/ru\/wp-json\/wp\/v2\/types\/product"}],"wp:featuredmedia":[{"embeddable":true,"href":"https:\/\/smartal.ee\/ru\/wp-json\/wp\/v2\/media\/4556"}],"wp:attachment":[{"href":"https:\/\/smartal.ee\/ru\/wp-json\/wp\/v2\/media?parent=4552"}],"wp:term":[{"taxonomy":"product_brand","embeddable":true,"href":"https:\/\/smartal.ee\/ru\/wp-json\/wp\/v2\/product_brand?post=4552"},{"taxonomy":"product_cat","embeddable":true,"href":"https:\/\/smartal.ee\/ru\/wp-json\/wp\/v2\/product_cat?post=4552"},{"taxonomy":"product_tag","embeddable":true,"href":"https:\/\/smartal.ee\/ru\/wp-json\/wp\/v2\/product_tag?post=4552"}],"curies":[{"name":"wp","href":"https:\/\/api.w.org\/{rel}","templated":true}]}}