{"id":4576,"date":"2023-10-08T19:10:35","date_gmt":"2023-10-08T19:10:35","guid":{"rendered":"https:\/\/smartal.ee\/?post_type=product&#038;p=4576"},"modified":"2025-08-12T13:08:47","modified_gmt":"2025-08-12T10:08:47","slug":"knipex-voti-kilbiuksele-nelikant-5678910mm","status":"publish","type":"product","link":"https:\/\/smartal.ee\/ru\/shop\/tooristad\/knipex-tooristad\/knipex-voti-kilbiuksele-nelikant-5678910mm\/","title":{"rendered":"KNIPEX V\u00f5ti kilbiuksele nelikant 5,6,7,8,9,10mm"},"content":{"rendered":"<h4>KNIPEX V\u00f5ti kilbiuksele<\/h4>\n<p>Multifunktsionaalne v\u00f5ti, mis sobib standardsetele elektirkappidele, k\u00fctte- ja konditsioneeris\u00fcsteemidele, vee- ja gaasitrasside kraanidele.<\/p>\n<h4><\/h4>","protected":false},"excerpt":{"rendered":"<p>KNIPEX V\u00f5ti kilbiuksele Multifunktsionaalne v\u00f5ti, mis sobib standardsetele elektirkappidele, k\u00fctte- ja konditsioneeris\u00fcsteemidele, vee- ja gaasitrasside kraanidele.<\/p>","protected":false},"featured_media":7503,"template":"","meta":{"_regular_price":["37.99"],"currency_symbol":[],"ub_ctt_via":""},"product_brand":[],"product_cat":[98],"product_tag":[],"class_list":{"0":"post-4576","1":"product","2":"type-product","3":"status-publish","4":"has-post-thumbnail","6":"product_cat-knipex-tooristad","8":"first","9":"instock","10":"taxable","11":"shipping-taxable","12":"purchasable","13":"product-type-simple"},"post_slider_layout_featured_media_urls":{"thumbnail":["https:\/\/smartal.ee\/wp-content\/uploads\/2023\/10\/0918298_7349e6c0-2698-4caf-9d00-18c783023544-150x150.jpeg",150,150,true],"post_slider_layout_landscape_large":["https:\/\/smartal.ee\/wp-content\/uploads\/2023\/10\/0918298_7349e6c0-2698-4caf-9d00-18c783023544.jpeg",646,491,false],"post_slider_layout_portrait_large":["https:\/\/smartal.ee\/wp-content\/uploads\/2023\/10\/0918298_7349e6c0-2698-4caf-9d00-18c783023544.jpeg",646,491,false],"post_slider_layout_square_large":["https:\/\/smartal.ee\/wp-content\/uploads\/2023\/10\/0918298_7349e6c0-2698-4caf-9d00-18c783023544.jpeg",646,491,false],"post_slider_layout_landscape":["https:\/\/smartal.ee\/wp-content\/uploads\/2023\/10\/0918298_7349e6c0-2698-4caf-9d00-18c783023544.jpeg",526,400,false],"post_slider_layout_portrait":["https:\/\/smartal.ee\/wp-content\/uploads\/2023\/10\/0918298_7349e6c0-2698-4caf-9d00-18c783023544.jpeg",600,456,false],"post_slider_layout_square":["https:\/\/smartal.ee\/wp-content\/uploads\/2023\/10\/0918298_7349e6c0-2698-4caf-9d00-18c783023544.jpeg",600,456,false],"full":["https:\/\/smartal.ee\/wp-content\/uploads\/2023\/10\/0918298_7349e6c0-2698-4caf-9d00-18c783023544.jpeg",646,491,false]},"_links":{"self":[{"href":"https:\/\/smartal.ee\/ru\/wp-json\/wp\/v2\/product\/4576","targetHints":{"allow":["GET"]}}],"collection":[{"href":"https:\/\/smartal.ee\/ru\/wp-json\/wp\/v2\/product"}],"about":[{"href":"https:\/\/smartal.ee\/ru\/wp-json\/wp\/v2\/types\/product"}],"wp:featuredmedia":[{"embeddable":true,"href":"https:\/\/smartal.ee\/ru\/wp-json\/wp\/v2\/media\/7503"}],"wp:attachment":[{"href":"https:\/\/smartal.ee\/ru\/wp-json\/wp\/v2\/media?parent=4576"}],"wp:term":[{"taxonomy":"product_brand","embeddable":true,"href":"https:\/\/smartal.ee\/ru\/wp-json\/wp\/v2\/product_brand?post=4576"},{"taxonomy":"product_cat","embeddable":true,"href":"https:\/\/smartal.ee\/ru\/wp-json\/wp\/v2\/product_cat?post=4576"},{"taxonomy":"product_tag","embeddable":true,"href":"https:\/\/smartal.ee\/ru\/wp-json\/wp\/v2\/product_tag?post=4576"}],"curies":[{"name":"wp","href":"https:\/\/api.w.org\/{rel}","templated":true}]}}