{"id":4610,"date":"2023-10-11T18:03:45","date_gmt":"2023-10-11T18:03:45","guid":{"rendered":"https:\/\/smartal.ee\/?post_type=product&#038;p=4610"},"modified":"2025-07-18T12:41:46","modified_gmt":"2025-07-18T09:41:46","slug":"wera-kruvikeerajate-komplekt-extra-slim-vde-160is-7","status":"publish","type":"product","link":"https:\/\/smartal.ee\/ru\/shop\/tooristad\/wera-tooristad\/wera-kruvikeerajate-komplekt-extra-slim-vde-160is-7\/","title":{"rendered":"WERA Kruvikeerajate komplekt Extra Slim VDE 160iS\/7"},"content":{"rendered":"<h4>Kruvikeerajate komplekt Wera Extra Slim VDE 160iS\/7,<\/h4>\n<h4>Kruvikeerajate tera on v\u00e4hendatud l\u00e4bim\u00f5\u00f5duga ning sobib ka kitsastesse oludesse. Kraftform Plus mugav ja ergonoomiline k\u00e4epide, mis ei v\u00e4sita k\u00e4tt. Lisaks on k\u00e4epidemel veeremisvastane funktsioon ning profiili suurus on m\u00e4rgitud iga kruvikeeraja k\u00e4epideme otsale. 7-osaline kruvikeerajate komplekt sialdab ka faasitestrit ning seinahoidjat. Kaitstud kuni 1000V pinge eest. komplekt sisaldab: 1 x PH 1&#215;80, 1 x PH 2&#215;100, 1 x<br \/>\n2&#215;100, 1 x 0.6&#215;3.5&#215;100, 1 x 0.8&#215;4.0x100, 1 x 1.0&#215;5.5&#215;125, 1 x 0.5&#215;3.0x70<\/h4>\n<h4><\/h4>","protected":false},"excerpt":{"rendered":"<p>Kruvikeerajate komplekt Wera Extra Slim VDE 160iS\/7, Kruvikeerajate tera on v\u00e4hendatud l\u00e4bim\u00f5\u00f5duga ning sobib ka kitsastesse oludesse. Kraftform Plus mugav ja ergonoomiline k\u00e4epide, mis ei v\u00e4sita k\u00e4tt. Lisaks on k\u00e4epidemel veeremisvastane funktsioon ning profiili suurus on m\u00e4rgitud iga kruvikeeraja k\u00e4epideme otsale. 7-osaline kruvikeerajate komplekt sialdab ka faasitestrit ning seinahoidjat. Kaitstud kuni 1000V pinge eest. komplekt [&hellip;]<\/p>","protected":false},"featured_media":4609,"template":"","meta":{"_regular_price":["94.99"],"currency_symbol":[],"ub_ctt_via":""},"product_brand":[],"product_cat":[99],"product_tag":[],"class_list":{"0":"post-4610","1":"product","2":"type-product","3":"status-publish","4":"has-post-thumbnail","6":"product_cat-wera-tooristad","8":"first","9":"instock","10":"taxable","11":"shipping-taxable","12":"purchasable","13":"product-type-simple"},"post_slider_layout_featured_media_urls":{"thumbnail":["https:\/\/smartal.ee\/wp-content\/uploads\/2023\/10\/93c5c23a53c08abf4a857972fd372fbc-150x150.jpg",150,150,true],"post_slider_layout_landscape_large":["https:\/\/smartal.ee\/wp-content\/uploads\/2023\/10\/93c5c23a53c08abf4a857972fd372fbc.jpg",518,600,false],"post_slider_layout_portrait_large":["https:\/\/smartal.ee\/wp-content\/uploads\/2023\/10\/93c5c23a53c08abf4a857972fd372fbc.jpg",518,600,false],"post_slider_layout_square_large":["https:\/\/smartal.ee\/wp-content\/uploads\/2023\/10\/93c5c23a53c08abf4a857972fd372fbc.jpg",518,600,false],"post_slider_layout_landscape":["https:\/\/smartal.ee\/wp-content\/uploads\/2023\/10\/93c5c23a53c08abf4a857972fd372fbc-518x400.jpg",518,400,true],"post_slider_layout_portrait":["https:\/\/smartal.ee\/wp-content\/uploads\/2023\/10\/93c5c23a53c08abf4a857972fd372fbc.jpg",518,600,false],"post_slider_layout_square":["https:\/\/smartal.ee\/wp-content\/uploads\/2023\/10\/93c5c23a53c08abf4a857972fd372fbc.jpg",518,600,false],"full":["https:\/\/smartal.ee\/wp-content\/uploads\/2023\/10\/93c5c23a53c08abf4a857972fd372fbc.jpg",518,600,false]},"_links":{"self":[{"href":"https:\/\/smartal.ee\/ru\/wp-json\/wp\/v2\/product\/4610","targetHints":{"allow":["GET"]}}],"collection":[{"href":"https:\/\/smartal.ee\/ru\/wp-json\/wp\/v2\/product"}],"about":[{"href":"https:\/\/smartal.ee\/ru\/wp-json\/wp\/v2\/types\/product"}],"wp:featuredmedia":[{"embeddable":true,"href":"https:\/\/smartal.ee\/ru\/wp-json\/wp\/v2\/media\/4609"}],"wp:attachment":[{"href":"https:\/\/smartal.ee\/ru\/wp-json\/wp\/v2\/media?parent=4610"}],"wp:term":[{"taxonomy":"product_brand","embeddable":true,"href":"https:\/\/smartal.ee\/ru\/wp-json\/wp\/v2\/product_brand?post=4610"},{"taxonomy":"product_cat","embeddable":true,"href":"https:\/\/smartal.ee\/ru\/wp-json\/wp\/v2\/product_cat?post=4610"},{"taxonomy":"product_tag","embeddable":true,"href":"https:\/\/smartal.ee\/ru\/wp-json\/wp\/v2\/product_tag?post=4610"}],"curies":[{"name":"wp","href":"https:\/\/api.w.org\/{rel}","templated":true}]}}