{"id":4611,"date":"2023-10-11T18:08:23","date_gmt":"2023-10-11T18:08:23","guid":{"rendered":"https:\/\/smartal.ee\/?post_type=product&#038;p=4611"},"modified":"2025-07-18T12:37:49","modified_gmt":"2025-07-18T09:37:49","slug":"wera-kruvikeeraja-komplekt-334-355-6","status":"publish","type":"product","link":"https:\/\/smartal.ee\/ru\/shop\/tooristad\/wera-tooristad\/wera-kruvikeeraja-komplekt-334-355-6\/","title":{"rendered":"WERA Kruvikeeraja komplekt 334\/355\/6"},"content":{"rendered":"<h4>Kruvikeeraja komplekt 334\/355\/6<\/h4>\n<p>6-osaline kruvikeeraja komplekt. V\u00e4ga kvaliteetsed Kraftform Plus kruvikeerajad kahekomponentse ja ergonoomilise k\u00e4epidemega. Pehme ja k\u00f5va materjali kombinatsioon k\u00e4epidemes v\u00f5imaldavad kasutada suurt keeramisj\u00f5udu ilma k\u00e4tt kurnamata. Lisaks on k\u00e4epidemel veeremisvastane funktsioon ning profiili suurus on m\u00e4rgitud kruvikeeraja k\u00e4epideme otsale. Lasertip profiil, mis haarab kruvi kindlalt ja v\u00e4listab v\u00e4ljalibisemise. Kaasas alus kruvikeerajatele. komplekt sisaldab: 1 x PH 1&#215;80, 1 x PH 2&#215;100, 1 x PZ 1&#215;80, 1 x PZ 2&#215;100, 1 x 0.8&#215;4.0x100, 1 x 1.0&#215;5.5&#215;125<\/p>\n<h4><\/h4>","protected":false},"excerpt":{"rendered":"<p>Kruvikeeraja komplekt 334\/355\/6 6-osaline kruvikeeraja komplekt. V\u00e4ga kvaliteetsed Kraftform Plus kruvikeerajad kahekomponentse ja ergonoomilise k\u00e4epidemega. Pehme ja k\u00f5va materjali kombinatsioon k\u00e4epidemes v\u00f5imaldavad kasutada suurt keeramisj\u00f5udu ilma k\u00e4tt kurnamata. Lisaks on k\u00e4epidemel veeremisvastane funktsioon ning profiili suurus on m\u00e4rgitud kruvikeeraja k\u00e4epideme otsale. Lasertip profiil, mis haarab kruvi kindlalt ja v\u00e4listab v\u00e4ljalibisemise. Kaasas alus kruvikeerajatele. komplekt sisaldab: [&hellip;]<\/p>","protected":false},"featured_media":4614,"template":"","meta":{"_regular_price":["61.99"],"currency_symbol":[],"ub_ctt_via":""},"product_brand":[],"product_cat":[99],"product_tag":[],"class_list":{"0":"post-4611","1":"product","2":"type-product","3":"status-publish","4":"has-post-thumbnail","6":"product_cat-wera-tooristad","8":"first","9":"instock","10":"taxable","11":"shipping-taxable","12":"purchasable","13":"product-type-simple"},"post_slider_layout_featured_media_urls":{"thumbnail":["https:\/\/smartal.ee\/wp-content\/uploads\/2023\/10\/187527947-150x150.jpg",150,150,true],"post_slider_layout_landscape_large":["https:\/\/smartal.ee\/wp-content\/uploads\/2023\/10\/187527947.jpg",774,768,false],"post_slider_layout_portrait_large":["https:\/\/smartal.ee\/wp-content\/uploads\/2023\/10\/187527947.jpg",774,768,false],"post_slider_layout_square_large":["https:\/\/smartal.ee\/wp-content\/uploads\/2023\/10\/187527947.jpg",774,768,false],"post_slider_layout_landscape":["https:\/\/smartal.ee\/wp-content\/uploads\/2023\/10\/187527947-600x400.jpg",600,400,true],"post_slider_layout_portrait":["https:\/\/smartal.ee\/wp-content\/uploads\/2023\/10\/187527947-600x768.jpg",600,768,true],"post_slider_layout_square":["https:\/\/smartal.ee\/wp-content\/uploads\/2023\/10\/187527947-600x600.jpg",600,600,true],"full":["https:\/\/smartal.ee\/wp-content\/uploads\/2023\/10\/187527947.jpg",774,768,false]},"_links":{"self":[{"href":"https:\/\/smartal.ee\/ru\/wp-json\/wp\/v2\/product\/4611","targetHints":{"allow":["GET"]}}],"collection":[{"href":"https:\/\/smartal.ee\/ru\/wp-json\/wp\/v2\/product"}],"about":[{"href":"https:\/\/smartal.ee\/ru\/wp-json\/wp\/v2\/types\/product"}],"wp:featuredmedia":[{"embeddable":true,"href":"https:\/\/smartal.ee\/ru\/wp-json\/wp\/v2\/media\/4614"}],"wp:attachment":[{"href":"https:\/\/smartal.ee\/ru\/wp-json\/wp\/v2\/media?parent=4611"}],"wp:term":[{"taxonomy":"product_brand","embeddable":true,"href":"https:\/\/smartal.ee\/ru\/wp-json\/wp\/v2\/product_brand?post=4611"},{"taxonomy":"product_cat","embeddable":true,"href":"https:\/\/smartal.ee\/ru\/wp-json\/wp\/v2\/product_cat?post=4611"},{"taxonomy":"product_tag","embeddable":true,"href":"https:\/\/smartal.ee\/ru\/wp-json\/wp\/v2\/product_tag?post=4611"}],"curies":[{"name":"wp","href":"https:\/\/api.w.org\/{rel}","templated":true}]}}