{"id":4629,"date":"2023-10-12T07:29:36","date_gmt":"2023-10-12T07:29:36","guid":{"rendered":"https:\/\/smartal.ee\/?post_type=product&#038;p=4629"},"modified":"2025-07-18T10:21:28","modified_gmt":"2025-07-18T07:21:28","slug":"wera-l-kuuskant-komplekt-950pkl-9bm-pikad-palliga","status":"publish","type":"product","link":"https:\/\/smartal.ee\/ru\/shop\/tooristad\/wera-tooristad\/wera-l-kuuskant-komplekt-950pkl-9bm-pikad-palliga\/","title":{"rendered":"WERA L-kuuskant komplekt 950PKL\/9BM pikad, palliga"},"content":{"rendered":"<h4>WERA L-kuuskant komplekt 950PKL\/9BM pikad, palliga<\/h4>\n<p>Hex-plus profiil tagab t\u00e4psema sobivuse kruviga ning v\u00e4ldib kahjustusi kruvi peas. Mustaks anodeeritud pind on vastupidav korrosioonile. Palliga ots v\u00f5imaldab kruvide keeramist ka keerulistes oludes ja nurga all. komplekt sisaldab: 1 x 1.5&#215;90, 1 x 2.0&#215;100, 1 x 2.5&#215;112, 1 x 3.0&#215;126, 1 x 4.0&#215;140, 1 x 5.0&#215;160, 1 x 6.0&#215;180, 1 x 8.0&#215;200, 1 x 10.0&#215;219<\/p>\n<p>&nbsp;<\/p>\n<p>&nbsp;<\/p>\n<h4><\/h4>","protected":false},"excerpt":{"rendered":"<p>WERA L-kuuskant komplekt 950PKL\/9BM pikad, palliga Hex-plus profiil tagab t\u00e4psema sobivuse kruviga ning v\u00e4ldib kahjustusi kruvi peas. Mustaks anodeeritud pind on vastupidav korrosioonile. Palliga ots v\u00f5imaldab kruvide keeramist ka keerulistes oludes ja nurga all. komplekt sisaldab: 1 x 1.5&#215;90, 1 x 2.0&#215;100, 1 x 2.5&#215;112, 1 x 3.0&#215;126, 1 x 4.0&#215;140, 1 x 5.0&#215;160, 1 [&hellip;]<\/p>","protected":false},"featured_media":4630,"template":"","meta":{"_regular_price":["30.99"],"currency_symbol":[],"ub_ctt_via":""},"product_brand":[],"product_cat":[99],"product_tag":[],"class_list":{"0":"post-4629","1":"product","2":"type-product","3":"status-publish","4":"has-post-thumbnail","6":"product_cat-wera-tooristad","8":"first","9":"instock","10":"taxable","11":"shipping-taxable","12":"purchasable","13":"product-type-simple"},"post_slider_layout_featured_media_urls":{"thumbnail":["https:\/\/smartal.ee\/wp-content\/uploads\/2023\/10\/187525190-150x150.jpg",150,150,true],"post_slider_layout_landscape_large":["https:\/\/smartal.ee\/wp-content\/uploads\/2023\/10\/187525190.jpg",900,282,false],"post_slider_layout_portrait_large":["https:\/\/smartal.ee\/wp-content\/uploads\/2023\/10\/187525190.jpg",900,282,false],"post_slider_layout_square_large":["https:\/\/smartal.ee\/wp-content\/uploads\/2023\/10\/187525190.jpg",900,282,false],"post_slider_layout_landscape":["https:\/\/smartal.ee\/wp-content\/uploads\/2023\/10\/187525190-600x282.jpg",600,282,true],"post_slider_layout_portrait":["https:\/\/smartal.ee\/wp-content\/uploads\/2023\/10\/187525190-600x282.jpg",600,282,true],"post_slider_layout_square":["https:\/\/smartal.ee\/wp-content\/uploads\/2023\/10\/187525190-600x282.jpg",600,282,true],"full":["https:\/\/smartal.ee\/wp-content\/uploads\/2023\/10\/187525190.jpg",900,282,false]},"_links":{"self":[{"href":"https:\/\/smartal.ee\/ru\/wp-json\/wp\/v2\/product\/4629","targetHints":{"allow":["GET"]}}],"collection":[{"href":"https:\/\/smartal.ee\/ru\/wp-json\/wp\/v2\/product"}],"about":[{"href":"https:\/\/smartal.ee\/ru\/wp-json\/wp\/v2\/types\/product"}],"wp:featuredmedia":[{"embeddable":true,"href":"https:\/\/smartal.ee\/ru\/wp-json\/wp\/v2\/media\/4630"}],"wp:attachment":[{"href":"https:\/\/smartal.ee\/ru\/wp-json\/wp\/v2\/media?parent=4629"}],"wp:term":[{"taxonomy":"product_brand","embeddable":true,"href":"https:\/\/smartal.ee\/ru\/wp-json\/wp\/v2\/product_brand?post=4629"},{"taxonomy":"product_cat","embeddable":true,"href":"https:\/\/smartal.ee\/ru\/wp-json\/wp\/v2\/product_cat?post=4629"},{"taxonomy":"product_tag","embeddable":true,"href":"https:\/\/smartal.ee\/ru\/wp-json\/wp\/v2\/product_tag?post=4629"}],"curies":[{"name":"wp","href":"https:\/\/api.w.org\/{rel}","templated":true}]}}