{"id":4665,"date":"2023-10-13T08:34:59","date_gmt":"2023-10-13T08:34:59","guid":{"rendered":"https:\/\/smartal.ee\/?post_type=product&#038;p=4665"},"modified":"2025-07-18T10:05:27","modified_gmt":"2025-07-18T07:05:27","slug":"schneider-electric-hadastopp-luliti-karbis-ip66","status":"publish","type":"product","link":"https:\/\/smartal.ee\/ru\/shop\/uncategorized\/nuppud-ja-lulitid\/schneider-electric-nuppud-ja-lulitid\/schneider-electric-hadastopp-luliti-karbis-ip66\/","title":{"rendered":"SCHNEIDER Electric H\u00e4dastopp L\u00fcliti Karbis IP66 XALK178E"},"content":{"rendered":"<h4>SCHNEIDER Electric H\u00e4dastopp L\u00fcliti Karbis IP66, P\u00d6\u00d6RATES TAGASTUV XALK178E<\/h4>\n<p>Emergency Off Switch, Enclosure Red \/ Yellow \/ Grey, \u00d822mm, 600V, 1NO + 1NC, Schneider Electric<\/p>","protected":false},"excerpt":{"rendered":"<p>SCHNEIDER Electric H\u00e4dastopp L\u00fcliti Karbis IP66, P\u00d6\u00d6RATES TAGASTUV XALK178E Emergency Off Switch, Enclosure Red \/ Yellow \/ Grey, \u00d822mm, 600V, 1NO + 1NC, Schneider Electric<\/p>","protected":false},"featured_media":4666,"template":"","meta":{"_regular_price":["43.49"],"currency_symbol":[],"ub_ctt_via":""},"product_brand":[],"product_cat":[103],"product_tag":[],"class_list":{"0":"post-4665","1":"product","2":"type-product","3":"status-publish","4":"has-post-thumbnail","6":"product_cat-schneider-electric-nuppud-ja-lulitid","8":"first","9":"instock","10":"taxable","11":"shipping-taxable","12":"purchasable","13":"product-type-simple"},"post_slider_layout_featured_media_urls":{"thumbnail":["https:\/\/smartal.ee\/wp-content\/uploads\/2023\/10\/XALK178EH7_1_large_1-150x150.jpg",150,150,true],"post_slider_layout_landscape_large":["https:\/\/smartal.ee\/wp-content\/uploads\/2023\/10\/XALK178EH7_1_large_1.jpg",300,300,false],"post_slider_layout_portrait_large":["https:\/\/smartal.ee\/wp-content\/uploads\/2023\/10\/XALK178EH7_1_large_1.jpg",300,300,false],"post_slider_layout_square_large":["https:\/\/smartal.ee\/wp-content\/uploads\/2023\/10\/XALK178EH7_1_large_1.jpg",300,300,false],"post_slider_layout_landscape":["https:\/\/smartal.ee\/wp-content\/uploads\/2023\/10\/XALK178EH7_1_large_1.jpg",300,300,false],"post_slider_layout_portrait":["https:\/\/smartal.ee\/wp-content\/uploads\/2023\/10\/XALK178EH7_1_large_1.jpg",300,300,false],"post_slider_layout_square":["https:\/\/smartal.ee\/wp-content\/uploads\/2023\/10\/XALK178EH7_1_large_1.jpg",300,300,false],"full":["https:\/\/smartal.ee\/wp-content\/uploads\/2023\/10\/XALK178EH7_1_large_1.jpg",300,300,false]},"_links":{"self":[{"href":"https:\/\/smartal.ee\/ru\/wp-json\/wp\/v2\/product\/4665","targetHints":{"allow":["GET"]}}],"collection":[{"href":"https:\/\/smartal.ee\/ru\/wp-json\/wp\/v2\/product"}],"about":[{"href":"https:\/\/smartal.ee\/ru\/wp-json\/wp\/v2\/types\/product"}],"wp:featuredmedia":[{"embeddable":true,"href":"https:\/\/smartal.ee\/ru\/wp-json\/wp\/v2\/media\/4666"}],"wp:attachment":[{"href":"https:\/\/smartal.ee\/ru\/wp-json\/wp\/v2\/media?parent=4665"}],"wp:term":[{"taxonomy":"product_brand","embeddable":true,"href":"https:\/\/smartal.ee\/ru\/wp-json\/wp\/v2\/product_brand?post=4665"},{"taxonomy":"product_cat","embeddable":true,"href":"https:\/\/smartal.ee\/ru\/wp-json\/wp\/v2\/product_cat?post=4665"},{"taxonomy":"product_tag","embeddable":true,"href":"https:\/\/smartal.ee\/ru\/wp-json\/wp\/v2\/product_tag?post=4665"}],"curies":[{"name":"wp","href":"https:\/\/api.w.org\/{rel}","templated":true}]}}