{"id":4667,"date":"2023-10-13T08:54:04","date_gmt":"2023-10-13T08:54:04","guid":{"rendered":"https:\/\/smartal.ee\/?post_type=product&#038;p=4667"},"modified":"2025-07-18T10:04:27","modified_gmt":"2025-07-18T07:04:27","slug":"eaton-lopululiti-korpus-lsm-11-1no1nc","status":"publish","type":"product","link":"https:\/\/smartal.ee\/ru\/shop\/uncategorized\/turvarelee-ja-turvaandurid\/eaton-turva\/eaton-lopululiti-korpus-lsm-11-1no1nc\/","title":{"rendered":"EATON L\u00f5pul\u00fcliti Korpus LSM-11 1NO+1NC"},"content":{"rendered":"<h4>EATON L\u00f5pul\u00fcliti Korpus LSM-11 1NO+1NC<\/h4>\n<p>&nbsp;<\/p>","protected":false},"excerpt":{"rendered":"<p>EATON L\u00f5pul\u00fcliti Korpus LSM-11 1NO+1NC &nbsp;<\/p>","protected":false},"featured_media":4668,"template":"","meta":{"_regular_price":["38.99"],"currency_symbol":[],"ub_ctt_via":""},"product_brand":[],"product_cat":[126],"product_tag":[],"class_list":{"0":"post-4667","1":"product","2":"type-product","3":"status-publish","4":"has-post-thumbnail","6":"product_cat-eaton-turva","8":"first","9":"instock","10":"taxable","11":"shipping-taxable","12":"purchasable","13":"product-type-simple"},"post_slider_layout_featured_media_urls":{"thumbnail":["https:\/\/smartal.ee\/wp-content\/uploads\/2023\/10\/lsm-11-predokhranitelnyj-vyklyuchatel-metallicheskij-1n-o-1n-c-150x150.jpg",150,150,true],"post_slider_layout_landscape_large":["https:\/\/smartal.ee\/wp-content\/uploads\/2023\/10\/lsm-11-predokhranitelnyj-vyklyuchatel-metallicheskij-1n-o-1n-c.jpg",458,458,false],"post_slider_layout_portrait_large":["https:\/\/smartal.ee\/wp-content\/uploads\/2023\/10\/lsm-11-predokhranitelnyj-vyklyuchatel-metallicheskij-1n-o-1n-c.jpg",458,458,false],"post_slider_layout_square_large":["https:\/\/smartal.ee\/wp-content\/uploads\/2023\/10\/lsm-11-predokhranitelnyj-vyklyuchatel-metallicheskij-1n-o-1n-c.jpg",458,458,false],"post_slider_layout_landscape":["https:\/\/smartal.ee\/wp-content\/uploads\/2023\/10\/lsm-11-predokhranitelnyj-vyklyuchatel-metallicheskij-1n-o-1n-c-458x400.jpg",458,400,true],"post_slider_layout_portrait":["https:\/\/smartal.ee\/wp-content\/uploads\/2023\/10\/lsm-11-predokhranitelnyj-vyklyuchatel-metallicheskij-1n-o-1n-c.jpg",458,458,false],"post_slider_layout_square":["https:\/\/smartal.ee\/wp-content\/uploads\/2023\/10\/lsm-11-predokhranitelnyj-vyklyuchatel-metallicheskij-1n-o-1n-c.jpg",458,458,false],"full":["https:\/\/smartal.ee\/wp-content\/uploads\/2023\/10\/lsm-11-predokhranitelnyj-vyklyuchatel-metallicheskij-1n-o-1n-c.jpg",458,458,false]},"_links":{"self":[{"href":"https:\/\/smartal.ee\/ru\/wp-json\/wp\/v2\/product\/4667","targetHints":{"allow":["GET"]}}],"collection":[{"href":"https:\/\/smartal.ee\/ru\/wp-json\/wp\/v2\/product"}],"about":[{"href":"https:\/\/smartal.ee\/ru\/wp-json\/wp\/v2\/types\/product"}],"wp:featuredmedia":[{"embeddable":true,"href":"https:\/\/smartal.ee\/ru\/wp-json\/wp\/v2\/media\/4668"}],"wp:attachment":[{"href":"https:\/\/smartal.ee\/ru\/wp-json\/wp\/v2\/media?parent=4667"}],"wp:term":[{"taxonomy":"product_brand","embeddable":true,"href":"https:\/\/smartal.ee\/ru\/wp-json\/wp\/v2\/product_brand?post=4667"},{"taxonomy":"product_cat","embeddable":true,"href":"https:\/\/smartal.ee\/ru\/wp-json\/wp\/v2\/product_cat?post=4667"},{"taxonomy":"product_tag","embeddable":true,"href":"https:\/\/smartal.ee\/ru\/wp-json\/wp\/v2\/product_tag?post=4667"}],"curies":[{"name":"wp","href":"https:\/\/api.w.org\/{rel}","templated":true}]}}