{"id":4671,"date":"2023-10-13T09:08:28","date_gmt":"2023-10-13T09:08:28","guid":{"rendered":"https:\/\/smartal.ee\/?post_type=product&#038;p=4671"},"modified":"2026-04-16T14:11:35","modified_gmt":"2026-04-16T11:11:35","slug":"eaton-hadastopp-nupp-m22-pvt-poorates-tagastuv","status":"publish","type":"product","link":"https:\/\/smartal.ee\/ru\/shop\/nuppud-ja-lulitid\/eaton-moller-nuppud-ja-lulitid\/eaton-hadastopp-nupp-m22-pvt-poorates-tagastuv\/","title":{"rendered":"EATON H\u00e4dastopp Nupp M22-PVT P\u00f6\u00f6rates Tagastuv"},"content":{"rendered":"<h4>EATON H\u00e4dastopp Nupp M22-PVT P\u00f6\u00f6rates Tagastuv<\/h4>\n<p>&nbsp;<\/p>","protected":false},"excerpt":{"rendered":"<p>EATON H\u00e4dastopp Nupp M22-PVT P\u00f6\u00f6rates Tagastuv &nbsp;<\/p>","protected":false},"featured_media":7160,"template":"","meta":{"_regular_price":["17.09"],"currency_symbol":[],"ub_ctt_via":""},"product_brand":[],"product_cat":[63,126],"product_tag":[],"class_list":{"0":"post-4671","1":"product","2":"type-product","3":"status-publish","4":"has-post-thumbnail","6":"product_cat-eaton-moller-nuppud-ja-lulitid","7":"product_cat-eaton-turva","9":"first","10":"instock","11":"taxable","12":"shipping-taxable","13":"purchasable","14":"product-type-simple"},"post_slider_layout_featured_media_urls":{"thumbnail":["https:\/\/smartal.ee\/wp-content\/uploads\/2023\/10\/m22-pvt-hadaseiskamisnupp-poorates-tagastuv-valgustuseta-150x150.jpg",150,150,true],"post_slider_layout_landscape_large":["https:\/\/smartal.ee\/wp-content\/uploads\/2023\/10\/m22-pvt-hadaseiskamisnupp-poorates-tagastuv-valgustuseta.jpg",458,458,false],"post_slider_layout_portrait_large":["https:\/\/smartal.ee\/wp-content\/uploads\/2023\/10\/m22-pvt-hadaseiskamisnupp-poorates-tagastuv-valgustuseta.jpg",458,458,false],"post_slider_layout_square_large":["https:\/\/smartal.ee\/wp-content\/uploads\/2023\/10\/m22-pvt-hadaseiskamisnupp-poorates-tagastuv-valgustuseta.jpg",458,458,false],"post_slider_layout_landscape":["https:\/\/smartal.ee\/wp-content\/uploads\/2023\/10\/m22-pvt-hadaseiskamisnupp-poorates-tagastuv-valgustuseta.jpg",400,400,false],"post_slider_layout_portrait":["https:\/\/smartal.ee\/wp-content\/uploads\/2023\/10\/m22-pvt-hadaseiskamisnupp-poorates-tagastuv-valgustuseta.jpg",458,458,false],"post_slider_layout_square":["https:\/\/smartal.ee\/wp-content\/uploads\/2023\/10\/m22-pvt-hadaseiskamisnupp-poorates-tagastuv-valgustuseta.jpg",458,458,false],"full":["https:\/\/smartal.ee\/wp-content\/uploads\/2023\/10\/m22-pvt-hadaseiskamisnupp-poorates-tagastuv-valgustuseta.jpg",458,458,false]},"_links":{"self":[{"href":"https:\/\/smartal.ee\/ru\/wp-json\/wp\/v2\/product\/4671","targetHints":{"allow":["GET"]}}],"collection":[{"href":"https:\/\/smartal.ee\/ru\/wp-json\/wp\/v2\/product"}],"about":[{"href":"https:\/\/smartal.ee\/ru\/wp-json\/wp\/v2\/types\/product"}],"wp:featuredmedia":[{"embeddable":true,"href":"https:\/\/smartal.ee\/ru\/wp-json\/wp\/v2\/media\/7160"}],"wp:attachment":[{"href":"https:\/\/smartal.ee\/ru\/wp-json\/wp\/v2\/media?parent=4671"}],"wp:term":[{"taxonomy":"product_brand","embeddable":true,"href":"https:\/\/smartal.ee\/ru\/wp-json\/wp\/v2\/product_brand?post=4671"},{"taxonomy":"product_cat","embeddable":true,"href":"https:\/\/smartal.ee\/ru\/wp-json\/wp\/v2\/product_cat?post=4671"},{"taxonomy":"product_tag","embeddable":true,"href":"https:\/\/smartal.ee\/ru\/wp-json\/wp\/v2\/product_tag?post=4671"}],"curies":[{"name":"wp","href":"https:\/\/api.w.org\/{rel}","templated":true}]}}