{"id":4727,"date":"2023-10-15T19:53:38","date_gmt":"2023-10-15T19:53:38","guid":{"rendered":"https:\/\/smartal.ee\/?post_type=product&#038;p=4727"},"modified":"2026-04-16T13:45:35","modified_gmt":"2026-04-16T10:45:35","slug":"eaton-poordluliti-tagastuv-m22-wk3-valge-3-pos","status":"publish","type":"product","link":"https:\/\/smartal.ee\/ru\/shop\/nuppud-ja-lulitid\/eaton-moller-nuppud-ja-lulitid\/eaton-poordluliti-tagastuv-m22-wk3-valge-3-pos\/","title":{"rendered":"EATON P\u00f6\u00f6rdul\u00fcliti Tagastuv M22-WK3 valge 3 POS"},"content":{"rendered":"<h4>EATON P\u00f6\u00f6rdul\u00fcliti Tagastuv M22-WK3 valge 3 POS.<\/h4>\n<h3 class=\"e-product__name\">\u00a0P\u00f6\u00f6rdl\u00fcliti 1-0-2, Valge, tagastuv\/fikseeruv, IP66<\/h3>","protected":false},"excerpt":{"rendered":"<p>EATON P\u00f6\u00f6rdul\u00fcliti Tagastuv M22-WK3 valge 3 POS. \u00a0P\u00f6\u00f6rdl\u00fcliti 1-0-2, Valge, tagastuv\/fikseeruv, IP66<\/p>","protected":false},"featured_media":4732,"template":"","meta":{"_regular_price":["12.25"],"currency_symbol":[],"ub_ctt_via":""},"product_brand":[],"product_cat":[63],"product_tag":[],"class_list":{"0":"post-4727","1":"product","2":"type-product","3":"status-publish","4":"has-post-thumbnail","6":"product_cat-eaton-moller-nuppud-ja-lulitid","8":"first","9":"instock","10":"taxable","11":"shipping-taxable","12":"purchasable","13":"product-type-simple"},"post_slider_layout_featured_media_urls":{"thumbnail":["https:\/\/smartal.ee\/wp-content\/uploads\/2023\/10\/m22-wk3-valge-poordluliti-40-tagastuv-kolmepositsiooniline-hobedase-rongaga-150x150.jpg",150,150,true],"post_slider_layout_landscape_large":["https:\/\/smartal.ee\/wp-content\/uploads\/2023\/10\/m22-wk3-valge-poordluliti-40-tagastuv-kolmepositsiooniline-hobedase-rongaga.jpg",458,458,false],"post_slider_layout_portrait_large":["https:\/\/smartal.ee\/wp-content\/uploads\/2023\/10\/m22-wk3-valge-poordluliti-40-tagastuv-kolmepositsiooniline-hobedase-rongaga.jpg",458,458,false],"post_slider_layout_square_large":["https:\/\/smartal.ee\/wp-content\/uploads\/2023\/10\/m22-wk3-valge-poordluliti-40-tagastuv-kolmepositsiooniline-hobedase-rongaga.jpg",458,458,false],"post_slider_layout_landscape":["https:\/\/smartal.ee\/wp-content\/uploads\/2023\/10\/m22-wk3-valge-poordluliti-40-tagastuv-kolmepositsiooniline-hobedase-rongaga-458x400.jpg",458,400,true],"post_slider_layout_portrait":["https:\/\/smartal.ee\/wp-content\/uploads\/2023\/10\/m22-wk3-valge-poordluliti-40-tagastuv-kolmepositsiooniline-hobedase-rongaga.jpg",458,458,false],"post_slider_layout_square":["https:\/\/smartal.ee\/wp-content\/uploads\/2023\/10\/m22-wk3-valge-poordluliti-40-tagastuv-kolmepositsiooniline-hobedase-rongaga.jpg",458,458,false],"full":["https:\/\/smartal.ee\/wp-content\/uploads\/2023\/10\/m22-wk3-valge-poordluliti-40-tagastuv-kolmepositsiooniline-hobedase-rongaga.jpg",458,458,false]},"_links":{"self":[{"href":"https:\/\/smartal.ee\/ru\/wp-json\/wp\/v2\/product\/4727","targetHints":{"allow":["GET"]}}],"collection":[{"href":"https:\/\/smartal.ee\/ru\/wp-json\/wp\/v2\/product"}],"about":[{"href":"https:\/\/smartal.ee\/ru\/wp-json\/wp\/v2\/types\/product"}],"wp:featuredmedia":[{"embeddable":true,"href":"https:\/\/smartal.ee\/ru\/wp-json\/wp\/v2\/media\/4732"}],"wp:attachment":[{"href":"https:\/\/smartal.ee\/ru\/wp-json\/wp\/v2\/media?parent=4727"}],"wp:term":[{"taxonomy":"product_brand","embeddable":true,"href":"https:\/\/smartal.ee\/ru\/wp-json\/wp\/v2\/product_brand?post=4727"},{"taxonomy":"product_cat","embeddable":true,"href":"https:\/\/smartal.ee\/ru\/wp-json\/wp\/v2\/product_cat?post=4727"},{"taxonomy":"product_tag","embeddable":true,"href":"https:\/\/smartal.ee\/ru\/wp-json\/wp\/v2\/product_tag?post=4727"}],"curies":[{"name":"wp","href":"https:\/\/api.w.org\/{rel}","templated":true}]}}