{"id":4733,"date":"2023-10-15T20:09:22","date_gmt":"2023-10-15T20:09:22","guid":{"rendered":"https:\/\/smartal.ee\/?post_type=product&#038;p=4733"},"modified":"2025-07-17T10:09:57","modified_gmt":"2025-07-17T07:09:57","slug":"eaton-poordluliti-m22-wk-valge-2-pos","status":"publish","type":"product","link":"https:\/\/smartal.ee\/ru\/shop\/uncategorized\/nuppud-ja-lulitid\/eaton-moller-nuppud-ja-lulitid\/eaton-poordluliti-m22-wk-valge-2-pos\/","title":{"rendered":"EATON P\u00f6\u00f6rdul\u00fcliti M22-WK valge 2 POS."},"content":{"rendered":"<h4>EATON P\u00f6\u00f6rdul\u00fcliti M22-WK valge 2 POS.<\/h4>\n<p>M22-WK P\u00f6\u00f6rdl\u00fcliti 0-1 valge fikseeruv \/ tagastuv Eaton<\/p>","protected":false},"excerpt":{"rendered":"<p>EATON P\u00f6\u00f6rdul\u00fcliti M22-WK valge 2 POS. M22-WK P\u00f6\u00f6rdl\u00fcliti 0-1 valge fikseeruv \/ tagastuv Eaton<\/p>","protected":false},"featured_media":4732,"template":"","meta":{"_regular_price":["7.49"],"currency_symbol":[],"ub_ctt_via":""},"product_brand":[],"product_cat":[63],"product_tag":[],"class_list":{"0":"post-4733","1":"product","2":"type-product","3":"status-publish","4":"has-post-thumbnail","6":"product_cat-eaton-moller-nuppud-ja-lulitid","8":"first","9":"instock","10":"taxable","11":"shipping-taxable","12":"purchasable","13":"product-type-simple"},"post_slider_layout_featured_media_urls":{"thumbnail":["https:\/\/smartal.ee\/wp-content\/uploads\/2023\/10\/m22-wk3-valge-poordluliti-40-tagastuv-kolmepositsiooniline-hobedase-rongaga-150x150.jpg",150,150,true],"post_slider_layout_landscape_large":["https:\/\/smartal.ee\/wp-content\/uploads\/2023\/10\/m22-wk3-valge-poordluliti-40-tagastuv-kolmepositsiooniline-hobedase-rongaga.jpg",458,458,false],"post_slider_layout_portrait_large":["https:\/\/smartal.ee\/wp-content\/uploads\/2023\/10\/m22-wk3-valge-poordluliti-40-tagastuv-kolmepositsiooniline-hobedase-rongaga.jpg",458,458,false],"post_slider_layout_square_large":["https:\/\/smartal.ee\/wp-content\/uploads\/2023\/10\/m22-wk3-valge-poordluliti-40-tagastuv-kolmepositsiooniline-hobedase-rongaga.jpg",458,458,false],"post_slider_layout_landscape":["https:\/\/smartal.ee\/wp-content\/uploads\/2023\/10\/m22-wk3-valge-poordluliti-40-tagastuv-kolmepositsiooniline-hobedase-rongaga-458x400.jpg",458,400,true],"post_slider_layout_portrait":["https:\/\/smartal.ee\/wp-content\/uploads\/2023\/10\/m22-wk3-valge-poordluliti-40-tagastuv-kolmepositsiooniline-hobedase-rongaga.jpg",458,458,false],"post_slider_layout_square":["https:\/\/smartal.ee\/wp-content\/uploads\/2023\/10\/m22-wk3-valge-poordluliti-40-tagastuv-kolmepositsiooniline-hobedase-rongaga.jpg",458,458,false],"full":["https:\/\/smartal.ee\/wp-content\/uploads\/2023\/10\/m22-wk3-valge-poordluliti-40-tagastuv-kolmepositsiooniline-hobedase-rongaga.jpg",458,458,false]},"_links":{"self":[{"href":"https:\/\/smartal.ee\/ru\/wp-json\/wp\/v2\/product\/4733","targetHints":{"allow":["GET"]}}],"collection":[{"href":"https:\/\/smartal.ee\/ru\/wp-json\/wp\/v2\/product"}],"about":[{"href":"https:\/\/smartal.ee\/ru\/wp-json\/wp\/v2\/types\/product"}],"wp:featuredmedia":[{"embeddable":true,"href":"https:\/\/smartal.ee\/ru\/wp-json\/wp\/v2\/media\/4732"}],"wp:attachment":[{"href":"https:\/\/smartal.ee\/ru\/wp-json\/wp\/v2\/media?parent=4733"}],"wp:term":[{"taxonomy":"product_brand","embeddable":true,"href":"https:\/\/smartal.ee\/ru\/wp-json\/wp\/v2\/product_brand?post=4733"},{"taxonomy":"product_cat","embeddable":true,"href":"https:\/\/smartal.ee\/ru\/wp-json\/wp\/v2\/product_cat?post=4733"},{"taxonomy":"product_tag","embeddable":true,"href":"https:\/\/smartal.ee\/ru\/wp-json\/wp\/v2\/product_tag?post=4733"}],"curies":[{"name":"wp","href":"https:\/\/api.w.org\/{rel}","templated":true}]}}