{"id":4747,"date":"2023-10-15T20:27:03","date_gmt":"2023-10-15T20:27:03","guid":{"rendered":"https:\/\/smartal.ee\/?post_type=product&#038;p=4747"},"modified":"2025-07-24T22:18:37","modified_gmt":"2025-07-24T19:18:37","slug":"schneider-poordluliti-zb4bd3-must-3-pos","status":"publish","type":"product","link":"https:\/\/smartal.ee\/ru\/shop\/uncategorized\/nuppud-ja-lulitid\/schneider-electric-nuppud-ja-lulitid\/schneider-poordluliti-zb4bd3-must-3-pos\/","title":{"rendered":"SCHNEIDER P\u00f6\u00f6rdl\u00fcliti ZB4BD3 must 3 POS."},"content":{"rendered":"<h4>SCHNEIDER P\u00f6\u00f6rdl\u00fcliti ZB4BD3 must 3 POS.<\/h4>","protected":false},"excerpt":{"rendered":"<p>SCHNEIDER P\u00f6\u00f6rdl\u00fcliti ZB4BD3 must 3 POS.<\/p>","protected":false},"featured_media":4746,"template":"","meta":{"_regular_price":["9.69"],"currency_symbol":[],"ub_ctt_via":""},"product_brand":[],"product_cat":[103],"product_tag":[],"class_list":{"0":"post-4747","1":"product","2":"type-product","3":"status-publish","4":"has-post-thumbnail","6":"product_cat-schneider-electric-nuppud-ja-lulitid","8":"first","9":"instock","10":"taxable","11":"shipping-taxable","12":"purchasable","13":"product-type-simple"},"post_slider_layout_featured_media_urls":{"thumbnail":["https:\/\/smartal.ee\/wp-content\/uploads\/2023\/10\/pim-110336-150x150.png",150,150,true],"post_slider_layout_landscape_large":["https:\/\/smartal.ee\/wp-content\/uploads\/2023\/10\/pim-110336.png",400,300,false],"post_slider_layout_portrait_large":["https:\/\/smartal.ee\/wp-content\/uploads\/2023\/10\/pim-110336.png",400,300,false],"post_slider_layout_square_large":["https:\/\/smartal.ee\/wp-content\/uploads\/2023\/10\/pim-110336.png",400,300,false],"post_slider_layout_landscape":["https:\/\/smartal.ee\/wp-content\/uploads\/2023\/10\/pim-110336.png",400,300,false],"post_slider_layout_portrait":["https:\/\/smartal.ee\/wp-content\/uploads\/2023\/10\/pim-110336.png",400,300,false],"post_slider_layout_square":["https:\/\/smartal.ee\/wp-content\/uploads\/2023\/10\/pim-110336.png",400,300,false],"full":["https:\/\/smartal.ee\/wp-content\/uploads\/2023\/10\/pim-110336.png",400,300,false]},"_links":{"self":[{"href":"https:\/\/smartal.ee\/ru\/wp-json\/wp\/v2\/product\/4747","targetHints":{"allow":["GET"]}}],"collection":[{"href":"https:\/\/smartal.ee\/ru\/wp-json\/wp\/v2\/product"}],"about":[{"href":"https:\/\/smartal.ee\/ru\/wp-json\/wp\/v2\/types\/product"}],"wp:featuredmedia":[{"embeddable":true,"href":"https:\/\/smartal.ee\/ru\/wp-json\/wp\/v2\/media\/4746"}],"wp:attachment":[{"href":"https:\/\/smartal.ee\/ru\/wp-json\/wp\/v2\/media?parent=4747"}],"wp:term":[{"taxonomy":"product_brand","embeddable":true,"href":"https:\/\/smartal.ee\/ru\/wp-json\/wp\/v2\/product_brand?post=4747"},{"taxonomy":"product_cat","embeddable":true,"href":"https:\/\/smartal.ee\/ru\/wp-json\/wp\/v2\/product_cat?post=4747"},{"taxonomy":"product_tag","embeddable":true,"href":"https:\/\/smartal.ee\/ru\/wp-json\/wp\/v2\/product_tag?post=4747"}],"curies":[{"name":"wp","href":"https:\/\/api.w.org\/{rel}","templated":true}]}}