{"id":5011,"date":"2023-10-22T09:02:52","date_gmt":"2023-10-22T09:02:52","guid":{"rendered":"https:\/\/smartal.ee\/?post_type=product&#038;p=5011"},"modified":"2025-11-03T12:52:08","modified_gmt":"2025-11-03T09:52:08","slug":"smc-bernoulli-gripper-znc40-vp","status":"publish","type":"product","link":"https:\/\/smartal.ee\/ru\/shop\/suruohk-pneumaatika\/smc-pneumaatika\/smc-bernoulli-gripper-znc40-vp\/","title":{"rendered":"SMC Bernoulli Gripper ZNC40-VP"},"content":{"rendered":"<h4>SMC Bernoulli Gripper ZNC40-VP<\/h4>\n<div class=\"name-description name-description-desktop\">\n<h3 class=\"heading-04 description__title\">Strong but gentle<\/h3>\n<div class=\"description\">\n<ul>\n<li><b>Handle different sizes, materials &amp; shapes gently\u00a0<\/b>&#8211; High lifting force, up to 65 N. Suitable for thin, porous, air-permeable workpieces, with holes, or sensitive to suction traces<\/li>\n<li><b>Reduce your costs\u00a0<\/b>&#8211; Important reduction on the ratio of air consumption to lift force<\/li>\n<li><b>Choose the gripper that matches your needs\u00a0<\/b>&#8211; 3 type of body materials for different situations.<\/li>\n<\/ul>\n<\/div>\n<\/div>\n<div class=\"name-description name-description-desktop\">\n<h3 class=\"heading-04 description__title\">And much more<\/h3>\n<div class=\"description\">\n<ul>\n<li>Bernoulli type construction and working principle:\n<ul>\n<li>Non contact gripper, mark-free<\/li>\n<li>Reduced amplitude of the workpiece during gripping<\/li>\n<li>Reduced rotation load.<\/li>\n<\/ul>\n<\/li>\n<li>Sizes \u00d8 20, \u00d8 30, \u00d8 40, \u00d8 60, \u00d8 80<\/li>\n<li>Body material:\n<ul>\n<li style=\"list-style-type: none;\">\n<ul>\n<li>Aluminium<\/li>\n<li>Resin<\/li>\n<\/ul>\n<\/li>\n<\/ul>\n<p>Stainless steel<\/li>\n<li>Grease-free<\/li>\n<li>Stopper and vibration suppression cover available.<\/li>\n<\/ul>\n<p>&nbsp;<\/p>\n<\/div>\n<\/div>","protected":false},"excerpt":{"rendered":"<p>SMC Bernoulli Gripper ZNC40-VP Strong but gentle Handle different sizes, materials &amp; shapes gently\u00a0&#8211; High lifting force, up to 65 N. Suitable for thin, porous, air-permeable workpieces, with holes, or sensitive to suction traces Reduce your costs\u00a0&#8211; Important reduction on the ratio of air consumption to lift force Choose the gripper that matches your needs\u00a0&#8211; [&hellip;]<\/p>","protected":false},"featured_media":5012,"template":"","meta":{"_regular_price":["208.99"],"currency_symbol":[],"ub_ctt_via":""},"product_brand":[],"product_cat":[110],"product_tag":[],"class_list":{"0":"post-5011","1":"product","2":"type-product","3":"status-publish","4":"has-post-thumbnail","6":"product_cat-smc-pneumaatika","8":"first","9":"onbackorder","10":"taxable","11":"shipping-taxable","12":"purchasable","13":"product-type-simple"},"post_slider_layout_featured_media_urls":{"thumbnail":["https:\/\/smartal.ee\/wp-content\/uploads\/2023\/10\/8625AAl-150x150.jpg",150,150,true],"post_slider_layout_landscape_large":["https:\/\/smartal.ee\/wp-content\/uploads\/2023\/10\/8625AAl.jpg",300,300,false],"post_slider_layout_portrait_large":["https:\/\/smartal.ee\/wp-content\/uploads\/2023\/10\/8625AAl.jpg",300,300,false],"post_slider_layout_square_large":["https:\/\/smartal.ee\/wp-content\/uploads\/2023\/10\/8625AAl.jpg",300,300,false],"post_slider_layout_landscape":["https:\/\/smartal.ee\/wp-content\/uploads\/2023\/10\/8625AAl.jpg",300,300,false],"post_slider_layout_portrait":["https:\/\/smartal.ee\/wp-content\/uploads\/2023\/10\/8625AAl.jpg",300,300,false],"post_slider_layout_square":["https:\/\/smartal.ee\/wp-content\/uploads\/2023\/10\/8625AAl.jpg",300,300,false],"full":["https:\/\/smartal.ee\/wp-content\/uploads\/2023\/10\/8625AAl.jpg",300,300,false]},"_links":{"self":[{"href":"https:\/\/smartal.ee\/ru\/wp-json\/wp\/v2\/product\/5011","targetHints":{"allow":["GET"]}}],"collection":[{"href":"https:\/\/smartal.ee\/ru\/wp-json\/wp\/v2\/product"}],"about":[{"href":"https:\/\/smartal.ee\/ru\/wp-json\/wp\/v2\/types\/product"}],"wp:featuredmedia":[{"embeddable":true,"href":"https:\/\/smartal.ee\/ru\/wp-json\/wp\/v2\/media\/5012"}],"wp:attachment":[{"href":"https:\/\/smartal.ee\/ru\/wp-json\/wp\/v2\/media?parent=5011"}],"wp:term":[{"taxonomy":"product_brand","embeddable":true,"href":"https:\/\/smartal.ee\/ru\/wp-json\/wp\/v2\/product_brand?post=5011"},{"taxonomy":"product_cat","embeddable":true,"href":"https:\/\/smartal.ee\/ru\/wp-json\/wp\/v2\/product_cat?post=5011"},{"taxonomy":"product_tag","embeddable":true,"href":"https:\/\/smartal.ee\/ru\/wp-json\/wp\/v2\/product_tag?post=5011"}],"curies":[{"name":"wp","href":"https:\/\/api.w.org\/{rel}","templated":true}]}}