{"id":5041,"date":"2023-10-22T17:56:00","date_gmt":"2023-10-22T17:56:00","guid":{"rendered":"https:\/\/smartal.ee\/?post_type=product&#038;p=5041"},"modified":"2026-03-29T18:19:26","modified_gmt":"2026-03-29T15:19:26","slug":"festo-suruohuregulaator-ms2-lr-qs6-d6-ar-bar-b","status":"publish","type":"product","link":"https:\/\/smartal.ee\/ru\/shop\/suruohk-pneumaatika\/festo-pneumaatika\/festo-suruohuregulaator-ms2-lr-qs6-d6-ar-bar-b\/","title":{"rendered":"FESTO Suru\u00f5huregulaator MS2-LR-QS6-D6-AR-BAR-B"},"content":{"rendered":"<h4>FESTO Suru\u00f5huregulaator<\/h4>\n<div class=\"m-textList\"><span class=\"a-productText -alias -regular\">8086638 FESTO<\/span><\/div>\n<table class=\"m-simpleTable\">\n<tbody>\n<tr>\n<td class=\"m-simpleTable__cell -title\"><span class=\"u-fontWeight -normal u-fontSize -regular u-lowercase\">Weight<\/span><\/td>\n<td><span class=\"u-fontWeight -normal u-fontSize -regular\">0.04 kg<\/span><\/td>\n<\/tr>\n<tr>\n<td class=\"m-simpleTable__cell -title\"><span class=\"u-fontWeight -normal u-fontSize -regular\">pressure regulation range [bar]<\/span><\/td>\n<td><span class=\"u-fontWeight -normal u-fontSize -regular\">0,5\u00f77<\/span><\/td>\n<\/tr>\n<tr>\n<td class=\"m-simpleTable__cell -title\"><span class=\"u-fontWeight -normal u-fontSize -regular\">sealing material<\/span><\/td>\n<td><span class=\"u-fontWeight -normal u-fontSize -regular\">NBR<\/span><\/td>\n<\/tr>\n<tr>\n<td class=\"m-simpleTable__cell -title\"><span class=\"u-fontWeight -normal u-fontSize -regular\">type<\/span><\/td>\n<td><span class=\"u-fontWeight -normal u-fontSize -regular\">Reducer<\/span><\/td>\n<\/tr>\n<tr>\n<td class=\"m-simpleTable__cell -title\"><span class=\"u-fontWeight -normal u-fontSize -regular\">working medium<\/span><\/td>\n<td><span class=\"u-fontWeight -normal u-fontSize -regular\">Gazy oboj\u0119tne, spr\u0119\u017cone powietrze wg ISO8573-1:2010 [7:4:4]<\/span><\/td>\n<\/tr>\n<tr>\n<td class=\"m-simpleTable__cell -title\"><span class=\"u-fontWeight -normal u-fontSize -regular\">working pressure [bar]<\/span><\/td>\n<td><span class=\"u-fontWeight -normal u-fontSize -regular\">1\u00f78<\/span><\/td>\n<\/tr>\n<\/tbody>\n<\/table>\n<p>&nbsp;<\/p>\n<div class=\"name-description name-description-desktop\"><\/div>","protected":false},"excerpt":{"rendered":"<p>FESTO Suru\u00f5huregulaator 8086638 FESTO Weight 0.04 kg pressure regulation range [bar] 0,5\u00f77 sealing material NBR type Reducer working medium Gazy oboj\u0119tne, spr\u0119\u017cone powietrze wg ISO8573-1:2010 [7:4:4] working pressure [bar] 1\u00f78 &nbsp;<\/p>","protected":false},"featured_media":8285,"template":"","meta":{"_regular_price":["45.99"],"currency_symbol":[],"ub_ctt_via":""},"product_brand":[],"product_cat":[109],"product_tag":[],"class_list":{"0":"post-5041","1":"product","2":"type-product","3":"status-publish","4":"has-post-thumbnail","6":"product_cat-festo-pneumaatika","8":"first","9":"instock","10":"taxable","11":"shipping-taxable","12":"purchasable","13":"product-type-simple"},"post_slider_layout_featured_media_urls":{"thumbnail":["https:\/\/smartal.ee\/wp-content\/uploads\/2023\/10\/MS2-filterregulaator-FESTO-150x150.png",150,150,true],"post_slider_layout_landscape_large":["https:\/\/smartal.ee\/wp-content\/uploads\/2023\/10\/MS2-filterregulaator-FESTO.png",284,400,false],"post_slider_layout_portrait_large":["https:\/\/smartal.ee\/wp-content\/uploads\/2023\/10\/MS2-filterregulaator-FESTO.png",284,400,false],"post_slider_layout_square_large":["https:\/\/smartal.ee\/wp-content\/uploads\/2023\/10\/MS2-filterregulaator-FESTO.png",284,400,false],"post_slider_layout_landscape":["https:\/\/smartal.ee\/wp-content\/uploads\/2023\/10\/MS2-filterregulaator-FESTO.png",284,400,false],"post_slider_layout_portrait":["https:\/\/smartal.ee\/wp-content\/uploads\/2023\/10\/MS2-filterregulaator-FESTO.png",284,400,false],"post_slider_layout_square":["https:\/\/smartal.ee\/wp-content\/uploads\/2023\/10\/MS2-filterregulaator-FESTO.png",284,400,false],"full":["https:\/\/smartal.ee\/wp-content\/uploads\/2023\/10\/MS2-filterregulaator-FESTO.png",284,400,false]},"_links":{"self":[{"href":"https:\/\/smartal.ee\/ru\/wp-json\/wp\/v2\/product\/5041","targetHints":{"allow":["GET"]}}],"collection":[{"href":"https:\/\/smartal.ee\/ru\/wp-json\/wp\/v2\/product"}],"about":[{"href":"https:\/\/smartal.ee\/ru\/wp-json\/wp\/v2\/types\/product"}],"wp:featuredmedia":[{"embeddable":true,"href":"https:\/\/smartal.ee\/ru\/wp-json\/wp\/v2\/media\/8285"}],"wp:attachment":[{"href":"https:\/\/smartal.ee\/ru\/wp-json\/wp\/v2\/media?parent=5041"}],"wp:term":[{"taxonomy":"product_brand","embeddable":true,"href":"https:\/\/smartal.ee\/ru\/wp-json\/wp\/v2\/product_brand?post=5041"},{"taxonomy":"product_cat","embeddable":true,"href":"https:\/\/smartal.ee\/ru\/wp-json\/wp\/v2\/product_cat?post=5041"},{"taxonomy":"product_tag","embeddable":true,"href":"https:\/\/smartal.ee\/ru\/wp-json\/wp\/v2\/product_tag?post=5041"}],"curies":[{"name":"wp","href":"https:\/\/api.w.org\/{rel}","templated":true}]}}