{"id":5099,"date":"2023-10-27T15:54:04","date_gmt":"2023-10-27T15:54:04","guid":{"rendered":"https:\/\/smartal.ee\/?post_type=product&#038;p=5099"},"modified":"2026-04-07T11:20:57","modified_gmt":"2026-04-07T08:20:57","slug":"sagedusmuundur-mitsubishi-fr-d740-400v-15kw","status":"publish","type":"product","link":"https:\/\/smartal.ee\/ru\/shop\/sagedusmuundurid\/mitsubishi-sagedusmuundurid\/sagedusmuundur-mitsubishi-fr-d740-400v-15kw\/","title":{"rendered":"MITSUBISHI Sagedusmuundur 1,5kW FR-D740-036SC-EC"},"content":{"rendered":"<h4>Sagedusmuundur Mitsubishi 400 VAC, 1,5 kW, IP20<\/h4>\n<p>4,3 A, @ 40 \u00b0C max 150% \u00fclekoormust 3 s<br \/>\n3,6 A, @ 50 \u00b0C max 150% \u00fclekoormust 3 s<br \/>\nM\u00f5\u00f5dud (L x K x S) [mm]: 108 x 128 x 135,5,<\/p>\n<p>kaal: 1,3 kg<\/p>","protected":false},"excerpt":{"rendered":"<p>Sagedusmuundur Mitsubishi 400 VAC, 1,5 kW, IP20 4,3 A, @ 40 \u00b0C max 150% \u00fclekoormust 3 s 3,6 A, @ 50 \u00b0C max 150% \u00fclekoormust 3 s M\u00f5\u00f5dud (L x K x S) [mm]: 108 x 128 x 135,5, kaal: 1,3 kg<\/p>","protected":false},"featured_media":443,"template":"","meta":{"_regular_price":["405.29"],"currency_symbol":[],"ub_ctt_via":""},"product_brand":[],"product_cat":[27],"product_tag":[],"class_list":{"0":"post-5099","1":"product","2":"type-product","3":"status-publish","4":"has-post-thumbnail","6":"product_cat-mitsubishi-sagedusmuundurid","8":"first","9":"instock","10":"sale","11":"taxable","12":"shipping-taxable","13":"purchasable","14":"product-type-simple"},"post_slider_layout_featured_media_urls":{"thumbnail":["https:\/\/smartal.ee\/wp-content\/uploads\/2020\/05\/R6910013-01-150x150.jpg",150,150,true],"post_slider_layout_landscape_large":["https:\/\/smartal.ee\/wp-content\/uploads\/2020\/05\/R6910013-01.jpg",355,413,false],"post_slider_layout_portrait_large":["https:\/\/smartal.ee\/wp-content\/uploads\/2020\/05\/R6910013-01.jpg",355,413,false],"post_slider_layout_square_large":["https:\/\/smartal.ee\/wp-content\/uploads\/2020\/05\/R6910013-01.jpg",355,413,false],"post_slider_layout_landscape":["https:\/\/smartal.ee\/wp-content\/uploads\/2020\/05\/R6910013-01.jpg",344,400,false],"post_slider_layout_portrait":["https:\/\/smartal.ee\/wp-content\/uploads\/2020\/05\/R6910013-01.jpg",355,413,false],"post_slider_layout_square":["https:\/\/smartal.ee\/wp-content\/uploads\/2020\/05\/R6910013-01.jpg",355,413,false],"full":["https:\/\/smartal.ee\/wp-content\/uploads\/2020\/05\/R6910013-01.jpg",355,413,false]},"_links":{"self":[{"href":"https:\/\/smartal.ee\/ru\/wp-json\/wp\/v2\/product\/5099","targetHints":{"allow":["GET"]}}],"collection":[{"href":"https:\/\/smartal.ee\/ru\/wp-json\/wp\/v2\/product"}],"about":[{"href":"https:\/\/smartal.ee\/ru\/wp-json\/wp\/v2\/types\/product"}],"wp:featuredmedia":[{"embeddable":true,"href":"https:\/\/smartal.ee\/ru\/wp-json\/wp\/v2\/media\/443"}],"wp:attachment":[{"href":"https:\/\/smartal.ee\/ru\/wp-json\/wp\/v2\/media?parent=5099"}],"wp:term":[{"taxonomy":"product_brand","embeddable":true,"href":"https:\/\/smartal.ee\/ru\/wp-json\/wp\/v2\/product_brand?post=5099"},{"taxonomy":"product_cat","embeddable":true,"href":"https:\/\/smartal.ee\/ru\/wp-json\/wp\/v2\/product_cat?post=5099"},{"taxonomy":"product_tag","embeddable":true,"href":"https:\/\/smartal.ee\/ru\/wp-json\/wp\/v2\/product_tag?post=5099"}],"curies":[{"name":"wp","href":"https:\/\/api.w.org\/{rel}","templated":true}]}}