{"id":5100,"date":"2023-10-27T16:05:20","date_gmt":"2023-10-27T16:05:20","guid":{"rendered":"https:\/\/smartal.ee\/?post_type=product&#038;p=5100"},"modified":"2026-04-07T11:19:34","modified_gmt":"2026-04-07T08:19:34","slug":"sagedusmuundur-mitsubishi-fr-d740-400v-22kw","status":"publish","type":"product","link":"https:\/\/smartal.ee\/ru\/shop\/sagedusmuundurid\/mitsubishi-sagedusmuundurid\/sagedusmuundur-mitsubishi-fr-d740-400v-22kw\/","title":{"rendered":"MITSUBISHI Sagedusmuundur 2,2kW FR-D740-050SC-EC"},"content":{"rendered":"<h4>Sagedusmuundur Mitsubishi 400 VAC, 2,2 kW, IP20<\/h4>\n<p>6 A, @ 40 \u00b0C max 150% \u00fclekoormust 3 s<br \/>\n5 A, @ 50 \u00b0C max 150% \u00fclekoormust 3 s<br \/>\nM\u00f5\u00f5dud (L x K x S) [mm]: 108 x 128 x 155,5<\/p>\n<p>kaal: 1,4 kg<\/p>","protected":false},"excerpt":{"rendered":"<p>Sagedusmuundur Mitsubishi 400 VAC, 2,2 kW, IP20 6 A, @ 40 \u00b0C max 150% \u00fclekoormust 3 s 5 A, @ 50 \u00b0C max 150% \u00fclekoormust 3 s M\u00f5\u00f5dud (L x K x S) [mm]: 108 x 128 x 155,5 kaal: 1,4 kg<\/p>","protected":false},"featured_media":443,"template":"","meta":{"_regular_price":["477.99"],"currency_symbol":[],"ub_ctt_via":""},"product_brand":[],"product_cat":[27],"product_tag":[],"class_list":{"0":"post-5100","1":"product","2":"type-product","3":"status-publish","4":"has-post-thumbnail","6":"product_cat-mitsubishi-sagedusmuundurid","8":"first","9":"instock","10":"sale","11":"taxable","12":"shipping-taxable","13":"purchasable","14":"product-type-simple"},"post_slider_layout_featured_media_urls":{"thumbnail":["https:\/\/smartal.ee\/wp-content\/uploads\/2020\/05\/R6910013-01-150x150.jpg",150,150,true],"post_slider_layout_landscape_large":["https:\/\/smartal.ee\/wp-content\/uploads\/2020\/05\/R6910013-01.jpg",355,413,false],"post_slider_layout_portrait_large":["https:\/\/smartal.ee\/wp-content\/uploads\/2020\/05\/R6910013-01.jpg",355,413,false],"post_slider_layout_square_large":["https:\/\/smartal.ee\/wp-content\/uploads\/2020\/05\/R6910013-01.jpg",355,413,false],"post_slider_layout_landscape":["https:\/\/smartal.ee\/wp-content\/uploads\/2020\/05\/R6910013-01.jpg",344,400,false],"post_slider_layout_portrait":["https:\/\/smartal.ee\/wp-content\/uploads\/2020\/05\/R6910013-01.jpg",355,413,false],"post_slider_layout_square":["https:\/\/smartal.ee\/wp-content\/uploads\/2020\/05\/R6910013-01.jpg",355,413,false],"full":["https:\/\/smartal.ee\/wp-content\/uploads\/2020\/05\/R6910013-01.jpg",355,413,false]},"_links":{"self":[{"href":"https:\/\/smartal.ee\/ru\/wp-json\/wp\/v2\/product\/5100","targetHints":{"allow":["GET"]}}],"collection":[{"href":"https:\/\/smartal.ee\/ru\/wp-json\/wp\/v2\/product"}],"about":[{"href":"https:\/\/smartal.ee\/ru\/wp-json\/wp\/v2\/types\/product"}],"wp:featuredmedia":[{"embeddable":true,"href":"https:\/\/smartal.ee\/ru\/wp-json\/wp\/v2\/media\/443"}],"wp:attachment":[{"href":"https:\/\/smartal.ee\/ru\/wp-json\/wp\/v2\/media?parent=5100"}],"wp:term":[{"taxonomy":"product_brand","embeddable":true,"href":"https:\/\/smartal.ee\/ru\/wp-json\/wp\/v2\/product_brand?post=5100"},{"taxonomy":"product_cat","embeddable":true,"href":"https:\/\/smartal.ee\/ru\/wp-json\/wp\/v2\/product_cat?post=5100"},{"taxonomy":"product_tag","embeddable":true,"href":"https:\/\/smartal.ee\/ru\/wp-json\/wp\/v2\/product_tag?post=5100"}],"curies":[{"name":"wp","href":"https:\/\/api.w.org\/{rel}","templated":true}]}}