{"id":5367,"date":"2023-12-28T16:02:50","date_gmt":"2023-12-28T16:02:50","guid":{"rendered":"https:\/\/smartal.ee\/?post_type=product&#038;p=5367"},"modified":"2025-07-18T15:16:01","modified_gmt":"2025-07-18T12:16:01","slug":"wika-manomeeter-16b-a1-2-212-20-100-9041508","status":"publish","type":"product","link":"https:\/\/smartal.ee\/ru\/shop\/uncategorized\/manomeetrid\/wika-manomeeter-16b-a1-2-212-20-100-9041508\/","title":{"rendered":"WIKA Manomeeter 16B A1\/2&#8243; 212.20.100.  9041508"},"content":{"rendered":"<h4 class=\"product-title font-product test-product-title color-brand-blue\">WIKA MANOMEETER 16B A1\/2&#8243; 212.20.100.<\/h4>\n<div class=\"technical-specifications-row\"><span class=\"technical-specifications-row__label\">L\u00e4bim\u00f5\u00f5t: <\/span><span class=\"technical-specifications-row__value\">100 mm<\/span><\/div>\n<div class=\"technical-specifications-row\"><span class=\"technical-specifications-row__label\">Kapi materjal: <\/span><span class=\"technical-specifications-row__value\">Roostevaba teras<\/span><\/div>\n<div class=\"technical-specifications-row\"><span class=\"technical-specifications-row__label\">M\u00f5\u00f5tepiirkond: <\/span><span class=\"technical-specifications-row__value\">0-16 bar<\/span><\/div>\n<div class=\"technical-specifications-row\"><span class=\"technical-specifications-row__label\">R\u00f5hu\u00fchik: <\/span><span class=\"technical-specifications-row__value\">Bar<\/span><\/div>\n<h3 class=\"product-title font-product test-product-title color-brand-blue\"><\/h3>\n<p>&nbsp;<\/p>\n<h3 class=\"product-title font-product test-product-title color-brand-blue\"><\/h3>\n<p>&nbsp;<\/p>","protected":false},"excerpt":{"rendered":"<p>WIKA MANOMEETER 16B A1\/2&#8243; 212.20.100. L\u00e4bim\u00f5\u00f5t: 100 mm Kapi materjal: Roostevaba teras M\u00f5\u00f5tepiirkond: 0-16 bar R\u00f5hu\u00fchik: Bar &nbsp; &nbsp;<\/p>","protected":false},"featured_media":5368,"template":"","meta":{"_regular_price":["77.19"],"currency_symbol":[],"ub_ctt_via":""},"product_brand":[],"product_cat":[116],"product_tag":[],"class_list":{"0":"post-5367","1":"product","2":"type-product","3":"status-publish","4":"has-post-thumbnail","6":"product_cat-manomeetrid","8":"first","9":"instock","10":"taxable","11":"shipping-taxable","12":"purchasable","13":"product-type-simple"},"post_slider_layout_featured_media_urls":{"thumbnail":["https:\/\/smartal.ee\/wp-content\/uploads\/2023\/12\/212.20_en_co_rs_w700_h700_image-1-150x150.jpg",150,150,true],"post_slider_layout_landscape_large":["https:\/\/smartal.ee\/wp-content\/uploads\/2023\/12\/212.20_en_co_rs_w700_h700_image-1.jpg",700,700,false],"post_slider_layout_portrait_large":["https:\/\/smartal.ee\/wp-content\/uploads\/2023\/12\/212.20_en_co_rs_w700_h700_image-1.jpg",700,700,false],"post_slider_layout_square_large":["https:\/\/smartal.ee\/wp-content\/uploads\/2023\/12\/212.20_en_co_rs_w700_h700_image-1.jpg",700,700,false],"post_slider_layout_landscape":["https:\/\/smartal.ee\/wp-content\/uploads\/2023\/12\/212.20_en_co_rs_w700_h700_image-1-600x400.jpg",600,400,true],"post_slider_layout_portrait":["https:\/\/smartal.ee\/wp-content\/uploads\/2023\/12\/212.20_en_co_rs_w700_h700_image-1-600x700.jpg",600,700,true],"post_slider_layout_square":["https:\/\/smartal.ee\/wp-content\/uploads\/2023\/12\/212.20_en_co_rs_w700_h700_image-1-600x600.jpg",600,600,true],"full":["https:\/\/smartal.ee\/wp-content\/uploads\/2023\/12\/212.20_en_co_rs_w700_h700_image-1.jpg",700,700,false]},"_links":{"self":[{"href":"https:\/\/smartal.ee\/ru\/wp-json\/wp\/v2\/product\/5367","targetHints":{"allow":["GET"]}}],"collection":[{"href":"https:\/\/smartal.ee\/ru\/wp-json\/wp\/v2\/product"}],"about":[{"href":"https:\/\/smartal.ee\/ru\/wp-json\/wp\/v2\/types\/product"}],"wp:featuredmedia":[{"embeddable":true,"href":"https:\/\/smartal.ee\/ru\/wp-json\/wp\/v2\/media\/5368"}],"wp:attachment":[{"href":"https:\/\/smartal.ee\/ru\/wp-json\/wp\/v2\/media?parent=5367"}],"wp:term":[{"taxonomy":"product_brand","embeddable":true,"href":"https:\/\/smartal.ee\/ru\/wp-json\/wp\/v2\/product_brand?post=5367"},{"taxonomy":"product_cat","embeddable":true,"href":"https:\/\/smartal.ee\/ru\/wp-json\/wp\/v2\/product_cat?post=5367"},{"taxonomy":"product_tag","embeddable":true,"href":"https:\/\/smartal.ee\/ru\/wp-json\/wp\/v2\/product_tag?post=5367"}],"curies":[{"name":"wp","href":"https:\/\/api.w.org\/{rel}","templated":true}]}}