{"id":5372,"date":"2023-12-29T08:34:29","date_gmt":"2023-12-29T08:34:29","guid":{"rendered":"https:\/\/smartal.ee\/?post_type=product&#038;p=5372"},"modified":"2026-03-30T14:35:30","modified_gmt":"2026-03-30T11:35:30","slug":"smc-manomeeter-0-10bar-g1-8-d-39mm-k8-10-50","status":"publish","type":"product","link":"https:\/\/smartal.ee\/ru\/shop\/uncategorized\/manomeetrid\/smc-manomeeter-0-10bar-g1-8-d-39mm-k8-10-50\/","title":{"rendered":"SMC Manomeeter 0-10Bar, G1\/8&#8243;, D-50mm, K8-10-50"},"content":{"rendered":"<h4 class=\"product-title font-product test-product-title color-brand-blue\">SMC MANOMEETER K8-10-50<\/h4>\n<div class=\"technical-specifications-row\"><span class=\"technical-specifications-row__label\">L\u00e4bim\u00f5\u00f5t: 50<\/span><span class=\"technical-specifications-row__value\">\u00a0mm<\/span><\/div>\n<div class=\"technical-specifications-row\"><span class=\"technical-specifications-row__label\">Kapi materjal: Plastik<\/span><\/div>\n<div class=\"technical-specifications-row\"><span class=\"technical-specifications-row__label\">M\u00f5\u00f5tepiirkond: <\/span><span class=\"technical-specifications-row__value\">0-10 Bar, 0-1,0 MPa<\/span><\/div>\n<div class=\"technical-specifications-row\"><span class=\"technical-specifications-row__label\">R\u00f5hu\u00fchik: <\/span><span class=\"technical-specifications-row__value\">Bar\/MPa<\/span><\/div>\n<div>\u00dchendust\u00fc\u00fcp:\u00a0 G1\/8&#8243;<\/div>\n<div><\/div>\n<h3 class=\"product-title font-product test-product-title color-brand-blue\"><\/h3>\n<p>&nbsp;<\/p>\n<h3 class=\"product-title font-product test-product-title color-brand-blue\"><\/h3>\n<p>&nbsp;<\/p>","protected":false},"excerpt":{"rendered":"<p>SMC MANOMEETER K8-10-50 L\u00e4bim\u00f5\u00f5t: 50\u00a0mm Kapi materjal: Plastik M\u00f5\u00f5tepiirkond: 0-10 Bar, 0-1,0 MPa R\u00f5hu\u00fchik: Bar\/MPa \u00dchendust\u00fc\u00fcp:\u00a0 G1\/8&#8243; &nbsp; &nbsp;<\/p>","protected":false},"featured_media":5370,"template":"","meta":{"_regular_price":["11.19"],"currency_symbol":[],"ub_ctt_via":""},"product_brand":[],"product_cat":[116,110],"product_tag":[],"class_list":{"0":"post-5372","1":"product","2":"type-product","3":"status-publish","4":"has-post-thumbnail","6":"product_cat-manomeetrid","7":"product_cat-smc-pneumaatika","9":"first","10":"onbackorder","11":"taxable","12":"shipping-taxable","13":"purchasable","14":"product-type-simple"},"post_slider_layout_featured_media_urls":{"thumbnail":["https:\/\/smartal.ee\/wp-content\/uploads\/2023\/12\/kompaktzylinder-cq2-z-IMG2791-150x150.jpg",150,150,true],"post_slider_layout_landscape_large":["https:\/\/smartal.ee\/wp-content\/uploads\/2023\/12\/kompaktzylinder-cq2-z-IMG2791.jpg",1020,570,false],"post_slider_layout_portrait_large":["https:\/\/smartal.ee\/wp-content\/uploads\/2023\/12\/kompaktzylinder-cq2-z-IMG2791.jpg",1020,570,false],"post_slider_layout_square_large":["https:\/\/smartal.ee\/wp-content\/uploads\/2023\/12\/kompaktzylinder-cq2-z-IMG2791.jpg",1020,570,false],"post_slider_layout_landscape":["https:\/\/smartal.ee\/wp-content\/uploads\/2023\/12\/kompaktzylinder-cq2-z-IMG2791-600x400.jpg",600,400,true],"post_slider_layout_portrait":["https:\/\/smartal.ee\/wp-content\/uploads\/2023\/12\/kompaktzylinder-cq2-z-IMG2791-600x570.jpg",600,570,true],"post_slider_layout_square":["https:\/\/smartal.ee\/wp-content\/uploads\/2023\/12\/kompaktzylinder-cq2-z-IMG2791-600x570.jpg",600,570,true],"full":["https:\/\/smartal.ee\/wp-content\/uploads\/2023\/12\/kompaktzylinder-cq2-z-IMG2791.jpg",1020,570,false]},"_links":{"self":[{"href":"https:\/\/smartal.ee\/ru\/wp-json\/wp\/v2\/product\/5372","targetHints":{"allow":["GET"]}}],"collection":[{"href":"https:\/\/smartal.ee\/ru\/wp-json\/wp\/v2\/product"}],"about":[{"href":"https:\/\/smartal.ee\/ru\/wp-json\/wp\/v2\/types\/product"}],"wp:featuredmedia":[{"embeddable":true,"href":"https:\/\/smartal.ee\/ru\/wp-json\/wp\/v2\/media\/5370"}],"wp:attachment":[{"href":"https:\/\/smartal.ee\/ru\/wp-json\/wp\/v2\/media?parent=5372"}],"wp:term":[{"taxonomy":"product_brand","embeddable":true,"href":"https:\/\/smartal.ee\/ru\/wp-json\/wp\/v2\/product_brand?post=5372"},{"taxonomy":"product_cat","embeddable":true,"href":"https:\/\/smartal.ee\/ru\/wp-json\/wp\/v2\/product_cat?post=5372"},{"taxonomy":"product_tag","embeddable":true,"href":"https:\/\/smartal.ee\/ru\/wp-json\/wp\/v2\/product_tag?post=5372"}],"curies":[{"name":"wp","href":"https:\/\/api.w.org\/{rel}","templated":true}]}}