{"id":5433,"date":"2024-01-11T12:33:04","date_gmt":"2024-01-11T12:33:04","guid":{"rendered":"https:\/\/smartal.ee\/?post_type=product&#038;p=5433"},"modified":"2025-08-17T11:26:44","modified_gmt":"2025-08-17T08:26:44","slug":"metal-work-suruohusilinder-32x25-s3-mwp12103225","status":"publish","type":"product","link":"https:\/\/smartal.ee\/ru\/shop\/suruohk-pneumaatika\/metal-work-pneumaatika\/metal-work-suruohusilinder-32x25-s3-mwp12103225\/","title":{"rendered":"METAL WORK Suru\u00f5husilinder 32&#215;25 s3 MWP12103225"},"content":{"rendered":"<h4>Toote kirjeldus:<\/h4>\n<p>&#8211; 2-toimeline standardsilinder ISO\u00a015552, seeria\u00a03<br \/>\n&#8211; magneti ja reguleeritava pidurdusfunktsiooniga<br \/>\n&#8211; materjalid: kolvivars \u2013 C45 teras, silindritoru \u2013 anodeeritud alumiinium, tihendid \u2013 NBR<br \/>\n&#8211; kolvi \u00d8 32\u00a0mm<br \/>\n&#8211; varre \u00d8 12\u00a0mm<br \/>\n&#8211; l\u00f6\u00f6k 25\u00a0mm<br \/>\n&#8211; kinnituskruvid M6<br \/>\n&#8211; max t\u00f6\u00f6r\u00f5hk 10\u00a0bar<br \/>\n&#8211; kasutustemperatuur -10&#8230;+80\u00a0\u00b0C<br \/>\n&#8211; t\u00f6\u00f6aine: filtreeritud suru\u00f5hk ilma m\u00e4\u00e4rdeta (kui kasutatakse m\u00e4\u00e4ret, peab m\u00e4\u00e4rimine olema pidev)<\/p>","protected":false},"excerpt":{"rendered":"<p>Toote kirjeldus: &#8211; 2-toimeline standardsilinder ISO\u00a015552, seeria\u00a03 &#8211; magneti ja reguleeritava pidurdusfunktsiooniga &#8211; materjalid: kolvivars \u2013 C45 teras, silindritoru \u2013 anodeeritud alumiinium, tihendid \u2013 NBR &#8211; kolvi \u00d8 32\u00a0mm &#8211; varre \u00d8 12\u00a0mm &#8211; l\u00f6\u00f6k 25\u00a0mm &#8211; kinnituskruvid M6 &#8211; max t\u00f6\u00f6r\u00f5hk 10\u00a0bar &#8211; kasutustemperatuur -10&#8230;+80\u00a0\u00b0C &#8211; t\u00f6\u00f6aine: filtreeritud suru\u00f5hk ilma m\u00e4\u00e4rdeta (kui kasutatakse m\u00e4\u00e4ret, [&hellip;]<\/p>","protected":false},"featured_media":5434,"template":"","meta":{"_regular_price":["106.69"],"currency_symbol":[],"ub_ctt_via":""},"product_brand":[],"product_cat":[113],"product_tag":[],"class_list":{"0":"post-5433","1":"product","2":"type-product","3":"status-publish","4":"has-post-thumbnail","6":"product_cat-metal-work-pneumaatika","8":"first","9":"onbackorder","10":"taxable","11":"shipping-taxable","12":"purchasable","13":"product-type-simple"},"post_slider_layout_featured_media_urls":{"thumbnail":["https:\/\/smartal.ee\/wp-content\/uploads\/2024\/01\/637b57adc8be7_MWP12103225_S_1_web-150x150.jpg",150,150,true],"post_slider_layout_landscape_large":["https:\/\/smartal.ee\/wp-content\/uploads\/2024\/01\/637b57adc8be7_MWP12103225_S_1_web-1000x800.jpg",1000,800,true],"post_slider_layout_portrait_large":["https:\/\/smartal.ee\/wp-content\/uploads\/2024\/01\/637b57adc8be7_MWP12103225_S_1_web.jpg",1000,1000,false],"post_slider_layout_square_large":["https:\/\/smartal.ee\/wp-content\/uploads\/2024\/01\/637b57adc8be7_MWP12103225_S_1_web.jpg",1000,1000,false],"post_slider_layout_landscape":["https:\/\/smartal.ee\/wp-content\/uploads\/2024\/01\/637b57adc8be7_MWP12103225_S_1_web-600x400.jpg",600,400,true],"post_slider_layout_portrait":["https:\/\/smartal.ee\/wp-content\/uploads\/2024\/01\/637b57adc8be7_MWP12103225_S_1_web-600x900.jpg",600,900,true],"post_slider_layout_square":["https:\/\/smartal.ee\/wp-content\/uploads\/2024\/01\/637b57adc8be7_MWP12103225_S_1_web-600x600.jpg",600,600,true],"full":["https:\/\/smartal.ee\/wp-content\/uploads\/2024\/01\/637b57adc8be7_MWP12103225_S_1_web.jpg",1000,1000,false]},"_links":{"self":[{"href":"https:\/\/smartal.ee\/ru\/wp-json\/wp\/v2\/product\/5433","targetHints":{"allow":["GET"]}}],"collection":[{"href":"https:\/\/smartal.ee\/ru\/wp-json\/wp\/v2\/product"}],"about":[{"href":"https:\/\/smartal.ee\/ru\/wp-json\/wp\/v2\/types\/product"}],"wp:featuredmedia":[{"embeddable":true,"href":"https:\/\/smartal.ee\/ru\/wp-json\/wp\/v2\/media\/5434"}],"wp:attachment":[{"href":"https:\/\/smartal.ee\/ru\/wp-json\/wp\/v2\/media?parent=5433"}],"wp:term":[{"taxonomy":"product_brand","embeddable":true,"href":"https:\/\/smartal.ee\/ru\/wp-json\/wp\/v2\/product_brand?post=5433"},{"taxonomy":"product_cat","embeddable":true,"href":"https:\/\/smartal.ee\/ru\/wp-json\/wp\/v2\/product_cat?post=5433"},{"taxonomy":"product_tag","embeddable":true,"href":"https:\/\/smartal.ee\/ru\/wp-json\/wp\/v2\/product_tag?post=5433"}],"curies":[{"name":"wp","href":"https:\/\/api.w.org\/{rel}","templated":true}]}}