{"id":5571,"date":"2024-01-29T13:09:29","date_gmt":"2024-01-29T13:09:29","guid":{"rendered":"https:\/\/smartal.ee\/?post_type=product&#038;p=5571"},"modified":"2025-07-24T13:28:09","modified_gmt":"2025-07-24T10:28:09","slug":"m12-anduri-pur-kaabel-tuup-a-5m-m12-4pa-5m-ots","status":"publish","type":"product","link":"https:\/\/smartal.ee\/ru\/shop\/uncategorized\/andurid\/anduri-tarvikud\/m12-anduri-pur-kaabel-tuup-a-5m-m12-4pa-5m-ots\/","title":{"rendered":"M12 anduri PUR kaabel T\u00fc\u00fcp A 5m M12-4PA-5M-OTS"},"content":{"rendered":"<h4 class=\"base title\">Andurikaabel M12, 4-pin otse, t\u00fc\u00fcp A, emane, PUR, 5 m<br \/>\nT\u00f6\u00f6temperatuur: -25\u2103~85\u2103<\/h4>\n<h3><\/h3>\n<h4><\/h4>","protected":false},"excerpt":{"rendered":"<p>Andurikaabel M12, 4-pin otse, t\u00fc\u00fcp A, emane, PUR, 5 m T\u00f6\u00f6temperatuur: -25\u2103~85\u2103<\/p>","protected":false},"featured_media":5533,"template":"","meta":{"_regular_price":["13.69"],"currency_symbol":[],"ub_ctt_via":""},"product_brand":[],"product_cat":[120],"product_tag":[],"class_list":{"0":"post-5571","1":"product","2":"type-product","3":"status-publish","4":"has-post-thumbnail","6":"product_cat-anduri-tarvikud","8":"first","9":"instock","10":"taxable","11":"shipping-taxable","12":"purchasable","13":"product-type-simple"},"post_slider_layout_featured_media_urls":{"thumbnail":["https:\/\/smartal.ee\/wp-content\/uploads\/2024\/01\/m8-fs4-pur-3m-150x150.png",150,150,true],"post_slider_layout_landscape_large":["https:\/\/smartal.ee\/wp-content\/uploads\/2024\/01\/m8-fs4-pur-3m.png",300,300,false],"post_slider_layout_portrait_large":["https:\/\/smartal.ee\/wp-content\/uploads\/2024\/01\/m8-fs4-pur-3m.png",300,300,false],"post_slider_layout_square_large":["https:\/\/smartal.ee\/wp-content\/uploads\/2024\/01\/m8-fs4-pur-3m.png",300,300,false],"post_slider_layout_landscape":["https:\/\/smartal.ee\/wp-content\/uploads\/2024\/01\/m8-fs4-pur-3m.png",300,300,false],"post_slider_layout_portrait":["https:\/\/smartal.ee\/wp-content\/uploads\/2024\/01\/m8-fs4-pur-3m.png",300,300,false],"post_slider_layout_square":["https:\/\/smartal.ee\/wp-content\/uploads\/2024\/01\/m8-fs4-pur-3m.png",300,300,false],"full":["https:\/\/smartal.ee\/wp-content\/uploads\/2024\/01\/m8-fs4-pur-3m.png",300,300,false]},"_links":{"self":[{"href":"https:\/\/smartal.ee\/ru\/wp-json\/wp\/v2\/product\/5571","targetHints":{"allow":["GET"]}}],"collection":[{"href":"https:\/\/smartal.ee\/ru\/wp-json\/wp\/v2\/product"}],"about":[{"href":"https:\/\/smartal.ee\/ru\/wp-json\/wp\/v2\/types\/product"}],"wp:featuredmedia":[{"embeddable":true,"href":"https:\/\/smartal.ee\/ru\/wp-json\/wp\/v2\/media\/5533"}],"wp:attachment":[{"href":"https:\/\/smartal.ee\/ru\/wp-json\/wp\/v2\/media?parent=5571"}],"wp:term":[{"taxonomy":"product_brand","embeddable":true,"href":"https:\/\/smartal.ee\/ru\/wp-json\/wp\/v2\/product_brand?post=5571"},{"taxonomy":"product_cat","embeddable":true,"href":"https:\/\/smartal.ee\/ru\/wp-json\/wp\/v2\/product_cat?post=5571"},{"taxonomy":"product_tag","embeddable":true,"href":"https:\/\/smartal.ee\/ru\/wp-json\/wp\/v2\/product_tag?post=5571"}],"curies":[{"name":"wp","href":"https:\/\/api.w.org\/{rel}","templated":true}]}}