{"id":5728,"date":"2024-02-02T09:51:30","date_gmt":"2024-02-02T09:51:30","guid":{"rendered":"https:\/\/smartal.ee\/?post_type=product&#038;p=5728"},"modified":"2025-07-30T13:33:22","modified_gmt":"2025-07-30T10:33:22","slug":"crc-deruster-crc-5-56-pro-500ml","status":"publish","type":"product","link":"https:\/\/smartal.ee\/ru\/shop\/tookoja-ja-toostuskeemia\/crc-deruster-crc-5-56-pro-500ml\/","title":{"rendered":"CRC 5-56 PTFE 500\/650ml"},"content":{"rendered":"<div class=\"page-title-wrapper product\">\n<h1 class=\"page-title\"><span class=\"base\" data-ui-id=\"page-title-wrapper\">CRC 5-56 PTFE 500\/650ml<\/span><\/h1>\n<\/div>\n<div class=\"product attribute techname\">33199 Clever-Straw otsikuga univ.ol<\/div>\n<h4 class=\"product_cart_item_technical_description\">Multi-purpose service spray. Releases rusted parts. Removes moisture, enables the start-up of damp engines, prevents electrical malfunctions. Lubricates, stops squeaking, releases stuck mechanisms. Protects metals from moisture and corrosion and prevents rust.<\/h4>\n<h4 class=\"product_cart_item_technical_description\">Universaalne aerosool (0,5L) &#8211; WD-40 imbub k\u00f5ikjale ning m\u00e4\u00e4rib detailide ja mehhanismide liikuvaid osi tagades nende veatu ja t\u00f5husa t\u00f6\u00f6<\/h4>\n<h4><\/h4>","protected":false},"excerpt":{"rendered":"<p>CRC 5-56 PTFE 500\/650ml 33199 Clever-Straw otsikuga univ.ol Multi-purpose service spray. Releases rusted parts. Removes moisture, enables the start-up of damp engines, prevents electrical malfunctions. Lubricates, stops squeaking, releases stuck mechanisms. Protects metals from moisture and corrosion and prevents rust. Universaalne aerosool (0,5L) &#8211; WD-40 imbub k\u00f5ikjale ning m\u00e4\u00e4rib detailide ja mehhanismide liikuvaid osi tagades [&hellip;]<\/p>","protected":false},"featured_media":7532,"template":"","meta":{"_regular_price":["15.99"],"currency_symbol":[],"ub_ctt_via":""},"product_brand":[],"product_cat":[132],"product_tag":[],"class_list":{"0":"post-5728","1":"product","2":"type-product","3":"status-publish","4":"has-post-thumbnail","6":"product_cat-tookoja-ja-toostuskeemia","8":"first","9":"instock","10":"taxable","11":"shipping-taxable","12":"purchasable","13":"product-type-simple"},"post_slider_layout_featured_media_urls":{"thumbnail":["https:\/\/smartal.ee\/wp-content\/uploads\/2024\/02\/10340007324_1_600-150x150.jpg",150,150,true],"post_slider_layout_landscape_large":["https:\/\/smartal.ee\/wp-content\/uploads\/2024\/02\/10340007324_1_600.jpg",195,600,false],"post_slider_layout_portrait_large":["https:\/\/smartal.ee\/wp-content\/uploads\/2024\/02\/10340007324_1_600.jpg",195,600,false],"post_slider_layout_square_large":["https:\/\/smartal.ee\/wp-content\/uploads\/2024\/02\/10340007324_1_600.jpg",195,600,false],"post_slider_layout_landscape":["https:\/\/smartal.ee\/wp-content\/uploads\/2024\/02\/10340007324_1_600.jpg",130,400,false],"post_slider_layout_portrait":["https:\/\/smartal.ee\/wp-content\/uploads\/2024\/02\/10340007324_1_600.jpg",195,600,false],"post_slider_layout_square":["https:\/\/smartal.ee\/wp-content\/uploads\/2024\/02\/10340007324_1_600.jpg",195,600,false],"full":["https:\/\/smartal.ee\/wp-content\/uploads\/2024\/02\/10340007324_1_600.jpg",195,600,false]},"_links":{"self":[{"href":"https:\/\/smartal.ee\/ru\/wp-json\/wp\/v2\/product\/5728","targetHints":{"allow":["GET"]}}],"collection":[{"href":"https:\/\/smartal.ee\/ru\/wp-json\/wp\/v2\/product"}],"about":[{"href":"https:\/\/smartal.ee\/ru\/wp-json\/wp\/v2\/types\/product"}],"wp:featuredmedia":[{"embeddable":true,"href":"https:\/\/smartal.ee\/ru\/wp-json\/wp\/v2\/media\/7532"}],"wp:attachment":[{"href":"https:\/\/smartal.ee\/ru\/wp-json\/wp\/v2\/media?parent=5728"}],"wp:term":[{"taxonomy":"product_brand","embeddable":true,"href":"https:\/\/smartal.ee\/ru\/wp-json\/wp\/v2\/product_brand?post=5728"},{"taxonomy":"product_cat","embeddable":true,"href":"https:\/\/smartal.ee\/ru\/wp-json\/wp\/v2\/product_cat?post=5728"},{"taxonomy":"product_tag","embeddable":true,"href":"https:\/\/smartal.ee\/ru\/wp-json\/wp\/v2\/product_tag?post=5728"}],"curies":[{"name":"wp","href":"https:\/\/api.w.org\/{rel}","templated":true}]}}